{"id":1237,"date":"2023-07-25T14:30:57","date_gmt":"2023-07-25T14:30:57","guid":{"rendered":"https:\/\/www.fiemg.com.br\/associativismo\/?page_id=1237"},"modified":"2024-04-11T17:23:32","modified_gmt":"2024-04-11T20:23:32","slug":"desenvolvimento-sindical","status":"publish","type":"page","link":"https:\/\/www.fiemg.com.br\/associativismo\/desenvolvimento-sindical\/","title":{"rendered":"Desenvolvimento Sindical"},"content":{"rendered":"<p><strong>Desenvolvimento Sindical\u00a0<\/strong>\u00e9 a \u00e1rea da FIEMG que visa a legaliza\u00e7\u00e3o e a melhoria da gest\u00e3o sindical, aprimorando as normas institucionais com \u00eanfase na transpar\u00eancia, no desenvolvimento de projetos para os sindicatos filiados e facilitando o relacionamento com a FIEMG, CIEMG, SESI, SENAI e IEL, em busca da auto sustentabilidade sindical.<\/p>\n<p>Desenvolvemos a\u00e7\u00f5es que promovem o fortalecimento da representatividade e o aumento do associativismo dos sindicatos filiados a FIEMG e, consequentemente, dos setores produtivos que estes representam, trabalhando fortemente na capacita\u00e7\u00e3o dos l\u00edderes e executivos sindicais.<\/p>\n<p>Trabalhamos por sindicatos atuantes, proativos, autossustent\u00e1veis,\u00a0<strong>transparentes e sustent\u00e1veis, indutores de transforma\u00e7\u00e3o<\/strong>, reconhecidos e que\u00a0<strong>contribuam para a competitividade das ind\u00fastrias do Estado de Minas Gerais<\/strong><\/p>\n<p>&nbsp;<\/p>\n<p><strong>N\u00daCLEOS\u00a0<\/strong><\/p>\n<p>&nbsp;<\/p>\n<p><strong>N\u00facleo de Inova\u00e7\u00e3o e Sustentabilidade Sindical:<\/strong>\u00a0Monitoramento, comunica\u00e7\u00e3o, projetos e eventos sindicais<\/p>\n<p>Coordena\u00e7\u00e3o: Priscila Louren\u00e7o Souza \u2013\u00a0<a href=\"mailto:priscila.souza@fiemg.com.br\">priscila.souza@fiemg.com.br<\/a><\/p>\n<p>&nbsp;<\/p>\n<p><strong>N\u00facleo de Legaliza\u00e7\u00e3o Sindical:\u00a0<\/strong>enquadramento de ind\u00fastrias aos sindicatos empresariais e legaliza\u00e7\u00e3o sindical.<\/p>\n<p>Coordena\u00e7\u00e3o: Naiara Mendicino \u2013\u00a0<a href=\"mailto:nmendicino@fiemg.com.br\">nmendicino@fiemg.com.br<\/a><\/p>\n<p>&nbsp;<\/p>\n<p><strong>N\u00facleo a Apoio a Gest\u00e3o <\/strong><\/p>\n<p>Coordena\u00e7\u00e3o: Jaqueline Curto Coelho &#8211; <a href=\"mailto:jaqueline.coelho@fiemg.com.br\">jaqueline.coelho@fiemg.com.br<\/a><\/p>\n<p>&nbsp;<\/p>\n","protected":false},"excerpt":{"rendered":"<p>Desenvolvimento Sindical\u00a0\u00e9 a \u00e1rea da FIEMG que visa a legaliza\u00e7\u00e3o e a melhoria da gest\u00e3o sindical, aprimorando as normas institucionais com \u00eanfase na transpar\u00eancia, no desenvolvimento de projetos para os sindicatos filiados e facilitando o relacionamento com a FIEMG, CIEMG, SESI, SENAI e IEL, em busca da auto sustentabilidade sindical. Desenvolvemos a\u00e7\u00f5es que promovem o [&hellip;]<\/p>\n","protected":false},"author":1,"featured_media":1280,"parent":0,"menu_order":0,"comment_status":"closed","ping_status":"closed","template":"","meta":{"footnotes":""},"class_list":["post-1237","page","type-page","status-publish","has-post-thumbnail","hentry"],"acf":[],"yoast_head":"<!-- This site is optimized with the Yoast SEO plugin v26.2 - https:\/\/yoast.com\/wordpress\/plugins\/seo\/ -->\n<title>Desenvolvimento Sindical - Associativismo<\/title>\n<meta name=\"robots\" content=\"index, follow, max-snippet:-1, max-image-preview:large, max-video-preview:-1\" \/>\n<link rel=\"canonical\" href=\"https:\/\/www.fiemg.com.br\/associativismo\/desenvolvimento-sindical\/\" \/>\n<meta property=\"og:locale\" content=\"pt_BR\" \/>\n<meta property=\"og:type\" content=\"article\" \/>\n<meta property=\"og:title\" content=\"Desenvolvimento Sindical - Associativismo\" \/>\n<meta property=\"og:description\" content=\"Desenvolvimento Sindical\u00a0\u00e9 a \u00e1rea da FIEMG que visa a legaliza\u00e7\u00e3o e a melhoria da gest\u00e3o sindical, aprimorando as normas institucionais com \u00eanfase na transpar\u00eancia, no desenvolvimento de projetos para os sindicatos filiados e facilitando o relacionamento com a FIEMG, CIEMG, SESI, SENAI e IEL, em busca da auto sustentabilidade sindical. Desenvolvemos a\u00e7\u00f5es que promovem o [&hellip;]\" \/>\n<meta property=\"og:url\" content=\"https:\/\/www.fiemg.com.br\/associativismo\/desenvolvimento-sindical\/\" \/>\n<meta property=\"og:site_name\" content=\"Associativismo\" \/>\n<meta property=\"article:modified_time\" content=\"2024-04-11T20:23:32+00:00\" \/>\n<meta property=\"og:image\" content=\"https:\/\/www.fiemg.com.br\/associativismo\/wp-content\/uploads\/sites\/29\/2023\/08\/Desenvolvimento-sindical-1.png\" \/>\n\t<meta property=\"og:image:width\" content=\"669\" \/>\n\t<meta property=\"og:image:height\" content=\"240\" \/>\n\t<meta property=\"og:image:type\" content=\"image\/png\" \/>\n<meta name=\"twitter:card\" content=\"summary_large_image\" \/>\n<meta name=\"twitter:label1\" content=\"Est. tempo de leitura\" \/>\n\t<meta name=\"twitter:data1\" content=\"1 minuto\" \/>\n<script type=\"application\/ld+json\" class=\"yoast-schema-graph\">{\"@context\":\"https:\/\/schema.org\",\"@graph\":[{\"@type\":\"WebPage\",\"@id\":\"https:\/\/www.fiemg.com.br\/associativismo\/desenvolvimento-sindical\/\",\"url\":\"https:\/\/www.fiemg.com.br\/associativismo\/desenvolvimento-sindical\/\",\"name\":\"Desenvolvimento Sindical - Associativismo\",\"isPartOf\":{\"@id\":\"https:\/\/www.fiemg.com.br\/associativismo\/#website\"},\"primaryImageOfPage\":{\"@id\":\"https:\/\/www.fiemg.com.br\/associativismo\/desenvolvimento-sindical\/#primaryimage\"},\"image\":{\"@id\":\"https:\/\/www.fiemg.com.br\/associativismo\/desenvolvimento-sindical\/#primaryimage\"},\"thumbnailUrl\":\"https:\/\/www.fiemg.com.br\/associativismo\/wp-content\/uploads\/sites\/29\/2023\/08\/Desenvolvimento-sindical-1.png\",\"datePublished\":\"2023-07-25T14:30:57+00:00\",\"dateModified\":\"2024-04-11T20:23:32+00:00\",\"breadcrumb\":{\"@id\":\"https:\/\/www.fiemg.com.br\/associativismo\/desenvolvimento-sindical\/#breadcrumb\"},\"inLanguage\":\"pt-BR\",\"potentialAction\":[{\"@type\":\"ReadAction\",\"target\":[\"https:\/\/www.fiemg.com.br\/associativismo\/desenvolvimento-sindical\/\"]}]},{\"@type\":\"ImageObject\",\"inLanguage\":\"pt-BR\",\"@id\":\"https:\/\/www.fiemg.com.br\/associativismo\/desenvolvimento-sindical\/#primaryimage\",\"url\":\"https:\/\/www.fiemg.com.br\/associativismo\/wp-content\/uploads\/sites\/29\/2023\/08\/Desenvolvimento-sindical-1.png\",\"contentUrl\":\"https:\/\/www.fiemg.com.br\/associativismo\/wp-content\/uploads\/sites\/29\/2023\/08\/Desenvolvimento-sindical-1.png\",\"width\":669,\"height\":240},{\"@type\":\"BreadcrumbList\",\"@id\":\"https:\/\/www.fiemg.com.br\/associativismo\/desenvolvimento-sindical\/#breadcrumb\",\"itemListElement\":[{\"@type\":\"ListItem\",\"position\":1,\"name\":\"In\u00edcio\",\"item\":\"https:\/\/www.fiemg.com.br\/associativismo\/\"},{\"@type\":\"ListItem\",\"position\":2,\"name\":\"Desenvolvimento Sindical\"}]},{\"@type\":\"WebSite\",\"@id\":\"https:\/\/www.fiemg.com.br\/associativismo\/#website\",\"url\":\"https:\/\/www.fiemg.com.br\/associativismo\/\",\"name\":\"Associativismo\",\"description\":\"Federa\u00e7\u00e3o das Ind\u00fastrias do Estado de Minas Gerais\",\"publisher\":{\"@id\":\"https:\/\/www.fiemg.com.br\/associativismo\/#organization\"},\"potentialAction\":[{\"@type\":\"SearchAction\",\"target\":{\"@type\":\"EntryPoint\",\"urlTemplate\":\"https:\/\/www.fiemg.com.br\/associativismo\/?s={search_term_string}\"},\"query-input\":{\"@type\":\"PropertyValueSpecification\",\"valueRequired\":true,\"valueName\":\"search_term_string\"}}],\"inLanguage\":\"pt-BR\"},{\"@type\":\"Organization\",\"@id\":\"https:\/\/www.fiemg.com.br\/associativismo\/#organization\",\"name\":\"Associativismo\",\"url\":\"https:\/\/www.fiemg.com.br\/associativismo\/\",\"logo\":{\"@type\":\"ImageObject\",\"inLanguage\":\"pt-BR\",\"@id\":\"https:\/\/www.fiemg.com.br\/associativismo\/#\/schema\/logo\/image\/\",\"url\":\"https:\/\/www.fiemg.com.br\/associativismo\/wp-content\/uploads\/sites\/29\/2023\/02\/fiemg_branco.svg\",\"contentUrl\":\"https:\/\/www.fiemg.com.br\/associativismo\/wp-content\/uploads\/sites\/29\/2023\/02\/fiemg_branco.svg\",\"width\":561,\"height\":147,\"caption\":\"Associativismo\"},\"image\":{\"@id\":\"https:\/\/www.fiemg.com.br\/associativismo\/#\/schema\/logo\/image\/\"}}]}<\/script>\n<!-- \/ Yoast SEO plugin. -->","yoast_head_json":{"title":"Desenvolvimento Sindical - Associativismo","robots":{"index":"index","follow":"follow","max-snippet":"max-snippet:-1","max-image-preview":"max-image-preview:large","max-video-preview":"max-video-preview:-1"},"canonical":"https:\/\/www.fiemg.com.br\/associativismo\/desenvolvimento-sindical\/","og_locale":"pt_BR","og_type":"article","og_title":"Desenvolvimento Sindical - Associativismo","og_description":"Desenvolvimento Sindical\u00a0\u00e9 a \u00e1rea da FIEMG que visa a legaliza\u00e7\u00e3o e a melhoria da gest\u00e3o sindical, aprimorando as normas institucionais com \u00eanfase na transpar\u00eancia, no desenvolvimento de projetos para os sindicatos filiados e facilitando o relacionamento com a FIEMG, CIEMG, SESI, SENAI e IEL, em busca da auto sustentabilidade sindical. Desenvolvemos a\u00e7\u00f5es que promovem o [&hellip;]","og_url":"https:\/\/www.fiemg.com.br\/associativismo\/desenvolvimento-sindical\/","og_site_name":"Associativismo","article_modified_time":"2024-04-11T20:23:32+00:00","og_image":[{"width":669,"height":240,"url":"https:\/\/www.fiemg.com.br\/associativismo\/wp-content\/uploads\/sites\/29\/2023\/08\/Desenvolvimento-sindical-1.png","type":"image\/png"}],"twitter_card":"summary_large_image","twitter_misc":{"Est. tempo de leitura":"1 minuto"},"schema":{"@context":"https:\/\/schema.org","@graph":[{"@type":"WebPage","@id":"https:\/\/www.fiemg.com.br\/associativismo\/desenvolvimento-sindical\/","url":"https:\/\/www.fiemg.com.br\/associativismo\/desenvolvimento-sindical\/","name":"Desenvolvimento Sindical - Associativismo","isPartOf":{"@id":"https:\/\/www.fiemg.com.br\/associativismo\/#website"},"primaryImageOfPage":{"@id":"https:\/\/www.fiemg.com.br\/associativismo\/desenvolvimento-sindical\/#primaryimage"},"image":{"@id":"https:\/\/www.fiemg.com.br\/associativismo\/desenvolvimento-sindical\/#primaryimage"},"thumbnailUrl":"https:\/\/www.fiemg.com.br\/associativismo\/wp-content\/uploads\/sites\/29\/2023\/08\/Desenvolvimento-sindical-1.png","datePublished":"2023-07-25T14:30:57+00:00","dateModified":"2024-04-11T20:23:32+00:00","breadcrumb":{"@id":"https:\/\/www.fiemg.com.br\/associativismo\/desenvolvimento-sindical\/#breadcrumb"},"inLanguage":"pt-BR","potentialAction":[{"@type":"ReadAction","target":["https:\/\/www.fiemg.com.br\/associativismo\/desenvolvimento-sindical\/"]}]},{"@type":"ImageObject","inLanguage":"pt-BR","@id":"https:\/\/www.fiemg.com.br\/associativismo\/desenvolvimento-sindical\/#primaryimage","url":"https:\/\/www.fiemg.com.br\/associativismo\/wp-content\/uploads\/sites\/29\/2023\/08\/Desenvolvimento-sindical-1.png","contentUrl":"https:\/\/www.fiemg.com.br\/associativismo\/wp-content\/uploads\/sites\/29\/2023\/08\/Desenvolvimento-sindical-1.png","width":669,"height":240},{"@type":"BreadcrumbList","@id":"https:\/\/www.fiemg.com.br\/associativismo\/desenvolvimento-sindical\/#breadcrumb","itemListElement":[{"@type":"ListItem","position":1,"name":"In\u00edcio","item":"https:\/\/www.fiemg.com.br\/associativismo\/"},{"@type":"ListItem","position":2,"name":"Desenvolvimento Sindical"}]},{"@type":"WebSite","@id":"https:\/\/www.fiemg.com.br\/associativismo\/#website","url":"https:\/\/www.fiemg.com.br\/associativismo\/","name":"Associativismo","description":"Federa\u00e7\u00e3o das Ind\u00fastrias do Estado de Minas Gerais","publisher":{"@id":"https:\/\/www.fiemg.com.br\/associativismo\/#organization"},"potentialAction":[{"@type":"SearchAction","target":{"@type":"EntryPoint","urlTemplate":"https:\/\/www.fiemg.com.br\/associativismo\/?s={search_term_string}"},"query-input":{"@type":"PropertyValueSpecification","valueRequired":true,"valueName":"search_term_string"}}],"inLanguage":"pt-BR"},{"@type":"Organization","@id":"https:\/\/www.fiemg.com.br\/associativismo\/#organization","name":"Associativismo","url":"https:\/\/www.fiemg.com.br\/associativismo\/","logo":{"@type":"ImageObject","inLanguage":"pt-BR","@id":"https:\/\/www.fiemg.com.br\/associativismo\/#\/schema\/logo\/image\/","url":"https:\/\/www.fiemg.com.br\/associativismo\/wp-content\/uploads\/sites\/29\/2023\/02\/fiemg_branco.svg","contentUrl":"https:\/\/www.fiemg.com.br\/associativismo\/wp-content\/uploads\/sites\/29\/2023\/02\/fiemg_branco.svg","width":561,"height":147,"caption":"Associativismo"},"image":{"@id":"https:\/\/www.fiemg.com.br\/associativismo\/#\/schema\/logo\/image\/"}}]}},"_links":{"self":[{"href":"https:\/\/www.fiemg.com.br\/associativismo\/wp-json\/wp\/v2\/pages\/1237","targetHints":{"allow":["GET"]}}],"collection":[{"href":"https:\/\/www.fiemg.com.br\/associativismo\/wp-json\/wp\/v2\/pages"}],"about":[{"href":"https:\/\/www.fiemg.com.br\/associativismo\/wp-json\/wp\/v2\/types\/page"}],"author":[{"embeddable":true,"href":"https:\/\/www.fiemg.com.br\/associativismo\/wp-json\/wp\/v2\/users\/1"}],"replies":[{"embeddable":true,"href":"https:\/\/www.fiemg.com.br\/associativismo\/wp-json\/wp\/v2\/comments?post=1237"}],"version-history":[{"count":0,"href":"https:\/\/www.fiemg.com.br\/associativismo\/wp-json\/wp\/v2\/pages\/1237\/revisions"}],"wp:featuredmedia":[{"embeddable":true,"href":"https:\/\/www.fiemg.com.br\/associativismo\/wp-json\/wp\/v2\/media\/1280"}],"wp:attachment":[{"href":"https:\/\/www.fiemg.com.br\/associativismo\/wp-json\/wp\/v2\/media?parent=1237"}],"curies":[{"name":"wp","href":"https:\/\/api.w.org\/{rel}","templated":true}]}}