{"id":1238,"date":"2023-07-25T14:31:50","date_gmt":"2023-07-25T14:31:50","guid":{"rendered":"https:\/\/www.fiemg.com.br\/associativismo\/?page_id=1238"},"modified":"2023-10-20T15:54:07","modified_gmt":"2023-10-20T18:54:07","slug":"duvidas-frequentes","status":"publish","type":"page","link":"https:\/\/www.fiemg.com.br\/associativismo\/duvidas-frequentes\/","title":{"rendered":"D\u00favidas Frequentes"},"content":{"rendered":"<p style=\"text-align: justify\"><strong>Onde conseguir a Guia de Contribui\u00e7\u00e3o Sindical do Empregado?<\/strong><\/p>\n<p style=\"text-align: justify\">A Guia de Recolhimento do Empregado \u00e9 emitida pelo Sindicato de Classe, conforme fun\u00e7\u00e3o de cada trabalhador.<\/p>\n<p style=\"text-align: justify\"><strong>Onde conseguir a Conven\u00e7\u00e3o Coletiva de Trabalho?<\/strong><\/p>\n<p style=\"text-align: justify\">A Conven\u00e7\u00e3o Coletiva pode ser adquirida no Sindicato Patronal que a empresa \u00e9 filiada,\u00a0 nos Sindicatos de Classe ou na Ger\u00eancia Trabalhista pelo telefone (31) 3263-4395.<\/p>\n<p style=\"text-align: justify\"><strong>Onde conseguir a Guia de Contribui\u00e7\u00e3o Sindical Patronal?<\/strong><\/p>\n<p style=\"text-align: justify\"><a href=\"http:\/\/sindical.sistemaindustria.org.br\/SEGR8GRCSUp002.ASP\">Clique aqui<\/a>\u00a0para gerar e imprimir a guia de Contribui\u00e7\u00e3o Sindical Patronal das ind\u00fastrias.<\/p>\n<p style=\"text-align: justify\"><strong>Como fa\u00e7o para receber o Certificado de Quita\u00e7\u00e3o Sindical Patronal?<\/strong><\/p>\n<p style=\"text-align: justify\">Entre em contato com o setor de Cadastro e Receita pelos telefones\u00a0 (31) 3282-7906\/6322\/3610 ou pelo e-mail\u00a0<a href=\"mailto:cadastro@fiemg.com.br\">cadastro@fiemg.com.br<\/a>. Informe o CNPJ e o nome da empresa.<\/p>\n<p style=\"text-align: justify\"><strong>Como posso filiar uma empresa a um Sindicato Patronal?<\/strong><\/p>\n<p style=\"text-align: justify\">O cadastro pode ser realizado por e-mail ou por fax. Envie o Contrato Social e a \u00faltima Altera\u00e7\u00e3o Contratual juntamente com o n\u00famero do CNPJ da empresa para o e-mail\u00a0<a href=\"mailto:cadastro@fiemg.com.br\">cadastro@fiemg.com.br<\/a>\u00a0\u00a0ou pelo fax (31) 3284-4112.<\/p>\n<p style=\"text-align: justify\"><strong>Onde conseguir informa\u00e7\u00f5es sobre a arrecada\u00e7\u00e3o SESI\/SENAI?<\/strong><\/p>\n<p style=\"text-align: justify\">Entre em contato com o N\u00facleo de Arrecada\u00e7\u00e3o e Fiscaliza\u00e7\u00e3o pelo telefone (31) 3263-4225.<\/p>\n<p style=\"text-align: justify\"><strong>Onde adquirir o Cadastro Industrial?<\/strong><\/p>\n<p style=\"text-align: justify\">Solicite no Centro Industrial e Empresarial de Minas Gerais\u2013 CIEMG pelo telefone (31) 3362-5666.<\/p>\n<p style=\"text-align: justify\"><strong>Onde consigo a tabela para c\u00e1lculo da Contribui\u00e7\u00e3o Sindical Patronal?<\/strong><\/p>\n<p style=\"text-align: justify\"><a href=\"https:\/\/static-cms-si.s3.amazonaws.com\/media\/filer_public\/6c\/56\/6c568b01-d843-4051-a44c-77263b258ef9\/tabela_da_contribuicao_sindical_2018_inpc_040118.pdf\" target=\"_blank\" rel=\"noopener\">Clique aqui<\/a>\u00a0para ter acesso \u00e0 tabela da CNI que \u00e9 utilizada para calcular a Contribui\u00e7\u00e3o Sindical Patronal das ind\u00fastrias.<\/p>\n","protected":false},"excerpt":{"rendered":"<p>Onde conseguir a Guia de Contribui\u00e7\u00e3o Sindical do Empregado? A Guia de Recolhimento do Empregado \u00e9 emitida pelo Sindicato de Classe, conforme fun\u00e7\u00e3o de cada trabalhador. Onde conseguir a Conven\u00e7\u00e3o Coletiva de Trabalho? A Conven\u00e7\u00e3o Coletiva pode ser adquirida no Sindicato Patronal que a empresa \u00e9 filiada,\u00a0 nos Sindicatos de Classe ou na Ger\u00eancia Trabalhista [&hellip;]<\/p>\n","protected":false},"author":1,"featured_media":1418,"parent":0,"menu_order":0,"comment_status":"closed","ping_status":"closed","template":"","meta":{"footnotes":""},"class_list":["post-1238","page","type-page","status-publish","has-post-thumbnail","hentry"],"acf":[],"yoast_head":"<!-- This site is optimized with the Yoast SEO plugin v26.2 - https:\/\/yoast.com\/wordpress\/plugins\/seo\/ -->\n<title>D\u00favidas Frequentes - Associativismo<\/title>\n<meta name=\"robots\" content=\"index, follow, max-snippet:-1, max-image-preview:large, max-video-preview:-1\" \/>\n<link rel=\"canonical\" href=\"https:\/\/www.fiemg.com.br\/associativismo\/duvidas-frequentes\/\" \/>\n<meta property=\"og:locale\" content=\"pt_BR\" \/>\n<meta property=\"og:type\" content=\"article\" \/>\n<meta property=\"og:title\" content=\"D\u00favidas Frequentes - Associativismo\" \/>\n<meta property=\"og:description\" content=\"Onde conseguir a Guia de Contribui\u00e7\u00e3o Sindical do Empregado? A Guia de Recolhimento do Empregado \u00e9 emitida pelo Sindicato de Classe, conforme fun\u00e7\u00e3o de cada trabalhador. Onde conseguir a Conven\u00e7\u00e3o Coletiva de Trabalho? A Conven\u00e7\u00e3o Coletiva pode ser adquirida no Sindicato Patronal que a empresa \u00e9 filiada,\u00a0 nos Sindicatos de Classe ou na Ger\u00eancia Trabalhista [&hellip;]\" \/>\n<meta property=\"og:url\" content=\"https:\/\/www.fiemg.com.br\/associativismo\/duvidas-frequentes\/\" \/>\n<meta property=\"og:site_name\" content=\"Associativismo\" \/>\n<meta property=\"article:modified_time\" content=\"2023-10-20T18:54:07+00:00\" \/>\n<meta property=\"og:image\" content=\"https:\/\/www.fiemg.com.br\/associativismo\/wp-content\/uploads\/sites\/29\/2023\/08\/default.png\" \/>\n\t<meta property=\"og:image:width\" content=\"300\" \/>\n\t<meta property=\"og:image:height\" content=\"300\" \/>\n\t<meta property=\"og:image:type\" content=\"image\/png\" \/>\n<meta name=\"twitter:card\" content=\"summary_large_image\" \/>\n<script type=\"application\/ld+json\" class=\"yoast-schema-graph\">{\"@context\":\"https:\/\/schema.org\",\"@graph\":[{\"@type\":\"WebPage\",\"@id\":\"https:\/\/www.fiemg.com.br\/associativismo\/duvidas-frequentes\/\",\"url\":\"https:\/\/www.fiemg.com.br\/associativismo\/duvidas-frequentes\/\",\"name\":\"D\u00favidas Frequentes - Associativismo\",\"isPartOf\":{\"@id\":\"https:\/\/www.fiemg.com.br\/associativismo\/#website\"},\"primaryImageOfPage\":{\"@id\":\"https:\/\/www.fiemg.com.br\/associativismo\/duvidas-frequentes\/#primaryimage\"},\"image\":{\"@id\":\"https:\/\/www.fiemg.com.br\/associativismo\/duvidas-frequentes\/#primaryimage\"},\"thumbnailUrl\":\"https:\/\/www.fiemg.com.br\/associativismo\/wp-content\/uploads\/sites\/29\/2023\/08\/default.png\",\"datePublished\":\"2023-07-25T14:31:50+00:00\",\"dateModified\":\"2023-10-20T18:54:07+00:00\",\"breadcrumb\":{\"@id\":\"https:\/\/www.fiemg.com.br\/associativismo\/duvidas-frequentes\/#breadcrumb\"},\"inLanguage\":\"pt-BR\",\"potentialAction\":[{\"@type\":\"ReadAction\",\"target\":[\"https:\/\/www.fiemg.com.br\/associativismo\/duvidas-frequentes\/\"]}]},{\"@type\":\"ImageObject\",\"inLanguage\":\"pt-BR\",\"@id\":\"https:\/\/www.fiemg.com.br\/associativismo\/duvidas-frequentes\/#primaryimage\",\"url\":\"https:\/\/www.fiemg.com.br\/associativismo\/wp-content\/uploads\/sites\/29\/2023\/08\/default.png\",\"contentUrl\":\"https:\/\/www.fiemg.com.br\/associativismo\/wp-content\/uploads\/sites\/29\/2023\/08\/default.png\",\"width\":300,\"height\":300},{\"@type\":\"BreadcrumbList\",\"@id\":\"https:\/\/www.fiemg.com.br\/associativismo\/duvidas-frequentes\/#breadcrumb\",\"itemListElement\":[{\"@type\":\"ListItem\",\"position\":1,\"name\":\"In\u00edcio\",\"item\":\"https:\/\/www.fiemg.com.br\/associativismo\/\"},{\"@type\":\"ListItem\",\"position\":2,\"name\":\"D\u00favidas Frequentes\"}]},{\"@type\":\"WebSite\",\"@id\":\"https:\/\/www.fiemg.com.br\/associativismo\/#website\",\"url\":\"https:\/\/www.fiemg.com.br\/associativismo\/\",\"name\":\"Associativismo\",\"description\":\"Federa\u00e7\u00e3o das Ind\u00fastrias do Estado de Minas Gerais\",\"publisher\":{\"@id\":\"https:\/\/www.fiemg.com.br\/associativismo\/#organization\"},\"potentialAction\":[{\"@type\":\"SearchAction\",\"target\":{\"@type\":\"EntryPoint\",\"urlTemplate\":\"https:\/\/www.fiemg.com.br\/associativismo\/?s={search_term_string}\"},\"query-input\":{\"@type\":\"PropertyValueSpecification\",\"valueRequired\":true,\"valueName\":\"search_term_string\"}}],\"inLanguage\":\"pt-BR\"},{\"@type\":\"Organization\",\"@id\":\"https:\/\/www.fiemg.com.br\/associativismo\/#organization\",\"name\":\"Associativismo\",\"url\":\"https:\/\/www.fiemg.com.br\/associativismo\/\",\"logo\":{\"@type\":\"ImageObject\",\"inLanguage\":\"pt-BR\",\"@id\":\"https:\/\/www.fiemg.com.br\/associativismo\/#\/schema\/logo\/image\/\",\"url\":\"https:\/\/www.fiemg.com.br\/associativismo\/wp-content\/uploads\/sites\/29\/2023\/02\/fiemg_branco.svg\",\"contentUrl\":\"https:\/\/www.fiemg.com.br\/associativismo\/wp-content\/uploads\/sites\/29\/2023\/02\/fiemg_branco.svg\",\"width\":561,\"height\":147,\"caption\":\"Associativismo\"},\"image\":{\"@id\":\"https:\/\/www.fiemg.com.br\/associativismo\/#\/schema\/logo\/image\/\"}}]}<\/script>\n<!-- \/ Yoast SEO plugin. -->","yoast_head_json":{"title":"D\u00favidas Frequentes - Associativismo","robots":{"index":"index","follow":"follow","max-snippet":"max-snippet:-1","max-image-preview":"max-image-preview:large","max-video-preview":"max-video-preview:-1"},"canonical":"https:\/\/www.fiemg.com.br\/associativismo\/duvidas-frequentes\/","og_locale":"pt_BR","og_type":"article","og_title":"D\u00favidas Frequentes - Associativismo","og_description":"Onde conseguir a Guia de Contribui\u00e7\u00e3o Sindical do Empregado? A Guia de Recolhimento do Empregado \u00e9 emitida pelo Sindicato de Classe, conforme fun\u00e7\u00e3o de cada trabalhador. Onde conseguir a Conven\u00e7\u00e3o Coletiva de Trabalho? A Conven\u00e7\u00e3o Coletiva pode ser adquirida no Sindicato Patronal que a empresa \u00e9 filiada,\u00a0 nos Sindicatos de Classe ou na Ger\u00eancia Trabalhista [&hellip;]","og_url":"https:\/\/www.fiemg.com.br\/associativismo\/duvidas-frequentes\/","og_site_name":"Associativismo","article_modified_time":"2023-10-20T18:54:07+00:00","og_image":[{"width":300,"height":300,"url":"https:\/\/www.fiemg.com.br\/associativismo\/wp-content\/uploads\/sites\/29\/2023\/08\/default.png","type":"image\/png"}],"twitter_card":"summary_large_image","schema":{"@context":"https:\/\/schema.org","@graph":[{"@type":"WebPage","@id":"https:\/\/www.fiemg.com.br\/associativismo\/duvidas-frequentes\/","url":"https:\/\/www.fiemg.com.br\/associativismo\/duvidas-frequentes\/","name":"D\u00favidas Frequentes - Associativismo","isPartOf":{"@id":"https:\/\/www.fiemg.com.br\/associativismo\/#website"},"primaryImageOfPage":{"@id":"https:\/\/www.fiemg.com.br\/associativismo\/duvidas-frequentes\/#primaryimage"},"image":{"@id":"https:\/\/www.fiemg.com.br\/associativismo\/duvidas-frequentes\/#primaryimage"},"thumbnailUrl":"https:\/\/www.fiemg.com.br\/associativismo\/wp-content\/uploads\/sites\/29\/2023\/08\/default.png","datePublished":"2023-07-25T14:31:50+00:00","dateModified":"2023-10-20T18:54:07+00:00","breadcrumb":{"@id":"https:\/\/www.fiemg.com.br\/associativismo\/duvidas-frequentes\/#breadcrumb"},"inLanguage":"pt-BR","potentialAction":[{"@type":"ReadAction","target":["https:\/\/www.fiemg.com.br\/associativismo\/duvidas-frequentes\/"]}]},{"@type":"ImageObject","inLanguage":"pt-BR","@id":"https:\/\/www.fiemg.com.br\/associativismo\/duvidas-frequentes\/#primaryimage","url":"https:\/\/www.fiemg.com.br\/associativismo\/wp-content\/uploads\/sites\/29\/2023\/08\/default.png","contentUrl":"https:\/\/www.fiemg.com.br\/associativismo\/wp-content\/uploads\/sites\/29\/2023\/08\/default.png","width":300,"height":300},{"@type":"BreadcrumbList","@id":"https:\/\/www.fiemg.com.br\/associativismo\/duvidas-frequentes\/#breadcrumb","itemListElement":[{"@type":"ListItem","position":1,"name":"In\u00edcio","item":"https:\/\/www.fiemg.com.br\/associativismo\/"},{"@type":"ListItem","position":2,"name":"D\u00favidas Frequentes"}]},{"@type":"WebSite","@id":"https:\/\/www.fiemg.com.br\/associativismo\/#website","url":"https:\/\/www.fiemg.com.br\/associativismo\/","name":"Associativismo","description":"Federa\u00e7\u00e3o das Ind\u00fastrias do Estado de Minas Gerais","publisher":{"@id":"https:\/\/www.fiemg.com.br\/associativismo\/#organization"},"potentialAction":[{"@type":"SearchAction","target":{"@type":"EntryPoint","urlTemplate":"https:\/\/www.fiemg.com.br\/associativismo\/?s={search_term_string}"},"query-input":{"@type":"PropertyValueSpecification","valueRequired":true,"valueName":"search_term_string"}}],"inLanguage":"pt-BR"},{"@type":"Organization","@id":"https:\/\/www.fiemg.com.br\/associativismo\/#organization","name":"Associativismo","url":"https:\/\/www.fiemg.com.br\/associativismo\/","logo":{"@type":"ImageObject","inLanguage":"pt-BR","@id":"https:\/\/www.fiemg.com.br\/associativismo\/#\/schema\/logo\/image\/","url":"https:\/\/www.fiemg.com.br\/associativismo\/wp-content\/uploads\/sites\/29\/2023\/02\/fiemg_branco.svg","contentUrl":"https:\/\/www.fiemg.com.br\/associativismo\/wp-content\/uploads\/sites\/29\/2023\/02\/fiemg_branco.svg","width":561,"height":147,"caption":"Associativismo"},"image":{"@id":"https:\/\/www.fiemg.com.br\/associativismo\/#\/schema\/logo\/image\/"}}]}},"_links":{"self":[{"href":"https:\/\/www.fiemg.com.br\/associativismo\/wp-json\/wp\/v2\/pages\/1238","targetHints":{"allow":["GET"]}}],"collection":[{"href":"https:\/\/www.fiemg.com.br\/associativismo\/wp-json\/wp\/v2\/pages"}],"about":[{"href":"https:\/\/www.fiemg.com.br\/associativismo\/wp-json\/wp\/v2\/types\/page"}],"author":[{"embeddable":true,"href":"https:\/\/www.fiemg.com.br\/associativismo\/wp-json\/wp\/v2\/users\/1"}],"replies":[{"embeddable":true,"href":"https:\/\/www.fiemg.com.br\/associativismo\/wp-json\/wp\/v2\/comments?post=1238"}],"version-history":[{"count":0,"href":"https:\/\/www.fiemg.com.br\/associativismo\/wp-json\/wp\/v2\/pages\/1238\/revisions"}],"wp:featuredmedia":[{"embeddable":true,"href":"https:\/\/www.fiemg.com.br\/associativismo\/wp-json\/wp\/v2\/media\/1418"}],"wp:attachment":[{"href":"https:\/\/www.fiemg.com.br\/associativismo\/wp-json\/wp\/v2\/media?parent=1238"}],"curies":[{"name":"wp","href":"https:\/\/api.w.org\/{rel}","templated":true}]}}