{"id":87,"date":"2025-07-14T16:58:55","date_gmt":"2025-07-14T19:58:55","guid":{"rendered":"https:\/\/www.fiemg.com.br\/cit\/?page_id=87"},"modified":"2025-07-14T17:02:24","modified_gmt":"2025-07-14T20:02:24","slug":"nossos-contatos","status":"publish","type":"page","link":"https:\/\/www.fiemg.com.br\/cit\/nossos-contatos\/","title":{"rendered":"Nossos contatos"},"content":{"rendered":"\t\t<div data-elementor-type=\"wp-page\" data-elementor-id=\"87\" class=\"elementor elementor-87\" data-elementor-post-type=\"page\">\n\t\t\t\t<div class=\"has_ae_slider elementor-element elementor-element-9a3c72a e-flex e-con-boxed ae-bg-gallery-type-default e-con e-parent\" data-id=\"9a3c72a\" data-element_type=\"container\">\n\t\t\t\t\t<div class=\"e-con-inner\">\n\t\t\t\t\t<\/div>\n\t\t\t\t<\/div>\n\t\t<div class=\"has_ae_slider elementor-element elementor-element-7f0ee2a e-flex e-con-boxed ae-bg-gallery-type-default e-con e-parent\" data-id=\"7f0ee2a\" data-element_type=\"container\" data-settings=\"{&quot;background_background&quot;:&quot;classic&quot;}\">\n\t\t\t\t\t<div class=\"e-con-inner\">\n\t\t\t\t<div class=\"elementor-element elementor-element-c463d68 elementor-widget elementor-widget-heading\" data-id=\"c463d68\" data-element_type=\"widget\" data-widget_type=\"heading.default\">\n\t\t\t\t<div class=\"elementor-widget-container\">\n\t\t\t\t\t<h2 class=\"elementor-heading-title elementor-size-default\">Endere\u00e7o e telefone<\/h2>\t\t\t\t<\/div>\n\t\t\t\t<\/div>\n\t\t\t\t<div class=\"elementor-element elementor-element-a664d03 elementor-widget elementor-widget-text-editor\" data-id=\"a664d03\" data-element_type=\"widget\" data-widget_type=\"text-editor.default\">\n\t\t\t\t<div class=\"elementor-widget-container\">\n\t\t\t\t\t\t\t\t\t<p>Av. Jos\u00e9 C\u00e2ndido da Silveira, 2000 &#8211; Horto<\/p><p>Belo Horizonte &#8211; MG<\/p><p>CEP 31035-536<\/p><p><a href=\"https:\/\/www.google.com\/maps\/place\/Av.+Jos%C3%A9+C%C3%A2ndido+da+Silveira,+2000+-+Cidade+Nova,+Belo+Horizonte+-+MG\" target=\"_blank\" rel=\"noopener\">Veja no mapa<\/a><\/p><p>31 3489-2000<\/p>\t\t\t\t\t\t\t\t<\/div>\n\t\t\t\t<\/div>\n\t\t\t\t\t<\/div>\n\t\t\t\t<\/div>\n\t\t\t\t<\/div>\n\t\t","protected":false},"excerpt":{"rendered":"<p>Endere\u00e7o e telefone Av. Jos\u00e9 C\u00e2ndido da Silveira, 2000 &#8211; Horto Belo Horizonte &#8211; MG CEP 31035-536 Veja no mapa 31 3489-2000<\/p>\n","protected":false},"author":2,"featured_media":0,"parent":0,"menu_order":0,"comment_status":"closed","ping_status":"closed","template":"","meta":{"footnotes":""},"class_list":["post-87","page","type-page","status-publish","hentry"],"acf":[],"yoast_head":"<!-- This site is optimized with the Yoast SEO plugin v26.2 - https:\/\/yoast.com\/wordpress\/plugins\/seo\/ -->\n<title>Nossos contatos - CIT<\/title>\n<meta name=\"robots\" content=\"index, follow, max-snippet:-1, max-image-preview:large, max-video-preview:-1\" \/>\n<link rel=\"canonical\" href=\"https:\/\/www.fiemg.com.br\/cit\/nossos-contatos\/\" \/>\n<meta property=\"og:locale\" content=\"pt_BR\" \/>\n<meta property=\"og:type\" content=\"article\" \/>\n<meta property=\"og:title\" content=\"Nossos contatos - CIT\" \/>\n<meta property=\"og:description\" content=\"Endere\u00e7o e telefone Av. Jos\u00e9 C\u00e2ndido da Silveira, 2000 &#8211; Horto Belo Horizonte &#8211; MG CEP 31035-536 Veja no mapa 31 3489-2000\" \/>\n<meta property=\"og:url\" content=\"https:\/\/www.fiemg.com.br\/cit\/nossos-contatos\/\" \/>\n<meta property=\"og:site_name\" content=\"CIT\" \/>\n<meta property=\"article:modified_time\" content=\"2025-07-14T20:02:24+00:00\" \/>\n<meta name=\"twitter:card\" content=\"summary_large_image\" \/>\n<meta name=\"twitter:label1\" content=\"Est. tempo de leitura\" \/>\n\t<meta name=\"twitter:data1\" content=\"1 minuto\" \/>\n<script type=\"application\/ld+json\" class=\"yoast-schema-graph\">{\"@context\":\"https:\/\/schema.org\",\"@graph\":[{\"@type\":\"WebPage\",\"@id\":\"https:\/\/www.fiemg.com.br\/cit\/nossos-contatos\/\",\"url\":\"https:\/\/www.fiemg.com.br\/cit\/nossos-contatos\/\",\"name\":\"Nossos contatos - CIT\",\"isPartOf\":{\"@id\":\"https:\/\/www.fiemg.com.br\/cit\/#website\"},\"datePublished\":\"2025-07-14T19:58:55+00:00\",\"dateModified\":\"2025-07-14T20:02:24+00:00\",\"breadcrumb\":{\"@id\":\"https:\/\/www.fiemg.com.br\/cit\/nossos-contatos\/#breadcrumb\"},\"inLanguage\":\"pt-BR\",\"potentialAction\":[{\"@type\":\"ReadAction\",\"target\":[\"https:\/\/www.fiemg.com.br\/cit\/nossos-contatos\/\"]}]},{\"@type\":\"BreadcrumbList\",\"@id\":\"https:\/\/www.fiemg.com.br\/cit\/nossos-contatos\/#breadcrumb\",\"itemListElement\":[{\"@type\":\"ListItem\",\"position\":1,\"name\":\"In\u00edcio\",\"item\":\"https:\/\/www.fiemg.com.br\/cit\/\"},{\"@type\":\"ListItem\",\"position\":2,\"name\":\"Nossos contatos\"}]},{\"@type\":\"WebSite\",\"@id\":\"https:\/\/www.fiemg.com.br\/cit\/#website\",\"url\":\"https:\/\/www.fiemg.com.br\/cit\/\",\"name\":\"CIT\",\"description\":\"\",\"potentialAction\":[{\"@type\":\"SearchAction\",\"target\":{\"@type\":\"EntryPoint\",\"urlTemplate\":\"https:\/\/www.fiemg.com.br\/cit\/?s={search_term_string}\"},\"query-input\":{\"@type\":\"PropertyValueSpecification\",\"valueRequired\":true,\"valueName\":\"search_term_string\"}}],\"inLanguage\":\"pt-BR\"}]}<\/script>\n<!-- \/ Yoast SEO plugin. -->","yoast_head_json":{"title":"Nossos contatos - CIT","robots":{"index":"index","follow":"follow","max-snippet":"max-snippet:-1","max-image-preview":"max-image-preview:large","max-video-preview":"max-video-preview:-1"},"canonical":"https:\/\/www.fiemg.com.br\/cit\/nossos-contatos\/","og_locale":"pt_BR","og_type":"article","og_title":"Nossos contatos - CIT","og_description":"Endere\u00e7o e telefone Av. Jos\u00e9 C\u00e2ndido da Silveira, 2000 &#8211; Horto Belo Horizonte &#8211; MG CEP 31035-536 Veja no mapa 31 3489-2000","og_url":"https:\/\/www.fiemg.com.br\/cit\/nossos-contatos\/","og_site_name":"CIT","article_modified_time":"2025-07-14T20:02:24+00:00","twitter_card":"summary_large_image","twitter_misc":{"Est. tempo de leitura":"1 minuto"},"schema":{"@context":"https:\/\/schema.org","@graph":[{"@type":"WebPage","@id":"https:\/\/www.fiemg.com.br\/cit\/nossos-contatos\/","url":"https:\/\/www.fiemg.com.br\/cit\/nossos-contatos\/","name":"Nossos contatos - CIT","isPartOf":{"@id":"https:\/\/www.fiemg.com.br\/cit\/#website"},"datePublished":"2025-07-14T19:58:55+00:00","dateModified":"2025-07-14T20:02:24+00:00","breadcrumb":{"@id":"https:\/\/www.fiemg.com.br\/cit\/nossos-contatos\/#breadcrumb"},"inLanguage":"pt-BR","potentialAction":[{"@type":"ReadAction","target":["https:\/\/www.fiemg.com.br\/cit\/nossos-contatos\/"]}]},{"@type":"BreadcrumbList","@id":"https:\/\/www.fiemg.com.br\/cit\/nossos-contatos\/#breadcrumb","itemListElement":[{"@type":"ListItem","position":1,"name":"In\u00edcio","item":"https:\/\/www.fiemg.com.br\/cit\/"},{"@type":"ListItem","position":2,"name":"Nossos contatos"}]},{"@type":"WebSite","@id":"https:\/\/www.fiemg.com.br\/cit\/#website","url":"https:\/\/www.fiemg.com.br\/cit\/","name":"CIT","description":"","potentialAction":[{"@type":"SearchAction","target":{"@type":"EntryPoint","urlTemplate":"https:\/\/www.fiemg.com.br\/cit\/?s={search_term_string}"},"query-input":{"@type":"PropertyValueSpecification","valueRequired":true,"valueName":"search_term_string"}}],"inLanguage":"pt-BR"}]}},"_links":{"self":[{"href":"https:\/\/www.fiemg.com.br\/cit\/wp-json\/wp\/v2\/pages\/87","targetHints":{"allow":["GET"]}}],"collection":[{"href":"https:\/\/www.fiemg.com.br\/cit\/wp-json\/wp\/v2\/pages"}],"about":[{"href":"https:\/\/www.fiemg.com.br\/cit\/wp-json\/wp\/v2\/types\/page"}],"author":[{"embeddable":true,"href":"https:\/\/www.fiemg.com.br\/cit\/wp-json\/wp\/v2\/users\/2"}],"replies":[{"embeddable":true,"href":"https:\/\/www.fiemg.com.br\/cit\/wp-json\/wp\/v2\/comments?post=87"}],"version-history":[{"count":0,"href":"https:\/\/www.fiemg.com.br\/cit\/wp-json\/wp\/v2\/pages\/87\/revisions"}],"wp:attachment":[{"href":"https:\/\/www.fiemg.com.br\/cit\/wp-json\/wp\/v2\/media?parent=87"}],"curies":[{"name":"wp","href":"https:\/\/api.w.org\/{rel}","templated":true}]}}