{"id":2,"date":"2025-05-28T10:49:01","date_gmt":"2025-05-28T13:49:01","guid":{"rendered":"https:\/\/fiemg1dev.wpenginepowered.com\/ena\/?page_id=2"},"modified":"2025-07-24T12:59:35","modified_gmt":"2025-07-24T15:59:35","slug":"pagina-exemplo","status":"publish","type":"page","link":"https:\/\/www.fiemg.com.br\/ena\/pagina-exemplo\/","title":{"rendered":"P\u00e1gina de exemplo"},"content":{"rendered":"\t\t<div data-elementor-type=\"wp-page\" data-elementor-id=\"2\" class=\"elementor elementor-2\" data-elementor-post-type=\"page\">\n\t\t\t\t<div class=\"has_ae_slider elementor-element elementor-element-69746522 e-flex e-con-boxed ae-bg-gallery-type-default e-con e-parent\" data-id=\"69746522\" data-element_type=\"container\" data-settings=\"{&quot;jet_parallax_layout_list&quot;:[]}\">\n\t\t\t\t\t<div class=\"e-con-inner\">\n\t\t\t\t<div class=\"elementor-element elementor-element-bc75db1 elementor-widget elementor-widget-text-editor\" data-id=\"bc75db1\" data-element_type=\"widget\" data-widget_type=\"text-editor.default\">\n\t\t\t\t<div class=\"elementor-widget-container\">\n\t\t\t\t\t\t\t\t\t\n<p>Esta \u00e9 uma p\u00e1gina de exemplo. \u00c9 diferente de um post no blog porque ela permanecer\u00e1 em um lugar e aparecer\u00e1 na navega\u00e7\u00e3o do seu site na maioria dos temas. Muitas pessoas come\u00e7am com uma p\u00e1gina que as apresenta a poss\u00edveis visitantes do site. Ela pode dizer algo assim:<\/p>\n\n\n\n<blockquote class=\"wp-block-quote is-layout-flow wp-block-quote-is-layout-flow\"><p>Ol\u00e1! Eu sou um mensageiro de bicicleta durante o dia, ator aspirante \u00e0 noite, e este \u00e9 o meu site. Eu moro em S\u00e3o Paulo, tenho um grande cachorro chamado Rex e gosto de tomar caipirinha (e banhos de chuva).<\/p><\/blockquote>\n\n\n\n<p>&#8230;ou alguma coisa assim:<\/p>\n\n\n\n<blockquote class=\"wp-block-quote is-layout-flow wp-block-quote-is-layout-flow\"><p>A Companhia de Miniaturas XYZ foi fundada em 1971, e desde ent\u00e3o tem fornecido miniaturas de qualidade ao p\u00fablico. Localizada na cidade de Itu, a XYZ emprega mais de 2.000 pessoas e faz coisas grandiosas para a comunidade da cidade.<\/p><\/blockquote>\n\n\n\n<p>Como um novo usu\u00e1rio do WordPress, voc\u00ea deveria ir ao <a href=\"https:\/\/www.fiemg.com.br\/ena\/wp-admin\/\">painel<\/a> para excluir essa p\u00e1gina e criar novas p\u00e1ginas para o seu conte\u00fado. Divirta-se!<\/p>\n\t\t\t\t\t\t\t\t<\/div>\n\t\t\t\t<\/div>\n\t\t\t\t\t<\/div>\n\t\t\t\t<\/div>\n\t\t<div class=\"has_ae_slider elementor-element elementor-element-d364661 e-flex e-con-boxed ae-bg-gallery-type-default e-con e-parent\" data-id=\"d364661\" data-element_type=\"container\" data-settings=\"{&quot;jet_parallax_layout_list&quot;:[]}\">\n\t\t\t\t\t<div class=\"e-con-inner\">\n\t\t\t\t<div class=\"elementor-element elementor-element-e115a3d elementor-widget elementor-widget-jet-form-builder-form\" data-id=\"e115a3d\" data-element_type=\"widget\" data-widget_type=\"jet-form-builder-form.default\">\n\t\t\t\t<div class=\"elementor-widget-container\">\n\t\t\t\t\t<link rel='stylesheet' id='wp-block-library-css' href='https:\/\/www.fiemg.com.br\/ena\/wp-includes\/css\/dist\/block-library\/style.min.css?ver=6.8.5' media='all' \/>\n<style id=\"jet-form-builder-342-inline-css\"><\/style><form  class=\"jet-form-builder layout-column submit-type-reload\" action=\"https:\/\/www.fiemg.com.br\/ena\/wp-json\/wp\/v2\/pages\/2\/?2aU0c3=Lv43D48ryz27&amp;method=reload\" method=\"POST\" data-form-id=\"342\" data-layout=\"column\" enctype=\"multipart\/form-data\" novalidate=\"null\" ssr_validation_method=\"rest\"><input type=\"hidden\" id=\"_wpnonce\" name=\"_wpnonce\" value=\"0e18a93a59\" \/><input type=\"hidden\" name=\"_wp_http_referer\" value=\"\/ena\/wp-json\/wp\/v2\/pages\/2\" \/>\r\n<input type=\"hidden\" name=\"_jfb_current_render_states[]\" value=\"DEFAULT.STATE\" data-jfb-sync \/><input type=\"hidden\" class=\"jet-form-builder__field hidden-field\" name=\"_jet_engine_booking_form_id\" data-field-name=\"_jet_engine_booking_form_id\" value=\"342\">\n<input type=\"hidden\" class=\"jet-form-builder__field hidden-field\" name=\"_jet_engine_refer\" data-field-name=\"_jet_engine_refer\" value=\"https:\/\/www.fiemg.com.br\/ena\/wp-json\/wp\/v2\/pages\/2\/\">\n<input type=\"hidden\" class=\"jet-form-builder__field hidden-field\" name=\"__queried_post_id\" data-field-name=\"__queried_post_id\" value=\"2\">\n<div  class=\"jet-form-builder-row field-type-text-field\" >\n<div class=\"jet-form-builder__label\">\r\n<div class=\"jet-form-builder__label-text\">Seu nome<\/div><\/div><div class=\"jet-form-builder__field-wrap\">\n\t\t\t\t<input name=\"Nome\" id=\"Nome\" type=\"text\" data-field-name=\"Nome\" class=\"jet-form-builder__field text-field\" data-jfb-sync=\"null\" autocomplete=\"off_KphF1ErQ\">\n\t\t\t\t\t<\/div>\n<\/div>\n\n<div  class=\"jet-form-builder-row field-type-text-field\" >\n<div class=\"jet-form-builder__label\">\r\n<div class=\"jet-form-builder__label-text\">Email<\/div><\/div><div class=\"jet-form-builder__field-wrap\">\n\t\t\t\t<input name=\"email\" id=\"email\" type=\"email\" data-field-name=\"email\" class=\"jet-form-builder__field text-field\" data-jfb-sync=\"null\" autocomplete=\"off_5zdKYetM\">\n\t\t\t\t\t<\/div>\n<\/div>\n\n<div  class=\"jet-form-builder-row field-type-text-field\" >\n<div class=\"jet-form-builder__label\">\r\n<div class=\"jet-form-builder__label-text\">Celular<\/div><\/div><div class=\"jet-form-builder__field-wrap\">\n\t\t\t\t<input name=\"Celular\" id=\"Celular\" type=\"text\" data-field-name=\"Celular\" class=\"jet-form-builder__field text-field\" data-jfb-sync=\"null\" autocomplete=\"off_PziBxoJp\">\n\t\t\t\t\t<\/div>\n<\/div>\n\n<div  class=\"jet-form-builder-row field-type-select-field wp-block-jet-forms-select-field\">\n<div class=\"jet-form-builder__label\">\r\n<div class=\"jet-form-builder__label-text\">Interesse<\/div><\/div><div class=\"jet-form-builder__field-wrap\">\n\t<select class=\"jet-form-builder__field select-field\" name=\"interesse\" data-field-name=\"interesse\" id=\"interesse\" data-jfb-sync=\"null\">\n\t\t<option value=\"Quero-expor\" >Quero expor<\/option><option value=\"Quero-patrocinar\" >Quero patrocinar<\/option><option value=\"Interesse-ingresso\" >Quero saber sobre o ingresso<\/option>\t<\/select>\n<\/div>\n<\/div>\n\n<div  class=\"jet-form-builder-row field-type-submit-field\" >\n\t<div data-type=\"submit\" class=\"jet-form-builder__action-button-wrapper jet-form-builder__submit-wrap\">\n\t<button class=\"jet-form-builder__action-button jet-form-builder__submit submit-type-reload\" type=\"submit\">Enviar<\/button>\n\t<\/div>\n\t\n<\/div>\n\n\n<input type=\"hidden\" class=\"captcha-token\" name=\"_captcha_token\" value=\"\"\/>\n\t<div class=\"jet-form-builder-messages-wrap\" data-form-id=\"342\"><\/div>\n<\/form>\n\t\t\t\t<\/div>\n\t\t\t\t<\/div>\n\t\t\t\t\t<\/div>\n\t\t\t\t<\/div>\n\t\t\t\t<\/div>\n\t\t","protected":false},"excerpt":{"rendered":"<p>Esta \u00e9 uma p\u00e1gina de exemplo. \u00c9 diferente de um post no blog porque ela permanecer\u00e1 em um lugar e aparecer\u00e1 na navega\u00e7\u00e3o do seu site na maioria dos temas. Muitas pessoas come\u00e7am com uma p\u00e1gina que as apresenta a poss\u00edveis visitantes do site. Ela pode dizer algo assim: Ol\u00e1! Eu sou um mensageiro de [&hellip;]<\/p>\n","protected":false},"author":10634,"featured_media":0,"parent":0,"menu_order":0,"comment_status":"closed","ping_status":"open","template":"","meta":{"footnotes":""},"class_list":["post-2","page","type-page","status-publish","hentry"],"acf":[],"yoast_head":"<!-- This site is optimized with the Yoast SEO plugin v26.2 - https:\/\/yoast.com\/wordpress\/plugins\/seo\/ -->\n<title>P\u00e1gina de exemplo - Encontro Nacional de Automa\u00e7\u00e3o<\/title>\n<meta name=\"robots\" content=\"index, follow, max-snippet:-1, max-image-preview:large, max-video-preview:-1\" \/>\n<link rel=\"canonical\" href=\"https:\/\/www.fiemg.com.br\/ena\/pagina-exemplo\/\" \/>\n<meta property=\"og:locale\" content=\"pt_BR\" \/>\n<meta property=\"og:type\" content=\"article\" \/>\n<meta property=\"og:title\" content=\"P\u00e1gina de exemplo - Encontro Nacional de Automa\u00e7\u00e3o\" \/>\n<meta property=\"og:description\" content=\"Esta \u00e9 uma p\u00e1gina de exemplo. \u00c9 diferente de um post no blog porque ela permanecer\u00e1 em um lugar e aparecer\u00e1 na navega\u00e7\u00e3o do seu site na maioria dos temas. Muitas pessoas come\u00e7am com uma p\u00e1gina que as apresenta a poss\u00edveis visitantes do site. Ela pode dizer algo assim: Ol\u00e1! Eu sou um mensageiro de [&hellip;]\" \/>\n<meta property=\"og:url\" content=\"https:\/\/www.fiemg.com.br\/ena\/pagina-exemplo\/\" \/>\n<meta property=\"og:site_name\" content=\"Encontro Nacional de Automa\u00e7\u00e3o\" \/>\n<meta property=\"article:modified_time\" content=\"2025-07-24T15:59:35+00:00\" \/>\n<meta name=\"twitter:card\" content=\"summary_large_image\" \/>\n<meta name=\"twitter:label1\" content=\"Est. tempo de leitura\" \/>\n\t<meta name=\"twitter:data1\" content=\"1 minuto\" \/>\n<script type=\"application\/ld+json\" class=\"yoast-schema-graph\">{\"@context\":\"https:\/\/schema.org\",\"@graph\":[{\"@type\":\"WebPage\",\"@id\":\"https:\/\/www.fiemg.com.br\/ena\/pagina-exemplo\/\",\"url\":\"https:\/\/www.fiemg.com.br\/ena\/pagina-exemplo\/\",\"name\":\"P\u00e1gina de exemplo - Encontro Nacional de Automa\u00e7\u00e3o\",\"isPartOf\":{\"@id\":\"https:\/\/www.fiemg.com.br\/ena\/#website\"},\"datePublished\":\"2025-05-28T13:49:01+00:00\",\"dateModified\":\"2025-07-24T15:59:35+00:00\",\"breadcrumb\":{\"@id\":\"https:\/\/www.fiemg.com.br\/ena\/pagina-exemplo\/#breadcrumb\"},\"inLanguage\":\"pt-BR\",\"potentialAction\":[{\"@type\":\"ReadAction\",\"target\":[\"https:\/\/www.fiemg.com.br\/ena\/pagina-exemplo\/\"]}]},{\"@type\":\"BreadcrumbList\",\"@id\":\"https:\/\/www.fiemg.com.br\/ena\/pagina-exemplo\/#breadcrumb\",\"itemListElement\":[{\"@type\":\"ListItem\",\"position\":1,\"name\":\"In\u00edcio\",\"item\":\"https:\/\/www.fiemg.com.br\/ena\/\"},{\"@type\":\"ListItem\",\"position\":2,\"name\":\"P\u00e1gina de exemplo\"}]},{\"@type\":\"WebSite\",\"@id\":\"https:\/\/www.fiemg.com.br\/ena\/#website\",\"url\":\"https:\/\/www.fiemg.com.br\/ena\/\",\"name\":\"Encontro Nacional de Automa\u00e7\u00e3o\",\"description\":\"\",\"publisher\":{\"@id\":\"https:\/\/www.fiemg.com.br\/ena\/#organization\"},\"potentialAction\":[{\"@type\":\"SearchAction\",\"target\":{\"@type\":\"EntryPoint\",\"urlTemplate\":\"https:\/\/www.fiemg.com.br\/ena\/?s={search_term_string}\"},\"query-input\":{\"@type\":\"PropertyValueSpecification\",\"valueRequired\":true,\"valueName\":\"search_term_string\"}}],\"inLanguage\":\"pt-BR\"},{\"@type\":\"Organization\",\"@id\":\"https:\/\/www.fiemg.com.br\/ena\/#organization\",\"name\":\"Encontro Nacional de Automa\u00e7\u00e3o\",\"url\":\"https:\/\/www.fiemg.com.br\/ena\/\",\"logo\":{\"@type\":\"ImageObject\",\"inLanguage\":\"pt-BR\",\"@id\":\"https:\/\/www.fiemg.com.br\/ena\/#\/schema\/logo\/image\/\",\"url\":\"https:\/\/www.fiemg.com.br\/ena\/wp-content\/uploads\/sites\/32\/2026\/04\/E1000126C_ENA_LOGOS_2cor_caixa_PNG.png\",\"contentUrl\":\"https:\/\/www.fiemg.com.br\/ena\/wp-content\/uploads\/sites\/32\/2026\/04\/E1000126C_ENA_LOGOS_2cor_caixa_PNG.png\",\"width\":1482,\"height\":503,\"caption\":\"Encontro Nacional de Automa\u00e7\u00e3o\"},\"image\":{\"@id\":\"https:\/\/www.fiemg.com.br\/ena\/#\/schema\/logo\/image\/\"}}]}<\/script>\n<!-- \/ Yoast SEO plugin. -->","yoast_head_json":{"title":"P\u00e1gina de exemplo - Encontro Nacional de Automa\u00e7\u00e3o","robots":{"index":"index","follow":"follow","max-snippet":"max-snippet:-1","max-image-preview":"max-image-preview:large","max-video-preview":"max-video-preview:-1"},"canonical":"https:\/\/www.fiemg.com.br\/ena\/pagina-exemplo\/","og_locale":"pt_BR","og_type":"article","og_title":"P\u00e1gina de exemplo - Encontro Nacional de Automa\u00e7\u00e3o","og_description":"Esta \u00e9 uma p\u00e1gina de exemplo. \u00c9 diferente de um post no blog porque ela permanecer\u00e1 em um lugar e aparecer\u00e1 na navega\u00e7\u00e3o do seu site na maioria dos temas. Muitas pessoas come\u00e7am com uma p\u00e1gina que as apresenta a poss\u00edveis visitantes do site. Ela pode dizer algo assim: Ol\u00e1! Eu sou um mensageiro de [&hellip;]","og_url":"https:\/\/www.fiemg.com.br\/ena\/pagina-exemplo\/","og_site_name":"Encontro Nacional de Automa\u00e7\u00e3o","article_modified_time":"2025-07-24T15:59:35+00:00","twitter_card":"summary_large_image","twitter_misc":{"Est. tempo de leitura":"1 minuto"},"schema":{"@context":"https:\/\/schema.org","@graph":[{"@type":"WebPage","@id":"https:\/\/www.fiemg.com.br\/ena\/pagina-exemplo\/","url":"https:\/\/www.fiemg.com.br\/ena\/pagina-exemplo\/","name":"P\u00e1gina de exemplo - Encontro Nacional de Automa\u00e7\u00e3o","isPartOf":{"@id":"https:\/\/www.fiemg.com.br\/ena\/#website"},"datePublished":"2025-05-28T13:49:01+00:00","dateModified":"2025-07-24T15:59:35+00:00","breadcrumb":{"@id":"https:\/\/www.fiemg.com.br\/ena\/pagina-exemplo\/#breadcrumb"},"inLanguage":"pt-BR","potentialAction":[{"@type":"ReadAction","target":["https:\/\/www.fiemg.com.br\/ena\/pagina-exemplo\/"]}]},{"@type":"BreadcrumbList","@id":"https:\/\/www.fiemg.com.br\/ena\/pagina-exemplo\/#breadcrumb","itemListElement":[{"@type":"ListItem","position":1,"name":"In\u00edcio","item":"https:\/\/www.fiemg.com.br\/ena\/"},{"@type":"ListItem","position":2,"name":"P\u00e1gina de exemplo"}]},{"@type":"WebSite","@id":"https:\/\/www.fiemg.com.br\/ena\/#website","url":"https:\/\/www.fiemg.com.br\/ena\/","name":"Encontro Nacional de Automa\u00e7\u00e3o","description":"","publisher":{"@id":"https:\/\/www.fiemg.com.br\/ena\/#organization"},"potentialAction":[{"@type":"SearchAction","target":{"@type":"EntryPoint","urlTemplate":"https:\/\/www.fiemg.com.br\/ena\/?s={search_term_string}"},"query-input":{"@type":"PropertyValueSpecification","valueRequired":true,"valueName":"search_term_string"}}],"inLanguage":"pt-BR"},{"@type":"Organization","@id":"https:\/\/www.fiemg.com.br\/ena\/#organization","name":"Encontro Nacional de Automa\u00e7\u00e3o","url":"https:\/\/www.fiemg.com.br\/ena\/","logo":{"@type":"ImageObject","inLanguage":"pt-BR","@id":"https:\/\/www.fiemg.com.br\/ena\/#\/schema\/logo\/image\/","url":"https:\/\/www.fiemg.com.br\/ena\/wp-content\/uploads\/sites\/32\/2026\/04\/E1000126C_ENA_LOGOS_2cor_caixa_PNG.png","contentUrl":"https:\/\/www.fiemg.com.br\/ena\/wp-content\/uploads\/sites\/32\/2026\/04\/E1000126C_ENA_LOGOS_2cor_caixa_PNG.png","width":1482,"height":503,"caption":"Encontro Nacional de Automa\u00e7\u00e3o"},"image":{"@id":"https:\/\/www.fiemg.com.br\/ena\/#\/schema\/logo\/image\/"}}]}},"_links":{"self":[{"href":"https:\/\/www.fiemg.com.br\/ena\/wp-json\/wp\/v2\/pages\/2","targetHints":{"allow":["GET"]}}],"collection":[{"href":"https:\/\/www.fiemg.com.br\/ena\/wp-json\/wp\/v2\/pages"}],"about":[{"href":"https:\/\/www.fiemg.com.br\/ena\/wp-json\/wp\/v2\/types\/page"}],"author":[{"embeddable":true,"href":"https:\/\/www.fiemg.com.br\/ena\/wp-json\/wp\/v2\/users\/10634"}],"replies":[{"embeddable":true,"href":"https:\/\/www.fiemg.com.br\/ena\/wp-json\/wp\/v2\/comments?post=2"}],"version-history":[{"count":0,"href":"https:\/\/www.fiemg.com.br\/ena\/wp-json\/wp\/v2\/pages\/2\/revisions"}],"wp:attachment":[{"href":"https:\/\/www.fiemg.com.br\/ena\/wp-json\/wp\/v2\/media?parent=2"}],"curies":[{"name":"wp","href":"https:\/\/api.w.org\/{rel}","templated":true}]}}