{"id":1151,"date":"2023-04-03T23:16:57","date_gmt":"2023-04-03T23:16:57","guid":{"rendered":"https:\/\/www.fiemg.com.br\/fiemg\/integridade\/"},"modified":"2025-07-17T16:00:33","modified_gmt":"2025-07-17T19:00:33","slug":"integridade","status":"publish","type":"page","link":"https:\/\/www.fiemg.com.br\/fiemg\/integridade\/","title":{"rendered":"Governan\u00e7a e Integridade"},"content":{"rendered":"\n<figure class=\"wp-block-image size-large\"><img fetchpriority=\"high\" decoding=\"async\" width=\"1024\" height=\"165\" src=\"https:\/\/www.fiemg.com.br\/fiemg\/wp-content\/uploads\/sites\/10\/2024\/04\/PROJETOS24banner_1920x310-1-1024x165.png\" alt=\"\" class=\"wp-image-3607\" srcset=\"https:\/\/www.fiemg.com.br\/fiemg\/wp-content\/uploads\/sites\/10\/2024\/04\/PROJETOS24banner_1920x310-1-1024x165.png 1024w, https:\/\/www.fiemg.com.br\/fiemg\/wp-content\/uploads\/sites\/10\/2024\/04\/PROJETOS24banner_1920x310-1-300x48.png 300w, https:\/\/www.fiemg.com.br\/fiemg\/wp-content\/uploads\/sites\/10\/2024\/04\/PROJETOS24banner_1920x310-1-768x124.png 768w, https:\/\/www.fiemg.com.br\/fiemg\/wp-content\/uploads\/sites\/10\/2024\/04\/PROJETOS24banner_1920x310-1-1536x248.png 1536w, https:\/\/www.fiemg.com.br\/fiemg\/wp-content\/uploads\/sites\/10\/2024\/04\/PROJETOS24banner_1920x310-1.png 1920w\" sizes=\"(max-width: 1024px) 100vw, 1024px\" \/><\/figure>\n\n\n\n<p class=\"has-white-color has-text-color has-link-color wp-elements-7e4ac651328708ea719ac0894fa30934\">.<\/p>\n\n\n<div class=\"c-12\">\n<article class=\"entry\">\n<div class=\"g-12\">\n<header class=\"entry-header\">\n<div class=\"g-12\">\n<header class=\"entry-header\"><em>Cultura \u00e9tica, de privacidade e de seguran\u00e7a da informa\u00e7\u00e3o<\/em><\/header>\n<header><\/header>\n<header><span style=\"color: #ffffff\">.<\/span><\/header>\n<\/div>\n<header><span style=\"color: #ffffff\">.<\/span><\/header>\n<div class=\"entry-content g-8\">\n<h5><span style=\"color: #808080\">O programa de\u00a0<em>Compliance<\/em>\u00a0da FIEMG evoluiu para o\u00a0Programa de Integridade, com foco na dissemina\u00e7\u00e3o da cultura \u00e9tica, de privacidade e de seguran\u00e7a da informa\u00e7\u00e3o. Mais completo e abrangente, refor\u00e7a o compromisso da FIEMG com a constante\u00a0evolu\u00e7\u00e3o da gest\u00e3o\u00a0fundamentada no\u00a0desenvolvimento sustent\u00e1vel, no\u00a0estabelecimento de rela\u00e7\u00f5es respeitosas\u00a0e na incondicional e\u00a0absoluta ades\u00e3o \u00e0s melhores atitudes e pr\u00e1ticas\u00a0que definem e regem as rela\u00e7\u00f5es na institui\u00e7\u00e3o e com a sociedade.<\/span><\/h5>\n<\/div>\n<\/header>\n<\/div>\n<\/article>\n<\/div>\n\n\n<p class=\"has-white-color has-text-color has-link-color wp-elements-7e4ac651328708ea719ac0894fa30934\">.<\/p>\n\n\n\n<figure class=\"wp-block-image size-large is-resized\"><img decoding=\"async\" width=\"990\" height=\"1024\" src=\"https:\/\/www.fiemg.com.br\/fiemg\/wp-content\/uploads\/sites\/10\/2024\/04\/Sao-pilares-do-Programa-Integridade-990x1024.png\" alt=\"\" class=\"wp-image-3616\" style=\"width:521px;height:auto\" srcset=\"https:\/\/www.fiemg.com.br\/fiemg\/wp-content\/uploads\/sites\/10\/2024\/04\/Sao-pilares-do-Programa-Integridade-990x1024.png 990w, https:\/\/www.fiemg.com.br\/fiemg\/wp-content\/uploads\/sites\/10\/2024\/04\/Sao-pilares-do-Programa-Integridade-290x300.png 290w, https:\/\/www.fiemg.com.br\/fiemg\/wp-content\/uploads\/sites\/10\/2024\/04\/Sao-pilares-do-Programa-Integridade-768x794.png 768w, https:\/\/www.fiemg.com.br\/fiemg\/wp-content\/uploads\/sites\/10\/2024\/04\/Sao-pilares-do-Programa-Integridade-1485x1536.png 1485w, https:\/\/www.fiemg.com.br\/fiemg\/wp-content\/uploads\/sites\/10\/2024\/04\/Sao-pilares-do-Programa-Integridade.png 1753w\" sizes=\"(max-width: 990px) 100vw, 990px\" \/><\/figure>\n\n\n\n<p class=\"has-white-color has-text-color has-link-color wp-elements-00455b54c46512376564f010ae5273ef\">.Cultura \u00e9tica, de privacidade e de seguran\u00e7a da informa\u00e7\u00e3o conformidade<\/p>\n\n\n\n<p>O Programa de Compliance da FIEMG evoluiu para o Programa de Integridade, com foco na dissemina\u00e7\u00e3o da cultura \u00e9tica, de privacidade e de seguran\u00e7a da informa\u00e7\u00e3o conformidade legal. Mais completo e abrangente, refor\u00e7a o compromisso da FIEMG com a constante evolu\u00e7\u00e3o da gest\u00e3o fundamentada no desenvolvimento sustent\u00e1vel, no estabelecimento de rela\u00e7\u00f5es respeitosas e na incondicional e absoluta ades\u00e3o \u00e0s melhores atitudes e pr\u00e1ticas que definem e regem as rela\u00e7\u00f5es na institui\u00e7\u00e3o e com a sociedade.<\/p>\n\n\n\n<p>A Superintend\u00eancia de Governan\u00e7a e Integridade na FIEMG ganha for\u00e7a com a\u00e7\u00f5es das \u00e1reas de&nbsp;Governan\u00e7a <strong><em>Compliance<\/em>&nbsp;e Ouvidoria<\/strong>, de&nbsp;<strong>Prote\u00e7\u00e3o de Dados<\/strong>&nbsp;e de&nbsp;<strong>Seguran\u00e7a da Informa\u00e7\u00e3o<\/strong>.<\/p>\n\n\n\n<p>A evolu\u00e7\u00e3o do programa evidencia o amadurecimento da gest\u00e3o alicer\u00e7ada em uma cultura organizacional que preza:<\/p>\n\n\n\n<p class=\"has-white-color has-text-color has-link-color wp-elements-be0c0bc272c81880458d3416cc1a68bd\">\u2022 A<strong>&nbsp;transpar\u00eancia<\/strong>&nbsp;como princ\u00edpio norteador das rela\u00e7\u00f5es da FIEMG;<br>\u2022 O aprimoramento das&nbsp;<strong>a\u00e7\u00f5es<\/strong>&nbsp;e&nbsp;<strong>processos<\/strong>&nbsp;com foco na integridade;<br>\u2022 A consolida\u00e7\u00e3o da cultura \u00e9tica, de privacidade e de seguran\u00e7a da informa\u00e7\u00e3o;<br>\u2022 A seguran\u00e7a&nbsp;<strong>jur\u00eddica<\/strong>;<br>\u2022 Os&nbsp;<strong>procedimentos padronizados<\/strong>&nbsp;para redu\u00e7\u00e3o da subjetividade.<\/p>\n\n\n\n<p class=\"has-white-color has-text-color has-link-color wp-elements-7e4ac651328708ea719ac0894fa30934\">.<\/p>\n\n\n\n<figure class=\"wp-block-image size-large\"><img decoding=\"async\" width=\"1024\" height=\"53\" src=\"https:\/\/www.fiemg.com.br\/fiemg\/wp-content\/uploads\/sites\/10\/2024\/04\/Montserrat-2-1024x53.png\" alt=\"\" class=\"wp-image-3614\" srcset=\"https:\/\/www.fiemg.com.br\/fiemg\/wp-content\/uploads\/sites\/10\/2024\/04\/Montserrat-2-1024x53.png 1024w, https:\/\/www.fiemg.com.br\/fiemg\/wp-content\/uploads\/sites\/10\/2024\/04\/Montserrat-2-300x16.png 300w, https:\/\/www.fiemg.com.br\/fiemg\/wp-content\/uploads\/sites\/10\/2024\/04\/Montserrat-2-768x40.png 768w, https:\/\/www.fiemg.com.br\/fiemg\/wp-content\/uploads\/sites\/10\/2024\/04\/Montserrat-2-1536x80.png 1536w, https:\/\/www.fiemg.com.br\/fiemg\/wp-content\/uploads\/sites\/10\/2024\/04\/Montserrat-2.png 1920w\" sizes=\"(max-width: 1024px) 100vw, 1024px\" \/><\/figure>\n\n\n\n<p class=\"has-white-color has-text-color has-link-color wp-elements-7e4ac651328708ea719ac0894fa30934\">.<\/p>\n\n\n\n<div class=\"wp-block-columns is-layout-flex wp-container-core-columns-is-layout-28f84493 wp-block-columns-is-layout-flex\">\n<div class=\"wp-block-column is-layout-flow wp-block-column-is-layout-flow\">\n<figure class=\"wp-block-image size-full is-resized\"><a href=\"https:\/\/www.fiemg.com.br\/publicacoes-interna\/compliance-e-ouvidoria\/\"><img loading=\"lazy\" decoding=\"async\" width=\"322\" height=\"430\" src=\"https:\/\/www.fiemg.com.br\/fiemg\/wp-content\/uploads\/sites\/10\/2024\/04\/PROJETOS24botao3_vert-1.png\" alt=\"\" class=\"wp-image-3610\" style=\"width:171px\" srcset=\"https:\/\/www.fiemg.com.br\/fiemg\/wp-content\/uploads\/sites\/10\/2024\/04\/PROJETOS24botao3_vert-1.png 322w, https:\/\/www.fiemg.com.br\/fiemg\/wp-content\/uploads\/sites\/10\/2024\/04\/PROJETOS24botao3_vert-1-225x300.png 225w\" sizes=\"(max-width: 322px) 100vw, 322px\" \/><\/a><\/figure>\n<\/div>\n\n\n\n<div class=\"wp-block-column is-layout-flow wp-block-column-is-layout-flow\"><\/div>\n\n\n\n<div class=\"wp-block-column is-layout-flow wp-block-column-is-layout-flow\"><\/div>\n<\/div>\n\n\n\n<p class=\"has-white-color has-text-color has-link-color wp-elements-7e4ac651328708ea719ac0894fa30934\">.<\/p>\n\n\n\n<p class=\"has-white-color has-text-color has-link-color wp-elements-7e4ac651328708ea719ac0894fa30934\">.<\/p>\n\n\n\n<figure class=\"wp-block-image size-full\"><img loading=\"lazy\" decoding=\"async\" width=\"700\" height=\"97\" src=\"https:\/\/www.fiemg.com.br\/fiemg\/wp-content\/uploads\/sites\/10\/2024\/04\/PROJETOS24banner_rodape700x97-1.png\" alt=\"\" class=\"wp-image-3606\" srcset=\"https:\/\/www.fiemg.com.br\/fiemg\/wp-content\/uploads\/sites\/10\/2024\/04\/PROJETOS24banner_rodape700x97-1.png 700w, https:\/\/www.fiemg.com.br\/fiemg\/wp-content\/uploads\/sites\/10\/2024\/04\/PROJETOS24banner_rodape700x97-1-300x42.png 300w\" sizes=\"(max-width: 700px) 100vw, 700px\" \/><\/figure>\n\n\n\n\n\n\n\n\n\n\n","protected":false},"excerpt":{"rendered":"<p>. Cultura \u00e9tica, de privacidade e de seguran\u00e7a da informa\u00e7\u00e3o . . O programa de\u00a0Compliance\u00a0da FIEMG evoluiu para o\u00a0Programa de Integridade, com foco na dissemina\u00e7\u00e3o da cultura \u00e9tica, de privacidade e de seguran\u00e7a da informa\u00e7\u00e3o. Mais completo e abrangente, refor\u00e7a o compromisso da FIEMG com a constante\u00a0evolu\u00e7\u00e3o da gest\u00e3o\u00a0fundamentada no\u00a0desenvolvimento sustent\u00e1vel, no\u00a0estabelecimento de rela\u00e7\u00f5es respeitosas\u00a0e [&hellip;]<\/p>\n","protected":false},"author":1,"featured_media":2185,"parent":0,"menu_order":107,"comment_status":"closed","ping_status":"closed","template":"","meta":{"footnotes":""},"class_list":["post-1151","page","type-page","status-publish","has-post-thumbnail","hentry"],"acf":[],"yoast_head":"<!-- This site is optimized with the Yoast SEO plugin v26.2 - https:\/\/yoast.com\/wordpress\/plugins\/seo\/ -->\n<title>Governan\u00e7a e Integridade - FIEMG<\/title>\n<meta name=\"robots\" content=\"index, follow, max-snippet:-1, max-image-preview:large, max-video-preview:-1\" \/>\n<link rel=\"canonical\" href=\"https:\/\/www.fiemg.com.br\/fiemg\/integridade\/\" \/>\n<meta property=\"og:locale\" content=\"pt_BR\" \/>\n<meta property=\"og:type\" content=\"article\" \/>\n<meta property=\"og:title\" content=\"Governan\u00e7a e Integridade - FIEMG\" \/>\n<meta property=\"og:description\" content=\". Cultura \u00e9tica, de privacidade e de seguran\u00e7a da informa\u00e7\u00e3o . . O programa de\u00a0Compliance\u00a0da FIEMG evoluiu para o\u00a0Programa de Integridade, com foco na dissemina\u00e7\u00e3o da cultura \u00e9tica, de privacidade e de seguran\u00e7a da informa\u00e7\u00e3o. Mais completo e abrangente, refor\u00e7a o compromisso da FIEMG com a constante\u00a0evolu\u00e7\u00e3o da gest\u00e3o\u00a0fundamentada no\u00a0desenvolvimento sustent\u00e1vel, no\u00a0estabelecimento de rela\u00e7\u00f5es respeitosas\u00a0e [&hellip;]\" \/>\n<meta property=\"og:url\" content=\"https:\/\/www.fiemg.com.br\/fiemg\/integridade\/\" \/>\n<meta property=\"og:site_name\" content=\"FIEMG\" \/>\n<meta property=\"article:modified_time\" content=\"2025-07-17T19:00:33+00:00\" \/>\n<meta property=\"og:image\" content=\"https:\/\/www.fiemg.com.br\/fiemg\/wp-content\/uploads\/sites\/10\/2023\/08\/default.png\" \/>\n\t<meta property=\"og:image:width\" content=\"300\" \/>\n\t<meta property=\"og:image:height\" content=\"300\" \/>\n\t<meta property=\"og:image:type\" content=\"image\/png\" \/>\n<meta name=\"twitter:card\" content=\"summary_large_image\" \/>\n<script type=\"application\/ld+json\" class=\"yoast-schema-graph\">{\"@context\":\"https:\/\/schema.org\",\"@graph\":[{\"@type\":\"WebPage\",\"@id\":\"https:\/\/www.fiemg.com.br\/fiemg\/integridade\/\",\"url\":\"https:\/\/www.fiemg.com.br\/fiemg\/integridade\/\",\"name\":\"Governan\u00e7a e Integridade - FIEMG\",\"isPartOf\":{\"@id\":\"https:\/\/www.fiemg.com.br\/fiemg\/#website\"},\"primaryImageOfPage\":{\"@id\":\"https:\/\/www.fiemg.com.br\/fiemg\/integridade\/#primaryimage\"},\"image\":{\"@id\":\"https:\/\/www.fiemg.com.br\/fiemg\/integridade\/#primaryimage\"},\"thumbnailUrl\":\"https:\/\/www.fiemg.com.br\/fiemg\/wp-content\/uploads\/sites\/10\/2023\/08\/default.png\",\"datePublished\":\"2023-04-03T23:16:57+00:00\",\"dateModified\":\"2025-07-17T19:00:33+00:00\",\"breadcrumb\":{\"@id\":\"https:\/\/www.fiemg.com.br\/fiemg\/integridade\/#breadcrumb\"},\"inLanguage\":\"pt-BR\",\"potentialAction\":[{\"@type\":\"ReadAction\",\"target\":[\"https:\/\/www.fiemg.com.br\/fiemg\/integridade\/\"]}]},{\"@type\":\"ImageObject\",\"inLanguage\":\"pt-BR\",\"@id\":\"https:\/\/www.fiemg.com.br\/fiemg\/integridade\/#primaryimage\",\"url\":\"https:\/\/www.fiemg.com.br\/fiemg\/wp-content\/uploads\/sites\/10\/2023\/08\/default.png\",\"contentUrl\":\"https:\/\/www.fiemg.com.br\/fiemg\/wp-content\/uploads\/sites\/10\/2023\/08\/default.png\",\"width\":300,\"height\":300},{\"@type\":\"BreadcrumbList\",\"@id\":\"https:\/\/www.fiemg.com.br\/fiemg\/integridade\/#breadcrumb\",\"itemListElement\":[{\"@type\":\"ListItem\",\"position\":1,\"name\":\"In\u00edcio\",\"item\":\"https:\/\/www.fiemg.com.br\/fiemg\/\"},{\"@type\":\"ListItem\",\"position\":2,\"name\":\"Integridade\"}]},{\"@type\":\"WebSite\",\"@id\":\"https:\/\/www.fiemg.com.br\/fiemg\/#website\",\"url\":\"https:\/\/www.fiemg.com.br\/fiemg\/\",\"name\":\"FIEMG\",\"description\":\"Federa\u00e7\u00e3o das Ind\u00fastrias do Estado de Minas Gerais\",\"publisher\":{\"@id\":\"https:\/\/www.fiemg.com.br\/fiemg\/#organization\"},\"potentialAction\":[{\"@type\":\"SearchAction\",\"target\":{\"@type\":\"EntryPoint\",\"urlTemplate\":\"https:\/\/www.fiemg.com.br\/fiemg\/?s={search_term_string}\"},\"query-input\":{\"@type\":\"PropertyValueSpecification\",\"valueRequired\":true,\"valueName\":\"search_term_string\"}}],\"inLanguage\":\"pt-BR\"},{\"@type\":\"Organization\",\"@id\":\"https:\/\/www.fiemg.com.br\/fiemg\/#organization\",\"name\":\"FIEMG\",\"url\":\"https:\/\/www.fiemg.com.br\/fiemg\/\",\"logo\":{\"@type\":\"ImageObject\",\"inLanguage\":\"pt-BR\",\"@id\":\"https:\/\/www.fiemg.com.br\/fiemg\/#\/schema\/logo\/image\/\",\"url\":\"https:\/\/www.fiemg.com.br\/fiemg\/wp-content\/uploads\/sites\/10\/2023\/02\/fiemg_branco.svg\",\"contentUrl\":\"https:\/\/www.fiemg.com.br\/fiemg\/wp-content\/uploads\/sites\/10\/2023\/02\/fiemg_branco.svg\",\"width\":561,\"height\":147,\"caption\":\"FIEMG\"},\"image\":{\"@id\":\"https:\/\/www.fiemg.com.br\/fiemg\/#\/schema\/logo\/image\/\"}}]}<\/script>\n<!-- \/ Yoast SEO plugin. -->","yoast_head_json":{"title":"Governan\u00e7a e Integridade - FIEMG","robots":{"index":"index","follow":"follow","max-snippet":"max-snippet:-1","max-image-preview":"max-image-preview:large","max-video-preview":"max-video-preview:-1"},"canonical":"https:\/\/www.fiemg.com.br\/fiemg\/integridade\/","og_locale":"pt_BR","og_type":"article","og_title":"Governan\u00e7a e Integridade - FIEMG","og_description":". Cultura \u00e9tica, de privacidade e de seguran\u00e7a da informa\u00e7\u00e3o . . O programa de\u00a0Compliance\u00a0da FIEMG evoluiu para o\u00a0Programa de Integridade, com foco na dissemina\u00e7\u00e3o da cultura \u00e9tica, de privacidade e de seguran\u00e7a da informa\u00e7\u00e3o. Mais completo e abrangente, refor\u00e7a o compromisso da FIEMG com a constante\u00a0evolu\u00e7\u00e3o da gest\u00e3o\u00a0fundamentada no\u00a0desenvolvimento sustent\u00e1vel, no\u00a0estabelecimento de rela\u00e7\u00f5es respeitosas\u00a0e [&hellip;]","og_url":"https:\/\/www.fiemg.com.br\/fiemg\/integridade\/","og_site_name":"FIEMG","article_modified_time":"2025-07-17T19:00:33+00:00","og_image":[{"width":300,"height":300,"url":"https:\/\/www.fiemg.com.br\/fiemg\/wp-content\/uploads\/sites\/10\/2023\/08\/default.png","type":"image\/png"}],"twitter_card":"summary_large_image","schema":{"@context":"https:\/\/schema.org","@graph":[{"@type":"WebPage","@id":"https:\/\/www.fiemg.com.br\/fiemg\/integridade\/","url":"https:\/\/www.fiemg.com.br\/fiemg\/integridade\/","name":"Governan\u00e7a e Integridade - FIEMG","isPartOf":{"@id":"https:\/\/www.fiemg.com.br\/fiemg\/#website"},"primaryImageOfPage":{"@id":"https:\/\/www.fiemg.com.br\/fiemg\/integridade\/#primaryimage"},"image":{"@id":"https:\/\/www.fiemg.com.br\/fiemg\/integridade\/#primaryimage"},"thumbnailUrl":"https:\/\/www.fiemg.com.br\/fiemg\/wp-content\/uploads\/sites\/10\/2023\/08\/default.png","datePublished":"2023-04-03T23:16:57+00:00","dateModified":"2025-07-17T19:00:33+00:00","breadcrumb":{"@id":"https:\/\/www.fiemg.com.br\/fiemg\/integridade\/#breadcrumb"},"inLanguage":"pt-BR","potentialAction":[{"@type":"ReadAction","target":["https:\/\/www.fiemg.com.br\/fiemg\/integridade\/"]}]},{"@type":"ImageObject","inLanguage":"pt-BR","@id":"https:\/\/www.fiemg.com.br\/fiemg\/integridade\/#primaryimage","url":"https:\/\/www.fiemg.com.br\/fiemg\/wp-content\/uploads\/sites\/10\/2023\/08\/default.png","contentUrl":"https:\/\/www.fiemg.com.br\/fiemg\/wp-content\/uploads\/sites\/10\/2023\/08\/default.png","width":300,"height":300},{"@type":"BreadcrumbList","@id":"https:\/\/www.fiemg.com.br\/fiemg\/integridade\/#breadcrumb","itemListElement":[{"@type":"ListItem","position":1,"name":"In\u00edcio","item":"https:\/\/www.fiemg.com.br\/fiemg\/"},{"@type":"ListItem","position":2,"name":"Integridade"}]},{"@type":"WebSite","@id":"https:\/\/www.fiemg.com.br\/fiemg\/#website","url":"https:\/\/www.fiemg.com.br\/fiemg\/","name":"FIEMG","description":"Federa\u00e7\u00e3o das Ind\u00fastrias do Estado de Minas Gerais","publisher":{"@id":"https:\/\/www.fiemg.com.br\/fiemg\/#organization"},"potentialAction":[{"@type":"SearchAction","target":{"@type":"EntryPoint","urlTemplate":"https:\/\/www.fiemg.com.br\/fiemg\/?s={search_term_string}"},"query-input":{"@type":"PropertyValueSpecification","valueRequired":true,"valueName":"search_term_string"}}],"inLanguage":"pt-BR"},{"@type":"Organization","@id":"https:\/\/www.fiemg.com.br\/fiemg\/#organization","name":"FIEMG","url":"https:\/\/www.fiemg.com.br\/fiemg\/","logo":{"@type":"ImageObject","inLanguage":"pt-BR","@id":"https:\/\/www.fiemg.com.br\/fiemg\/#\/schema\/logo\/image\/","url":"https:\/\/www.fiemg.com.br\/fiemg\/wp-content\/uploads\/sites\/10\/2023\/02\/fiemg_branco.svg","contentUrl":"https:\/\/www.fiemg.com.br\/fiemg\/wp-content\/uploads\/sites\/10\/2023\/02\/fiemg_branco.svg","width":561,"height":147,"caption":"FIEMG"},"image":{"@id":"https:\/\/www.fiemg.com.br\/fiemg\/#\/schema\/logo\/image\/"}}]}},"_links":{"self":[{"href":"https:\/\/www.fiemg.com.br\/fiemg\/wp-json\/wp\/v2\/pages\/1151","targetHints":{"allow":["GET"]}}],"collection":[{"href":"https:\/\/www.fiemg.com.br\/fiemg\/wp-json\/wp\/v2\/pages"}],"about":[{"href":"https:\/\/www.fiemg.com.br\/fiemg\/wp-json\/wp\/v2\/types\/page"}],"author":[{"embeddable":true,"href":"https:\/\/www.fiemg.com.br\/fiemg\/wp-json\/wp\/v2\/users\/1"}],"replies":[{"embeddable":true,"href":"https:\/\/www.fiemg.com.br\/fiemg\/wp-json\/wp\/v2\/comments?post=1151"}],"version-history":[{"count":0,"href":"https:\/\/www.fiemg.com.br\/fiemg\/wp-json\/wp\/v2\/pages\/1151\/revisions"}],"wp:featuredmedia":[{"embeddable":true,"href":"https:\/\/www.fiemg.com.br\/fiemg\/wp-json\/wp\/v2\/media\/2185"}],"wp:attachment":[{"href":"https:\/\/www.fiemg.com.br\/fiemg\/wp-json\/wp\/v2\/media?parent=1151"}],"curies":[{"name":"wp","href":"https:\/\/api.w.org\/{rel}","templated":true}]}}