{"id":1058,"date":"2023-04-03T20:16:15","date_gmt":"2023-04-03T23:16:15","guid":{"rendered":"https:\/\/www.fiemg.com.br\/regional-alto-paranaiba\/gestao-2022-2025\/"},"modified":"2023-12-12T17:36:48","modified_gmt":"2023-12-12T20:36:48","slug":"gestao-2022-2025","status":"publish","type":"page","link":"https:\/\/www.fiemg.com.br\/regional-alto-paranaiba\/gestao-2022-2025\/","title":{"rendered":"Gest\u00e3o 2022-2025"},"content":{"rendered":"<p><strong>DIRETORIA<\/strong> <strong>FIEMG<\/strong> 2022-2025<\/p>\n<p>Presidente FIEMG<\/p>\n<p>FL\u00c1VIO ROSCOE NOGUEIRA<\/p>\n<p>Vice-Presidentes<\/p>\n<p>BRUNO MELO LIMA<\/p>\n<p>CARLOS M\u00c1RIO DE MORAES<\/p>\n<p>DANIEL MAGALH\u00c3ES JUNQUEIRA<\/p>\n<p>EMIR CADAR FILHO<\/p>\n<p>FABIO ALEXANDRE SACIOTO<\/p>\n<p>JEFFERSON DE PAULA<\/p>\n<p>JOS\u00c9 FERNANDO COURA<\/p>\n<p>MARCOS VIN\u00cdCIUS ROCHA SAVOI<\/p>\n<p>M\u00c1RIO MORAIS MARQUES<\/p>\n<p>PEDRO C\u00c9SAR SPINA<\/p>\n<p>REN\u00c9 WAKIL J\u00daNIOR<\/p>\n<p>ROBERT CARLOS LYRA<\/p>\n<p>ROBERTO DE SOUZA PINTO<\/p>\n<p>TEODOMIRO DINIZ CAMARGOS<\/p>\n<p>WINICIUS SEGANTINE DANTAS<\/p>\n<p>Diretores-Secret\u00e1rios<\/p>\n<p>1\u00ba \u2013 RODRIGO REZENDE SIM\u00d5ES<\/p>\n<p>2\u00ba \u2013 ALEXANDRE MOL PESSOA DE FARIA<\/p>\n<p>Diretores Financeiros<\/p>\n<p>1\u00ba \u2013 GUILHERME SILVA COSTA ABRANTES<\/p>\n<p>2\u00ba \u2013 ALEXANDRE MAGNO D\u2019ASSUN\u00c7\u00c3O FREITAS<\/p>\n<p>Vice-Presidentes\u00a0 (Regionais)<\/p>\n<p>ADAUTO MARQUES BATISTA \/ Norte<\/p>\n<p>EDUARDO AUGUSTO NUNES SOARES \/ Centro-Oeste<\/p>\n<p>FLAVIANO MIRCO GAGGIATO \/ Vale do A\u00e7o<\/p>\n<p>HEVERALDO LIMA DE CASTRO \/ Zona da Mata<\/p>\n<p>JO\u00c3O BATISTA GOMES PELEGRINI \/ Vale do Parana\u00edba<\/p>\n<p>JOS\u00c9 BALBINO MAIA DE FIGUEIREDO \/ Vale do Jequitinhonha<\/p>\n<p>MARCOS LOPES FARIAS \/ Rio Doce<\/p>\n<p>NOBORU BATISTUTA NANYA \/ Vale do Rio Grande<\/p>\n<p>ROBERTO REVELINO SILVA \/ Pontal do Triangulo<\/p>\n<p>RODRIGO COSTA BATISTA \/ Sul<\/p>\n<p>TERESINHA GON\u00c7ALVES DE SOUSA MARTINS \/ Alto Parana\u00edba<\/p>\n<p>Diretores Consultivos \u2013 Titulares<\/p>\n<p>AGUINALDO\u00a0 \u00a0REZENDE<\/p>\n<p>ANA L\u00daCIA DE LORENZO<\/p>\n<p>ANT\u00d4NIO EDUARDO BAGGIO<\/p>\n<p>EDUARDO CARVALHO F\u00c9LIX<\/p>\n<p>FAUSTO GABRIEL DOS SANTOS<\/p>\n<p>FERNANDO CARAM PATRUS<\/p>\n<p>FRANCISCO S\u00c9RGIO SILVESTRE<\/p>\n<p>HELOISA BERTOLI<\/p>\n<p>IVANA SERPA BRAGA<\/p>\n<p>JO\u00c3O CARLOS MINELLO<\/p>\n<p>JO\u00c3O LUIS ROCHA DO AMARAL<\/p>\n<p>JOS\u00c9 FL\u00c1VIO ZAGO<\/p>\n<p>LUIZ RAUL ALEIXO BARCELOS<\/p>\n<p>MAUR\u00cdCIO DE SOUZA LIMA<\/p>\n<p>NELSON JOS\u00c9 GOMES BARBOSA<\/p>\n<p>OL\u00cdMPIO ANT\u00d4NIO MAIA ABREU<\/p>\n<p>OSMAR GERALDO R\u00caGO CUNHA<\/p>\n<p>RICARDO ALENCAR DIAS<\/p>\n<p>RICARDO MARTINS<\/p>\n<p>RODRIGO SILVA FERNANDES<\/p>\n<p>RODRIGO VELLOSO DE ALMEIDA<\/p>\n<p>RONAN EUST\u00c1QUIO DA SILVA J\u00daNIOR<\/p>\n<p>S\u00c9RGIO TAVARES PIRES<\/p>\n<p>VIN\u00cdCIUS HENRIQUE ALMEIDA SOUSA<\/p>\n<p>WENILSON FERNANDES CARNEIRO<\/p>\n<p>Conselheiros Fiscais \u2013 Efetivos<\/p>\n<p>L\u00daCIO SILVA<\/p>\n<p>MARI\u00c2NGELA MIRANDA MARCON<\/p>\n<p>RALPH LUIZ PERRUPATO<\/p>\n<p>Conselheiros Fiscais \u2013 Suplentes<\/p>\n<p>LISANDRO DE QUEIROZ BICALHO<\/p>\n<p>ROG\u00c9RIO\u00a0 \u00a0MASCARENHAS\u00a0 \u00a0CEZARINI<\/p>\n<p>ROLAND MARIA HENRY THOMAS GOBLIRSCH FREIHERR VON URBAN<\/p>\n<p>Diretores Consultivos \u2013 Suplentes<\/p>\n<p>ANA L\u00daCIA MACHADO SABINO<\/p>\n<p>ANSELMO VASCONCELLOS NETO<\/p>\n<p>AROLDO TEODORO CAMPOS<\/p>\n<p>DOMINGOS S\u00c1VIO DE ARA\u00daJO<\/p>\n<p>DYLTON LYZARDO DIAS<\/p>\n<p>EDIVAR GERALDO RODRIGUES<\/p>\n<p>EFTHYMIOS PANAYOTES EMMANUEL TSATSAKIS<\/p>\n<p>ELI FOSCARINI<\/p>\n<p>FABIANO GUIMAR\u00c3ES RODRIGUES<\/p>\n<p>FABIANO SOARES NOGUEIRA<\/p>\n<p>GERALDO LUCIANO SILVA<\/p>\n<p>HUMBERTO TAVARES NOGUEIRA<\/p>\n<p>IRANI MACHADO DE MORAES<\/p>\n<p>JAYME CARVALHO RIBEIRO<\/p>\n<p>JEOVANE GERALDO DA SILVEIRA<\/p>\n<p>JO\u00c3O BATISTA ALVES<\/p>\n<p>L\u00cdLIA CRISTINA DA COSTA LIMA<\/p>\n<p>LUCIANO LOPES VELUDO<\/p>\n<p>MAGNALDO GERALDO FILHO<\/p>\n<p>MARCELO FINAMORE DE ASSIS<\/p>\n<p>PAULO ANDR\u00c9 DE ALC\u00c2NTARA NACIFE<\/p>\n<p>ROG\u00c9RIO M\u00c1RCIO VASCONCELLOS<\/p>\n<p>S\u00c9RGIO MEIRELLES FILHO<\/p>\n<p>VAGNALDO GERALDO FONSECA<\/p>\n<p>WALTER ROQUE BALDI J\u00daNIOR<\/p>\n<p>Delegados junto \u00e0 CNI \u2013 Efetivos<\/p>\n<p>FL\u00c1VIO ROSCOE NOGUEIRA<\/p>\n<p>MANOEL PEREIRA BERNARDES<\/p>\n<p>Delegados junto \u00e0 CNI \u2013 Suplentes<\/p>\n<p>ALEXANDRE PESTANA DA SILVA<\/p>\n<p>SEBASTI\u00c3O ROG\u00c9RIO TEIXEIRA<\/p>\n","protected":false},"excerpt":{"rendered":"<p>DIRETORIA FIEMG 2022-2025 Presidente FIEMG FL\u00c1VIO ROSCOE NOGUEIRA Vice-Presidentes BRUNO MELO LIMA CARLOS M\u00c1RIO DE MORAES DANIEL MAGALH\u00c3ES JUNQUEIRA EMIR CADAR FILHO FABIO ALEXANDRE SACIOTO JEFFERSON DE PAULA JOS\u00c9 FERNANDO COURA MARCOS VIN\u00cdCIUS ROCHA SAVOI M\u00c1RIO MORAIS MARQUES PEDRO C\u00c9SAR SPINA REN\u00c9 WAKIL J\u00daNIOR ROBERT CARLOS LYRA ROBERTO DE SOUZA PINTO TEODOMIRO DINIZ CAMARGOS WINICIUS [&hellip;]<\/p>\n","protected":false},"author":1,"featured_media":1553,"parent":0,"menu_order":46,"comment_status":"closed","ping_status":"closed","template":"","meta":{"footnotes":""},"class_list":["post-1058","page","type-page","status-publish","has-post-thumbnail","hentry"],"acf":[],"yoast_head":"<!-- This site is optimized with the Yoast SEO plugin v26.2 - https:\/\/yoast.com\/wordpress\/plugins\/seo\/ -->\n<title>Gest\u00e3o 2022-2025 - Regional Alto Parana\u00edba<\/title>\n<meta name=\"robots\" content=\"index, follow, max-snippet:-1, max-image-preview:large, max-video-preview:-1\" \/>\n<link rel=\"canonical\" href=\"https:\/\/www.fiemg.com.br\/regional-alto-paranaiba\/gestao-2022-2025\/\" \/>\n<meta property=\"og:locale\" content=\"pt_BR\" \/>\n<meta property=\"og:type\" content=\"article\" \/>\n<meta property=\"og:title\" content=\"Gest\u00e3o 2022-2025 - Regional Alto Parana\u00edba\" \/>\n<meta property=\"og:description\" content=\"DIRETORIA FIEMG 2022-2025 Presidente FIEMG FL\u00c1VIO ROSCOE NOGUEIRA Vice-Presidentes BRUNO MELO LIMA CARLOS M\u00c1RIO DE MORAES DANIEL MAGALH\u00c3ES JUNQUEIRA EMIR CADAR FILHO FABIO ALEXANDRE SACIOTO JEFFERSON DE PAULA JOS\u00c9 FERNANDO COURA MARCOS VIN\u00cdCIUS ROCHA SAVOI M\u00c1RIO MORAIS MARQUES PEDRO C\u00c9SAR SPINA REN\u00c9 WAKIL J\u00daNIOR ROBERT CARLOS LYRA ROBERTO DE SOUZA PINTO TEODOMIRO DINIZ CAMARGOS WINICIUS [&hellip;]\" \/>\n<meta property=\"og:url\" content=\"https:\/\/www.fiemg.com.br\/regional-alto-paranaiba\/gestao-2022-2025\/\" \/>\n<meta property=\"og:site_name\" content=\"Regional Alto Parana\u00edba\" \/>\n<meta property=\"article:modified_time\" content=\"2023-12-12T20:36:48+00:00\" \/>\n<meta property=\"og:image\" content=\"https:\/\/www.fiemg.com.br\/regional-alto-paranaiba\/wp-content\/uploads\/sites\/15\/2023\/07\/default.png\" \/>\n\t<meta property=\"og:image:width\" content=\"300\" \/>\n\t<meta property=\"og:image:height\" content=\"300\" \/>\n\t<meta property=\"og:image:type\" content=\"image\/png\" \/>\n<meta name=\"twitter:card\" content=\"summary_large_image\" \/>\n<script type=\"application\/ld+json\" class=\"yoast-schema-graph\">{\"@context\":\"https:\/\/schema.org\",\"@graph\":[{\"@type\":\"WebPage\",\"@id\":\"https:\/\/www.fiemg.com.br\/regional-alto-paranaiba\/gestao-2022-2025\/\",\"url\":\"https:\/\/www.fiemg.com.br\/regional-alto-paranaiba\/gestao-2022-2025\/\",\"name\":\"Gest\u00e3o 2022-2025 - Regional Alto Parana\u00edba\",\"isPartOf\":{\"@id\":\"https:\/\/www.fiemg.com.br\/regional-alto-paranaiba\/#website\"},\"primaryImageOfPage\":{\"@id\":\"https:\/\/www.fiemg.com.br\/regional-alto-paranaiba\/gestao-2022-2025\/#primaryimage\"},\"image\":{\"@id\":\"https:\/\/www.fiemg.com.br\/regional-alto-paranaiba\/gestao-2022-2025\/#primaryimage\"},\"thumbnailUrl\":\"https:\/\/www.fiemg.com.br\/regional-alto-paranaiba\/wp-content\/uploads\/sites\/15\/2023\/08\/default.png\",\"datePublished\":\"2023-04-03T23:16:15+00:00\",\"dateModified\":\"2023-12-12T20:36:48+00:00\",\"breadcrumb\":{\"@id\":\"https:\/\/www.fiemg.com.br\/regional-alto-paranaiba\/gestao-2022-2025\/#breadcrumb\"},\"inLanguage\":\"pt-BR\",\"potentialAction\":[{\"@type\":\"ReadAction\",\"target\":[\"https:\/\/www.fiemg.com.br\/regional-alto-paranaiba\/gestao-2022-2025\/\"]}]},{\"@type\":\"ImageObject\",\"inLanguage\":\"pt-BR\",\"@id\":\"https:\/\/www.fiemg.com.br\/regional-alto-paranaiba\/gestao-2022-2025\/#primaryimage\",\"url\":\"https:\/\/www.fiemg.com.br\/regional-alto-paranaiba\/wp-content\/uploads\/sites\/15\/2023\/08\/default.png\",\"contentUrl\":\"https:\/\/www.fiemg.com.br\/regional-alto-paranaiba\/wp-content\/uploads\/sites\/15\/2023\/08\/default.png\",\"width\":300,\"height\":300},{\"@type\":\"BreadcrumbList\",\"@id\":\"https:\/\/www.fiemg.com.br\/regional-alto-paranaiba\/gestao-2022-2025\/#breadcrumb\",\"itemListElement\":[{\"@type\":\"ListItem\",\"position\":1,\"name\":\"In\u00edcio\",\"item\":\"https:\/\/www.fiemg.com.br\/regional-alto-paranaiba\/\"},{\"@type\":\"ListItem\",\"position\":2,\"name\":\"Gest\u00e3o 2022-2025\"}]},{\"@type\":\"WebSite\",\"@id\":\"https:\/\/www.fiemg.com.br\/regional-alto-paranaiba\/#website\",\"url\":\"https:\/\/www.fiemg.com.br\/regional-alto-paranaiba\/\",\"name\":\"Regional Alto Parana\u00edba\",\"description\":\"Federa\u00e7\u00e3o das Ind\u00fastrias do Estado de Minas Gerais\",\"publisher\":{\"@id\":\"https:\/\/www.fiemg.com.br\/regional-alto-paranaiba\/#organization\"},\"potentialAction\":[{\"@type\":\"SearchAction\",\"target\":{\"@type\":\"EntryPoint\",\"urlTemplate\":\"https:\/\/www.fiemg.com.br\/regional-alto-paranaiba\/?s={search_term_string}\"},\"query-input\":{\"@type\":\"PropertyValueSpecification\",\"valueRequired\":true,\"valueName\":\"search_term_string\"}}],\"inLanguage\":\"pt-BR\"},{\"@type\":\"Organization\",\"@id\":\"https:\/\/www.fiemg.com.br\/regional-alto-paranaiba\/#organization\",\"name\":\"Regional Alto Parana\u00edba\",\"url\":\"https:\/\/www.fiemg.com.br\/regional-alto-paranaiba\/\",\"logo\":{\"@type\":\"ImageObject\",\"inLanguage\":\"pt-BR\",\"@id\":\"https:\/\/www.fiemg.com.br\/regional-alto-paranaiba\/#\/schema\/logo\/image\/\",\"url\":\"https:\/\/www.fiemg.com.br\/regional-alto-paranaiba\/wp-content\/uploads\/sites\/15\/2023\/02\/Ativo-1.png\",\"contentUrl\":\"https:\/\/www.fiemg.com.br\/regional-alto-paranaiba\/wp-content\/uploads\/sites\/15\/2023\/02\/Ativo-1.png\",\"width\":563,\"height\":149,\"caption\":\"Regional Alto Parana\u00edba\"},\"image\":{\"@id\":\"https:\/\/www.fiemg.com.br\/regional-alto-paranaiba\/#\/schema\/logo\/image\/\"}}]}<\/script>\n<!-- \/ Yoast SEO plugin. -->","yoast_head_json":{"title":"Gest\u00e3o 2022-2025 - Regional Alto Parana\u00edba","robots":{"index":"index","follow":"follow","max-snippet":"max-snippet:-1","max-image-preview":"max-image-preview:large","max-video-preview":"max-video-preview:-1"},"canonical":"https:\/\/www.fiemg.com.br\/regional-alto-paranaiba\/gestao-2022-2025\/","og_locale":"pt_BR","og_type":"article","og_title":"Gest\u00e3o 2022-2025 - Regional Alto Parana\u00edba","og_description":"DIRETORIA FIEMG 2022-2025 Presidente FIEMG FL\u00c1VIO ROSCOE NOGUEIRA Vice-Presidentes BRUNO MELO LIMA CARLOS M\u00c1RIO DE MORAES DANIEL MAGALH\u00c3ES JUNQUEIRA EMIR CADAR FILHO FABIO ALEXANDRE SACIOTO JEFFERSON DE PAULA JOS\u00c9 FERNANDO COURA MARCOS VIN\u00cdCIUS ROCHA SAVOI M\u00c1RIO MORAIS MARQUES PEDRO C\u00c9SAR SPINA REN\u00c9 WAKIL J\u00daNIOR ROBERT CARLOS LYRA ROBERTO DE SOUZA PINTO TEODOMIRO DINIZ CAMARGOS WINICIUS [&hellip;]","og_url":"https:\/\/www.fiemg.com.br\/regional-alto-paranaiba\/gestao-2022-2025\/","og_site_name":"Regional Alto Parana\u00edba","article_modified_time":"2023-12-12T20:36:48+00:00","og_image":[{"width":300,"height":300,"url":"https:\/\/www.fiemg.com.br\/regional-alto-paranaiba\/wp-content\/uploads\/sites\/15\/2023\/07\/default.png","type":"image\/png"}],"twitter_card":"summary_large_image","schema":{"@context":"https:\/\/schema.org","@graph":[{"@type":"WebPage","@id":"https:\/\/www.fiemg.com.br\/regional-alto-paranaiba\/gestao-2022-2025\/","url":"https:\/\/www.fiemg.com.br\/regional-alto-paranaiba\/gestao-2022-2025\/","name":"Gest\u00e3o 2022-2025 - Regional Alto Parana\u00edba","isPartOf":{"@id":"https:\/\/www.fiemg.com.br\/regional-alto-paranaiba\/#website"},"primaryImageOfPage":{"@id":"https:\/\/www.fiemg.com.br\/regional-alto-paranaiba\/gestao-2022-2025\/#primaryimage"},"image":{"@id":"https:\/\/www.fiemg.com.br\/regional-alto-paranaiba\/gestao-2022-2025\/#primaryimage"},"thumbnailUrl":"https:\/\/www.fiemg.com.br\/regional-alto-paranaiba\/wp-content\/uploads\/sites\/15\/2023\/08\/default.png","datePublished":"2023-04-03T23:16:15+00:00","dateModified":"2023-12-12T20:36:48+00:00","breadcrumb":{"@id":"https:\/\/www.fiemg.com.br\/regional-alto-paranaiba\/gestao-2022-2025\/#breadcrumb"},"inLanguage":"pt-BR","potentialAction":[{"@type":"ReadAction","target":["https:\/\/www.fiemg.com.br\/regional-alto-paranaiba\/gestao-2022-2025\/"]}]},{"@type":"ImageObject","inLanguage":"pt-BR","@id":"https:\/\/www.fiemg.com.br\/regional-alto-paranaiba\/gestao-2022-2025\/#primaryimage","url":"https:\/\/www.fiemg.com.br\/regional-alto-paranaiba\/wp-content\/uploads\/sites\/15\/2023\/08\/default.png","contentUrl":"https:\/\/www.fiemg.com.br\/regional-alto-paranaiba\/wp-content\/uploads\/sites\/15\/2023\/08\/default.png","width":300,"height":300},{"@type":"BreadcrumbList","@id":"https:\/\/www.fiemg.com.br\/regional-alto-paranaiba\/gestao-2022-2025\/#breadcrumb","itemListElement":[{"@type":"ListItem","position":1,"name":"In\u00edcio","item":"https:\/\/www.fiemg.com.br\/regional-alto-paranaiba\/"},{"@type":"ListItem","position":2,"name":"Gest\u00e3o 2022-2025"}]},{"@type":"WebSite","@id":"https:\/\/www.fiemg.com.br\/regional-alto-paranaiba\/#website","url":"https:\/\/www.fiemg.com.br\/regional-alto-paranaiba\/","name":"Regional Alto Parana\u00edba","description":"Federa\u00e7\u00e3o das Ind\u00fastrias do Estado de Minas Gerais","publisher":{"@id":"https:\/\/www.fiemg.com.br\/regional-alto-paranaiba\/#organization"},"potentialAction":[{"@type":"SearchAction","target":{"@type":"EntryPoint","urlTemplate":"https:\/\/www.fiemg.com.br\/regional-alto-paranaiba\/?s={search_term_string}"},"query-input":{"@type":"PropertyValueSpecification","valueRequired":true,"valueName":"search_term_string"}}],"inLanguage":"pt-BR"},{"@type":"Organization","@id":"https:\/\/www.fiemg.com.br\/regional-alto-paranaiba\/#organization","name":"Regional Alto Parana\u00edba","url":"https:\/\/www.fiemg.com.br\/regional-alto-paranaiba\/","logo":{"@type":"ImageObject","inLanguage":"pt-BR","@id":"https:\/\/www.fiemg.com.br\/regional-alto-paranaiba\/#\/schema\/logo\/image\/","url":"https:\/\/www.fiemg.com.br\/regional-alto-paranaiba\/wp-content\/uploads\/sites\/15\/2023\/02\/Ativo-1.png","contentUrl":"https:\/\/www.fiemg.com.br\/regional-alto-paranaiba\/wp-content\/uploads\/sites\/15\/2023\/02\/Ativo-1.png","width":563,"height":149,"caption":"Regional Alto Parana\u00edba"},"image":{"@id":"https:\/\/www.fiemg.com.br\/regional-alto-paranaiba\/#\/schema\/logo\/image\/"}}]}},"_links":{"self":[{"href":"https:\/\/www.fiemg.com.br\/regional-alto-paranaiba\/wp-json\/wp\/v2\/pages\/1058","targetHints":{"allow":["GET"]}}],"collection":[{"href":"https:\/\/www.fiemg.com.br\/regional-alto-paranaiba\/wp-json\/wp\/v2\/pages"}],"about":[{"href":"https:\/\/www.fiemg.com.br\/regional-alto-paranaiba\/wp-json\/wp\/v2\/types\/page"}],"author":[{"embeddable":true,"href":"https:\/\/www.fiemg.com.br\/regional-alto-paranaiba\/wp-json\/wp\/v2\/users\/1"}],"replies":[{"embeddable":true,"href":"https:\/\/www.fiemg.com.br\/regional-alto-paranaiba\/wp-json\/wp\/v2\/comments?post=1058"}],"version-history":[{"count":0,"href":"https:\/\/www.fiemg.com.br\/regional-alto-paranaiba\/wp-json\/wp\/v2\/pages\/1058\/revisions"}],"wp:featuredmedia":[{"embeddable":true,"href":"https:\/\/www.fiemg.com.br\/regional-alto-paranaiba\/wp-json\/wp\/v2\/media\/1553"}],"wp:attachment":[{"href":"https:\/\/www.fiemg.com.br\/regional-alto-paranaiba\/wp-json\/wp\/v2\/media?parent=1058"}],"curies":[{"name":"wp","href":"https:\/\/api.w.org\/{rel}","templated":true}]}}