{"id":1047,"date":"2023-03-14T00:10:56","date_gmt":"2023-03-14T00:10:56","guid":{"rendered":"https:\/\/www.fiemg.com.br\/regional-pontal-do-triangulo\/mais-fiemg\/"},"modified":"2023-07-15T14:40:44","modified_gmt":"2023-07-15T14:40:44","slug":"mais-pontal-do-triangulo","status":"publish","type":"page","link":"https:\/\/www.fiemg.com.br\/regional-pontal-do-triangulo\/mais-pontal-do-triangulo\/","title":{"rendered":"+Pontal do Tri\u00e2ngulo"},"content":{"rendered":"\t\t<div data-elementor-type=\"wp-page\" data-elementor-id=\"1047\" class=\"elementor elementor-1047\" data-elementor-post-type=\"page\">\n\t\t\t\t\t\t<section class=\"has_ae_slider elementor-section elementor-top-section elementor-element elementor-element-2d80190 elementor-section-boxed elementor-section-height-default elementor-section-height-default ae-bg-gallery-type-default\" data-id=\"2d80190\" data-element_type=\"section\">\n\t\t\t\t\t\t<div class=\"elementor-container elementor-column-gap-no\">\n\t\t\t\t\t<div class=\"has_ae_slider elementor-column elementor-col-100 elementor-top-column elementor-element elementor-element-ff9d169 ae-bg-gallery-type-default\" data-id=\"ff9d169\" data-element_type=\"column\">\n\t\t\t<div class=\"elementor-widget-wrap elementor-element-populated\">\n\t\t\t\t\t\t<div class=\"elementor-element elementor-element-c34c566 elementor-widget-divider--view-line elementor-widget elementor-widget-divider\" data-id=\"c34c566\" data-element_type=\"widget\" data-widget_type=\"divider.default\">\n\t\t\t\t<div class=\"elementor-widget-container\">\n\t\t\t\t\t\t\t<div class=\"elementor-divider\">\n\t\t\t<span class=\"elementor-divider-separator\">\n\t\t\t\t\t\t<\/span>\n\t\t<\/div>\n\t\t\t\t\t\t<\/div>\n\t\t\t\t<\/div>\n\t\t\t\t\t<\/div>\n\t\t<\/div>\n\t\t\t\t\t<\/div>\n\t\t<\/section>\n\t\t\t\t<section class=\"has_ae_slider elementor-section elementor-top-section elementor-element elementor-element-ec281bb elementor-section-boxed elementor-section-height-default elementor-section-height-default ae-bg-gallery-type-default\" data-id=\"ec281bb\" data-element_type=\"section\">\n\t\t\t\t\t\t<div class=\"elementor-container elementor-column-gap-default\">\n\t\t\t\t\t<div class=\"has_ae_slider elementor-column elementor-col-100 elementor-top-column elementor-element elementor-element-6ec6d30 ae-bg-gallery-type-default\" data-id=\"6ec6d30\" data-element_type=\"column\">\n\t\t\t<div class=\"elementor-widget-wrap elementor-element-populated\">\n\t\t\t\t\t\t<div class=\"elementor-element elementor-element-a6cd68f elementor-align-left elementor-widget__width-auto elementor-widget elementor-widget-breadcrumbs\" data-id=\"a6cd68f\" data-element_type=\"widget\" data-widget_type=\"breadcrumbs.default\">\n\t\t\t\t<div class=\"elementor-widget-container\">\n\t\t\t\t\t<p id=\"breadcrumbs\"><span><span><a href=\"https:\/\/www.fiemg.com.br\/regional-pontal-do-triangulo\/\">In\u00edcio<\/a><\/span><\/span><\/p>\t\t\t\t<\/div>\n\t\t\t\t<\/div>\n\t\t\t\t<div class=\"elementor-element elementor-element-6b0c465 elementor-widget-divider--view-line elementor-widget elementor-widget-divider\" data-id=\"6b0c465\" data-element_type=\"widget\" data-widget_type=\"divider.default\">\n\t\t\t\t<div class=\"elementor-widget-container\">\n\t\t\t\t\t\t\t<div class=\"elementor-divider\">\n\t\t\t<span class=\"elementor-divider-separator\">\n\t\t\t\t\t\t<\/span>\n\t\t<\/div>\n\t\t\t\t\t\t<\/div>\n\t\t\t\t<\/div>\n\t\t\t\t\t<\/div>\n\t\t<\/div>\n\t\t\t\t\t<\/div>\n\t\t<\/section>\n\t\t\t\t<section class=\"has_ae_slider elementor-section elementor-top-section elementor-element elementor-element-6b0ddf6 elementor-section-full_width elementor-section-height-default elementor-section-height-default ae-bg-gallery-type-default\" data-id=\"6b0ddf6\" data-element_type=\"section\">\n\t\t\t\t\t\t<div class=\"elementor-container elementor-column-gap-no\">\n\t\t\t\t\t<div class=\"has_ae_slider elementor-column elementor-col-100 elementor-top-column elementor-element elementor-element-788a2ff ae-bg-gallery-type-default\" data-id=\"788a2ff\" data-element_type=\"column\">\n\t\t\t<div class=\"elementor-widget-wrap elementor-element-populated\">\n\t\t\t\t\t\t<div class=\"elementor-element elementor-element-e973724 elementor-widget elementor-widget-image\" data-id=\"e973724\" data-element_type=\"widget\" data-widget_type=\"image.default\">\n\t\t\t\t<div class=\"elementor-widget-container\">\n\t\t\t\t\t\t\t\t\t\t\t\t\t\t\t\t<a href=\"https:\/\/www.youtube.com\/watch?v=itBcmz0s5G8\">\n\t\t\t\t\t\t\t<img fetchpriority=\"high\" decoding=\"async\" width=\"1920\" height=\"311\" src=\"https:\/\/www.fiemg.com.br\/regional-pontal-do-triangulo\/wp-content\/uploads\/sites\/18\/2023\/03\/MF000323A_MegaBannerVideo_03.png\" class=\"attachment-full size-full wp-image-317\" alt=\"\" srcset=\"https:\/\/www.fiemg.com.br\/regional-pontal-do-triangulo\/wp-content\/uploads\/sites\/18\/2023\/03\/MF000323A_MegaBannerVideo_03.png 1920w, https:\/\/www.fiemg.com.br\/regional-pontal-do-triangulo\/wp-content\/uploads\/sites\/18\/2023\/03\/MF000323A_MegaBannerVideo_03-300x49.png 300w, https:\/\/www.fiemg.com.br\/regional-pontal-do-triangulo\/wp-content\/uploads\/sites\/18\/2023\/03\/MF000323A_MegaBannerVideo_03-1024x166.png 1024w, https:\/\/www.fiemg.com.br\/regional-pontal-do-triangulo\/wp-content\/uploads\/sites\/18\/2023\/03\/MF000323A_MegaBannerVideo_03-768x124.png 768w, https:\/\/www.fiemg.com.br\/regional-pontal-do-triangulo\/wp-content\/uploads\/sites\/18\/2023\/03\/MF000323A_MegaBannerVideo_03-1536x249.png 1536w\" sizes=\"(max-width: 1920px) 100vw, 1920px\" \/>\t\t\t\t\t\t\t\t<\/a>\n\t\t\t\t\t\t\t\t\t\t\t\t\t\t\t<\/div>\n\t\t\t\t<\/div>\n\t\t\t\t\t<\/div>\n\t\t<\/div>\n\t\t\t\t\t<\/div>\n\t\t<\/section>\n\t\t\t\t<section class=\"has_ae_slider elementor-section elementor-top-section elementor-element elementor-element-006eee5 elementor-section-boxed elementor-section-height-default elementor-section-height-default ae-bg-gallery-type-default\" data-id=\"006eee5\" data-element_type=\"section\">\n\t\t\t\t\t\t<div class=\"elementor-container elementor-column-gap-default\">\n\t\t\t\t\t<div class=\"has_ae_slider elementor-column elementor-col-100 elementor-top-column elementor-element elementor-element-ba3ad48 ae-bg-gallery-type-default\" data-id=\"ba3ad48\" data-element_type=\"column\">\n\t\t\t<div class=\"elementor-widget-wrap elementor-element-populated\">\n\t\t\t\t\t\t<div class=\"elementor-element elementor-element-2946529 elementor-widget elementor-widget-spacer\" data-id=\"2946529\" data-element_type=\"widget\" data-widget_type=\"spacer.default\">\n\t\t\t\t<div class=\"elementor-widget-container\">\n\t\t\t\t\t\t\t<div class=\"elementor-spacer\">\n\t\t\t<div class=\"elementor-spacer-inner\"><\/div>\n\t\t<\/div>\n\t\t\t\t\t\t<\/div>\n\t\t\t\t<\/div>\n\t\t\t\t<div class=\"elementor-element elementor-element-f5f298a elementor-widget elementor-widget-text-editor\" data-id=\"f5f298a\" data-element_type=\"widget\" data-widget_type=\"text-editor.default\">\n\t\t\t\t<div class=\"elementor-widget-container\">\n\t\t\t\t\t\t\t\t\t<h4><strong>O que \u00e9 o Sistema FIEMG?<\/strong><\/h4>\n<p>Somos a\u00a0<strong><a href=\"..\/..\/\" target=\"_blank\" rel=\"noopener\">Federa\u00e7\u00e3o das Ind\u00fastrias do Estado de Minas Gerais (FIEMG)<\/a>.\u00a0<\/strong>Representamos, h\u00e1 90 anos, o setor industrial mineiro e atuamos na defesa de seus interesses local e nacionalmente.<\/p>\n<p>Impulsionamos a ind\u00fastria a desenvolver neg\u00f3cios e produtos de impacto, com retorno social e financeiro, em um mundo que precisa diminuir desigualdades.<\/p>\n<p>Atendemos as demandas da ind\u00fastria e da sociedade por meio das nossas \u00e1reas de neg\u00f3cios e de nossas entidades:\u00a0<strong><a href=\"..\/..\/ciemg\">Centro Industrial e Empresarial de Minas Gerais (CIEMG)<\/a>,\u00a0<a href=\"..\/..\/sesi\">Servi\u00e7o Social da Ind\u00fastria (SESI)<\/a>,\u00a0<a href=\"..\/..\/senai\">Servi\u00e7o Nacional de Aprendizagem Industrial (SENAI)<\/a>\u00a0e\u00a0<a href=\"..\/..\/iel\">Instituto Euvaldo Lodi (IEL)<\/a>.<\/strong>\u00a0Juntas, essas empresas oferecem \u00e0 ind\u00fastria mineira estrat\u00e9gias para o desenvolvimento industrial e forma\u00e7\u00e3o da for\u00e7a de trabalho, inclusive, preparando novas gera\u00e7\u00f5es para a ind\u00fastria do futuro.<\/p>\n<p>A capilaridade da federa\u00e7\u00e3o no estado se d\u00e1 por suas\u00a0<strong>Regionais, Unidades SESI e SENAI e institutos<\/strong>\u00a0distribu\u00eddos estrategicamente: a FIEMG representa os interesses da ind\u00fastria em todos os munic\u00edpios de Minas Gerais. E atua tamb\u00e9m por meio dos\u00a0<strong>Colegiados<\/strong>, formados por\u00a0<strong>C\u00e2maras e Conselhos<\/strong>, que s\u00e3o importantes f\u00f3runs de integra\u00e7\u00e3o dos empres\u00e1rios que se re\u00fanem em torno de interesses comuns.<\/p>\n<p>Nossa expertise \u00e9 traduzida em solu\u00e7\u00f5es estrat\u00e9gicas para criar neg\u00f3cios transformadores, porque acreditamos que o empreendedorismo engajado, aliado \u00e0 tecnologia e inova\u00e7\u00e3o, pode transformar positivamente a realidade de milhares de pessoas.<\/p>\n<p>&nbsp;<\/p>\n<h4><strong>Prop\u00f3sito<\/strong><\/h4>\n<p>Unir a for\u00e7a da ind\u00fastria com o poder das ideias para capacitar, desenvolver e transformar.<\/p>\n<p>&nbsp;<\/p>\n<h4><strong>Vis\u00e3o<\/strong><\/h4>\n<p>Ser refer\u00eancia no Brasil, junto ao Setor Produtivo, na Defesa de Interesses, no fortalecimento do Associativismo, na melhoria da Educa\u00e7\u00e3o e no alcance da Ind\u00fastria do Futuro.<\/p>\n<h4><strong>Valores<\/strong><\/h4>\n<p>&#8211; Compromisso com o cliente<\/p>\n<p>&#8211; Integridade e coopera\u00e7\u00e3o<\/p>\n<p>&#8211; Empreendedorismo e sustentabilidade<\/p>\n<p>&#8211; Respeito e cuidado<\/p>\n<p>&#8211; Efici\u00eancia e alta performance<\/p>\n<p>&nbsp;<\/p>\n<h4><strong>FIEMG Regionais<\/strong><\/h4>\n<ul>\n<li><a href=\"..\/..\/Regionais\/alto-paranaiba\" target=\"_blank\" rel=\"noopener\">Alto Parana\u00edba<\/a><\/li>\n<li><a href=\"..\/..\/Regionais\/centro-oeste\" target=\"_blank\" rel=\"noopener\">Centro-Oeste<\/a><\/li>\n<li><a href=\"..\/..\/Regionais\/norte\" target=\"_blank\" rel=\"noopener\">Norte<\/a><\/li>\n<li><a href=\"..\/..\/Regionais\/pontal-do-triangulo\" target=\"_blank\" rel=\"noopener\">Pontal do Triangulo<\/a><\/li>\n<li><a href=\"..\/..\/Regionais\/rio-doce\" target=\"_blank\" rel=\"noopener\">Rio Doce<\/a><\/li>\n<li><a href=\"..\/..\/Regionais\/sede\" target=\"_blank\" rel=\"noopener\">Sede<\/a><\/li>\n<li><a href=\"..\/..\/Regionais\/sul\" target=\"_blank\" rel=\"noopener\">Sul<\/a><\/li>\n<li><a href=\"..\/..\/Regionais\/vale-do-aco\" target=\"_blank\" rel=\"noopener\">Vale do A\u00e7o<\/a><\/li>\n<li><a href=\"..\/..\/Regionais\/vale-do-jequitinhonha\" target=\"_blank\" rel=\"noopener\">Vale do Jequitinhonha<\/a><\/li>\n<li><a href=\"..\/..\/Regionais\/vale-do-paranaiba\" target=\"_blank\" rel=\"noopener\">Vale do Parana\u00edba<\/a><\/li>\n<li><a href=\"..\/..\/Regionais\/vale-do-rio-grande\" target=\"_blank\" rel=\"noopener\">Vale do Rio Grande<\/a><\/li>\n<li><a href=\"..\/..\/Regionais\/zona-da-mata\" target=\"_blank\" rel=\"noopener\">Zona da Mata<\/a><\/li>\n<\/ul>\n<p>&nbsp;<\/p>\n<h4><a href=\"..\/..\/produto\/camaras-conselhos-e-representacoes?prefix=&amp;link=\/produto\/camaras-conselhos-e-representacoes\" target=\"_blank\" rel=\"noopener\"><strong>C\u00e2maras, Conselhos e Representa\u00e7\u00f5es<\/strong><br \/>\n<\/a><\/h4>\n<p>&nbsp;<\/p>\n<h4><a href=\"..\/..\/wp-content\/uploads\/media\/FIEMG\/DIRETORIA_FIEMG_2022-2025.pdf\" target=\"_blank\" rel=\"noopener\"><strong style=\"background-color: #ffffff\">Gest\u00e3o 2022<\/strong><strong>-2025<\/strong><\/a><\/h4>\n\t\t\t\t\t\t\t\t<\/div>\n\t\t\t\t<\/div>\n\t\t\t\t<div class=\"elementor-element elementor-element-cf6fbf8 elementor-widget elementor-widget-spacer\" data-id=\"cf6fbf8\" data-element_type=\"widget\" data-widget_type=\"spacer.default\">\n\t\t\t\t<div class=\"elementor-widget-container\">\n\t\t\t\t\t\t\t<div class=\"elementor-spacer\">\n\t\t\t<div class=\"elementor-spacer-inner\"><\/div>\n\t\t<\/div>\n\t\t\t\t\t\t<\/div>\n\t\t\t\t<\/div>\n\t\t\t\t\t<\/div>\n\t\t<\/div>\n\t\t\t\t\t<\/div>\n\t\t<\/section>\n\t\t\t\t<\/div>\n\t\t","protected":false},"excerpt":{"rendered":"","protected":false},"author":1,"featured_media":1491,"parent":0,"menu_order":0,"comment_status":"closed","ping_status":"closed","template":"","meta":{"footnotes":""},"class_list":["post-1047","page","type-page","status-publish","has-post-thumbnail","hentry"],"acf":[],"yoast_head":"<!-- This site is optimized with the Yoast SEO plugin v26.2 - https:\/\/yoast.com\/wordpress\/plugins\/seo\/ -->\n<title>+Pontal do Tri\u00e2ngulo - Regional Pontal do Triangulo<\/title>\n<meta name=\"robots\" content=\"index, follow, max-snippet:-1, max-image-preview:large, max-video-preview:-1\" \/>\n<link rel=\"canonical\" href=\"https:\/\/www.fiemg.com.br\/regional-pontal-do-triangulo\/mais-pontal-do-triangulo\/\" \/>\n<meta property=\"og:locale\" content=\"pt_BR\" \/>\n<meta property=\"og:type\" content=\"article\" \/>\n<meta property=\"og:title\" content=\"+Pontal do Tri\u00e2ngulo - Regional Pontal do Triangulo\" \/>\n<meta property=\"og:url\" content=\"https:\/\/www.fiemg.com.br\/regional-pontal-do-triangulo\/mais-pontal-do-triangulo\/\" \/>\n<meta property=\"og:site_name\" content=\"Regional Pontal do Triangulo\" \/>\n<meta property=\"article:modified_time\" content=\"2023-07-15T14:40:44+00:00\" \/>\n<meta property=\"og:image\" content=\"https:\/\/www.fiemg.com.br\/regional-pontal-do-triangulo\/wp-content\/uploads\/sites\/18\/2023\/07\/default.png\" \/>\n\t<meta property=\"og:image:width\" content=\"300\" \/>\n\t<meta property=\"og:image:height\" content=\"300\" \/>\n\t<meta property=\"og:image:type\" content=\"image\/png\" \/>\n<meta name=\"twitter:card\" content=\"summary_large_image\" \/>\n<script type=\"application\/ld+json\" class=\"yoast-schema-graph\">{\"@context\":\"https:\/\/schema.org\",\"@graph\":[{\"@type\":\"WebPage\",\"@id\":\"https:\/\/www.fiemg.com.br\/regional-pontal-do-triangulo\/mais-pontal-do-triangulo\/\",\"url\":\"https:\/\/www.fiemg.com.br\/regional-pontal-do-triangulo\/mais-pontal-do-triangulo\/\",\"name\":\"+Pontal do Tri\u00e2ngulo - Regional Pontal do Triangulo\",\"isPartOf\":{\"@id\":\"https:\/\/www.fiemg.com.br\/regional-pontal-do-triangulo\/#website\"},\"primaryImageOfPage\":{\"@id\":\"https:\/\/www.fiemg.com.br\/regional-pontal-do-triangulo\/mais-pontal-do-triangulo\/#primaryimage\"},\"image\":{\"@id\":\"https:\/\/www.fiemg.com.br\/regional-pontal-do-triangulo\/mais-pontal-do-triangulo\/#primaryimage\"},\"thumbnailUrl\":\"https:\/\/www.fiemg.com.br\/regional-pontal-do-triangulo\/wp-content\/uploads\/sites\/18\/2023\/08\/default.png\",\"datePublished\":\"2023-03-14T00:10:56+00:00\",\"dateModified\":\"2023-07-15T14:40:44+00:00\",\"breadcrumb\":{\"@id\":\"https:\/\/www.fiemg.com.br\/regional-pontal-do-triangulo\/mais-pontal-do-triangulo\/#breadcrumb\"},\"inLanguage\":\"pt-BR\",\"potentialAction\":[{\"@type\":\"ReadAction\",\"target\":[\"https:\/\/www.fiemg.com.br\/regional-pontal-do-triangulo\/mais-pontal-do-triangulo\/\"]}]},{\"@type\":\"ImageObject\",\"inLanguage\":\"pt-BR\",\"@id\":\"https:\/\/www.fiemg.com.br\/regional-pontal-do-triangulo\/mais-pontal-do-triangulo\/#primaryimage\",\"url\":\"https:\/\/www.fiemg.com.br\/regional-pontal-do-triangulo\/wp-content\/uploads\/sites\/18\/2023\/08\/default.png\",\"contentUrl\":\"https:\/\/www.fiemg.com.br\/regional-pontal-do-triangulo\/wp-content\/uploads\/sites\/18\/2023\/08\/default.png\",\"width\":300,\"height\":300},{\"@type\":\"BreadcrumbList\",\"@id\":\"https:\/\/www.fiemg.com.br\/regional-pontal-do-triangulo\/mais-pontal-do-triangulo\/#breadcrumb\",\"itemListElement\":[{\"@type\":\"ListItem\",\"position\":1,\"name\":\"In\u00edcio\",\"item\":\"https:\/\/www.fiemg.com.br\/regional-pontal-do-triangulo\/\"},{\"@type\":\"ListItem\",\"position\":2,\"name\":\"+Pontal do Tri\u00e2ngulo\"}]},{\"@type\":\"WebSite\",\"@id\":\"https:\/\/www.fiemg.com.br\/regional-pontal-do-triangulo\/#website\",\"url\":\"https:\/\/www.fiemg.com.br\/regional-pontal-do-triangulo\/\",\"name\":\"Regional Pontal do Triangulo\",\"description\":\"Federa\u00e7\u00e3o das Ind\u00fastrias do Estado de Minas Gerais\",\"publisher\":{\"@id\":\"https:\/\/www.fiemg.com.br\/regional-pontal-do-triangulo\/#organization\"},\"potentialAction\":[{\"@type\":\"SearchAction\",\"target\":{\"@type\":\"EntryPoint\",\"urlTemplate\":\"https:\/\/www.fiemg.com.br\/regional-pontal-do-triangulo\/?s={search_term_string}\"},\"query-input\":{\"@type\":\"PropertyValueSpecification\",\"valueRequired\":true,\"valueName\":\"search_term_string\"}}],\"inLanguage\":\"pt-BR\"},{\"@type\":\"Organization\",\"@id\":\"https:\/\/www.fiemg.com.br\/regional-pontal-do-triangulo\/#organization\",\"name\":\"Regional Pontal do Triangulo\",\"url\":\"https:\/\/www.fiemg.com.br\/regional-pontal-do-triangulo\/\",\"logo\":{\"@type\":\"ImageObject\",\"inLanguage\":\"pt-BR\",\"@id\":\"https:\/\/www.fiemg.com.br\/regional-pontal-do-triangulo\/#\/schema\/logo\/image\/\",\"url\":\"https:\/\/www.fiemg.com.br\/regional-pontal-do-triangulo\/wp-content\/uploads\/sites\/18\/2023\/02\/Ativo-1.png\",\"contentUrl\":\"https:\/\/www.fiemg.com.br\/regional-pontal-do-triangulo\/wp-content\/uploads\/sites\/18\/2023\/02\/Ativo-1.png\",\"width\":563,\"height\":149,\"caption\":\"Regional Pontal do Triangulo\"},\"image\":{\"@id\":\"https:\/\/www.fiemg.com.br\/regional-pontal-do-triangulo\/#\/schema\/logo\/image\/\"}}]}<\/script>\n<!-- \/ Yoast SEO plugin. -->","yoast_head_json":{"title":"+Pontal do Tri\u00e2ngulo - Regional Pontal do Triangulo","robots":{"index":"index","follow":"follow","max-snippet":"max-snippet:-1","max-image-preview":"max-image-preview:large","max-video-preview":"max-video-preview:-1"},"canonical":"https:\/\/www.fiemg.com.br\/regional-pontal-do-triangulo\/mais-pontal-do-triangulo\/","og_locale":"pt_BR","og_type":"article","og_title":"+Pontal do Tri\u00e2ngulo - Regional Pontal do Triangulo","og_url":"https:\/\/www.fiemg.com.br\/regional-pontal-do-triangulo\/mais-pontal-do-triangulo\/","og_site_name":"Regional Pontal do Triangulo","article_modified_time":"2023-07-15T14:40:44+00:00","og_image":[{"width":300,"height":300,"url":"https:\/\/www.fiemg.com.br\/regional-pontal-do-triangulo\/wp-content\/uploads\/sites\/18\/2023\/07\/default.png","type":"image\/png"}],"twitter_card":"summary_large_image","schema":{"@context":"https:\/\/schema.org","@graph":[{"@type":"WebPage","@id":"https:\/\/www.fiemg.com.br\/regional-pontal-do-triangulo\/mais-pontal-do-triangulo\/","url":"https:\/\/www.fiemg.com.br\/regional-pontal-do-triangulo\/mais-pontal-do-triangulo\/","name":"+Pontal do Tri\u00e2ngulo - Regional Pontal do Triangulo","isPartOf":{"@id":"https:\/\/www.fiemg.com.br\/regional-pontal-do-triangulo\/#website"},"primaryImageOfPage":{"@id":"https:\/\/www.fiemg.com.br\/regional-pontal-do-triangulo\/mais-pontal-do-triangulo\/#primaryimage"},"image":{"@id":"https:\/\/www.fiemg.com.br\/regional-pontal-do-triangulo\/mais-pontal-do-triangulo\/#primaryimage"},"thumbnailUrl":"https:\/\/www.fiemg.com.br\/regional-pontal-do-triangulo\/wp-content\/uploads\/sites\/18\/2023\/08\/default.png","datePublished":"2023-03-14T00:10:56+00:00","dateModified":"2023-07-15T14:40:44+00:00","breadcrumb":{"@id":"https:\/\/www.fiemg.com.br\/regional-pontal-do-triangulo\/mais-pontal-do-triangulo\/#breadcrumb"},"inLanguage":"pt-BR","potentialAction":[{"@type":"ReadAction","target":["https:\/\/www.fiemg.com.br\/regional-pontal-do-triangulo\/mais-pontal-do-triangulo\/"]}]},{"@type":"ImageObject","inLanguage":"pt-BR","@id":"https:\/\/www.fiemg.com.br\/regional-pontal-do-triangulo\/mais-pontal-do-triangulo\/#primaryimage","url":"https:\/\/www.fiemg.com.br\/regional-pontal-do-triangulo\/wp-content\/uploads\/sites\/18\/2023\/08\/default.png","contentUrl":"https:\/\/www.fiemg.com.br\/regional-pontal-do-triangulo\/wp-content\/uploads\/sites\/18\/2023\/08\/default.png","width":300,"height":300},{"@type":"BreadcrumbList","@id":"https:\/\/www.fiemg.com.br\/regional-pontal-do-triangulo\/mais-pontal-do-triangulo\/#breadcrumb","itemListElement":[{"@type":"ListItem","position":1,"name":"In\u00edcio","item":"https:\/\/www.fiemg.com.br\/regional-pontal-do-triangulo\/"},{"@type":"ListItem","position":2,"name":"+Pontal do Tri\u00e2ngulo"}]},{"@type":"WebSite","@id":"https:\/\/www.fiemg.com.br\/regional-pontal-do-triangulo\/#website","url":"https:\/\/www.fiemg.com.br\/regional-pontal-do-triangulo\/","name":"Regional Pontal do Triangulo","description":"Federa\u00e7\u00e3o das Ind\u00fastrias do Estado de Minas Gerais","publisher":{"@id":"https:\/\/www.fiemg.com.br\/regional-pontal-do-triangulo\/#organization"},"potentialAction":[{"@type":"SearchAction","target":{"@type":"EntryPoint","urlTemplate":"https:\/\/www.fiemg.com.br\/regional-pontal-do-triangulo\/?s={search_term_string}"},"query-input":{"@type":"PropertyValueSpecification","valueRequired":true,"valueName":"search_term_string"}}],"inLanguage":"pt-BR"},{"@type":"Organization","@id":"https:\/\/www.fiemg.com.br\/regional-pontal-do-triangulo\/#organization","name":"Regional Pontal do Triangulo","url":"https:\/\/www.fiemg.com.br\/regional-pontal-do-triangulo\/","logo":{"@type":"ImageObject","inLanguage":"pt-BR","@id":"https:\/\/www.fiemg.com.br\/regional-pontal-do-triangulo\/#\/schema\/logo\/image\/","url":"https:\/\/www.fiemg.com.br\/regional-pontal-do-triangulo\/wp-content\/uploads\/sites\/18\/2023\/02\/Ativo-1.png","contentUrl":"https:\/\/www.fiemg.com.br\/regional-pontal-do-triangulo\/wp-content\/uploads\/sites\/18\/2023\/02\/Ativo-1.png","width":563,"height":149,"caption":"Regional Pontal do Triangulo"},"image":{"@id":"https:\/\/www.fiemg.com.br\/regional-pontal-do-triangulo\/#\/schema\/logo\/image\/"}}]}},"_links":{"self":[{"href":"https:\/\/www.fiemg.com.br\/regional-pontal-do-triangulo\/wp-json\/wp\/v2\/pages\/1047","targetHints":{"allow":["GET"]}}],"collection":[{"href":"https:\/\/www.fiemg.com.br\/regional-pontal-do-triangulo\/wp-json\/wp\/v2\/pages"}],"about":[{"href":"https:\/\/www.fiemg.com.br\/regional-pontal-do-triangulo\/wp-json\/wp\/v2\/types\/page"}],"author":[{"embeddable":true,"href":"https:\/\/www.fiemg.com.br\/regional-pontal-do-triangulo\/wp-json\/wp\/v2\/users\/1"}],"replies":[{"embeddable":true,"href":"https:\/\/www.fiemg.com.br\/regional-pontal-do-triangulo\/wp-json\/wp\/v2\/comments?post=1047"}],"version-history":[{"count":0,"href":"https:\/\/www.fiemg.com.br\/regional-pontal-do-triangulo\/wp-json\/wp\/v2\/pages\/1047\/revisions"}],"wp:featuredmedia":[{"embeddable":true,"href":"https:\/\/www.fiemg.com.br\/regional-pontal-do-triangulo\/wp-json\/wp\/v2\/media\/1491"}],"wp:attachment":[{"href":"https:\/\/www.fiemg.com.br\/regional-pontal-do-triangulo\/wp-json\/wp\/v2\/media?parent=1047"}],"curies":[{"name":"wp","href":"https:\/\/api.w.org\/{rel}","templated":true}]}}