{"id":1166,"date":"2023-07-10T16:50:59","date_gmt":"2023-07-10T16:50:59","guid":{"rendered":"https:\/\/www.fiemg.com.br\/regional-pontal-do-triangulo\/capacitar-pessoas\/"},"modified":"2024-10-23T15:01:05","modified_gmt":"2024-10-23T18:01:05","slug":"capacitar-pessoas","status":"publish","type":"page","link":"https:\/\/www.fiemg.com.br\/regional-pontal-do-triangulo\/capacitar-pessoas\/","title":{"rendered":"Capacitar pessoas"},"content":{"rendered":"<h2>Capacitar e educar as pessoas que transformam o presente e o futuro da ind\u00fastria.<\/h2>\n<p>Aliamos tecnologia e inova\u00e7\u00e3o para criar as <strong>melhores metodologias e oportunidades de ensino<\/strong>. Acreditamos que a educa\u00e7\u00e3o \u00e9 a melhor forma de impactar positivamente a realidade e realizar os sonhos de milhares de pessoas.<\/p>\n<p>Por isso, formamos protagonistas inovadores, estrat\u00e9gicos e preparados para conquistar os desafios do mercado e da vida.<\/p>\n<h2>SESI<\/h2>\n<h2>Com o SESI, voc\u00ea faz o futuro.<\/h2>\n<p>As melhores pr\u00e1ticas e conceitos em educa\u00e7\u00e3o mundial est\u00e3o aqui.<\/p>\n<p>\t\t\t\t\t\t\t\t\t\t\t\t\t<img fetchpriority=\"high\" decoding=\"async\" width=\"512\" height=\"512\" src=\"https:\/\/www.fiemg.com.br\/regional-pontal-do-triangulo\/wp-content\/uploads\/sites\/18\/2024\/10\/imagem_SESI_512x512px-min.jpg\" alt=\"\" \/><br \/>\n\t\t\t\t<a href=\"https:\/\/www.fiemg.com.br\/sesi\/area-de-interesse\/educacao\/educacao-infantil\/%20\"><br \/>\n\t\t\t\t\t.st0{fill:#FFFFFF;}\t\t\t\t\t\t\t\t\t\t\t<\/a><\/p>\n<h3>\n\t\t\t\t\t\t<a href=\"https:\/\/www.fiemg.com.br\/sesi\/area-de-interesse\/educacao\/educacao-infantil\/%20\"><br \/>\n\t\t\t\t\t\t\tEnsino Infantil\t\t\t\t\t\t<\/a><br \/>\n\t\t\t\t\t<\/h3>\n<p>\n\t\t\t\t\t\tDesenvolvimento integral dos alunos e o est\u00edmulo de valores e virtudes. \t\t\t\t\t<\/p>\n<p>\t\t\t\t<a href=\"https:\/\/www.fiemg.com.br\/sesi\/area-de-interesse\/educacao\/ensino-fundamental\/%20\"><br \/>\n\t\t\t\t\t.st0{fill:#FFFFFF;stroke:#FFFFFF;stroke-width:4;stroke-miterlimit:10;}\t\t\t\t\t\t\t\t\t\t\t<\/a><\/p>\n<h3>\n\t\t\t\t\t\t<a href=\"https:\/\/www.fiemg.com.br\/sesi\/area-de-interesse\/educacao\/ensino-fundamental\/%20\"><br \/>\n\t\t\t\t\t\t\tEnsino Fundamental\t\t\t\t\t\t<\/a><br \/>\n\t\t\t\t\t<\/h3>\n<p>\n\t\t\t\t\t\tAprendizado tecnol\u00f3gico que prepara pra vida e pro mercado. \t\t\t\t\t<\/p>\n<p>\t\t\t\t<a href=\"https:\/\/www.fiemg.com.br\/sesi\/area-de-interesse\/educacao\/ensino-medio\/%20\"><br \/>\n\t\t\t\t\t.st0{fill:#FFFFFF;}\t\t\t\t<\/a><\/p>\n<h3>\n\t\t\t\t\t\t<a href=\"https:\/\/www.fiemg.com.br\/sesi\/area-de-interesse\/educacao\/ensino-medio\/%20\"><br \/>\n\t\t\t\t\t\t\tEnsino M\u00e9dio\t\t\t\t\t\t<\/a><br \/>\n\t\t\t\t\t<\/h3>\n<p>\n\t\t\t\t\t\tA melhor metodologia para arrasar no ENEM e conquistar sonhos \t\t\t\t\t<\/p>\n<p>\t\t\t<a href=\"https:\/\/sesiescolas.fiemg.com.br\/\"><br \/>\n\t\t\t\t\t\t\t\t\tSaiba mais<br \/>\n\t\t\t\t\t<\/a><br \/>\n\t\t\t\t\t\t\t\t\t\t\t\t\t<img decoding=\"async\" width=\"512\" height=\"512\" src=\"https:\/\/www.fiemg.com.br\/regional-pontal-do-triangulo\/wp-content\/uploads\/sites\/18\/2024\/10\/imagem_SENAI_512x512px-min.jpg\" alt=\"\" \/>\t\t\t\t\t\t\t\t\t\t\t\t\t<\/p>\n<h2>SENAI<\/h2>\n<h2>Com o SENAI, voc\u00ea faz o futuro.<\/h2>\n<p>Educa\u00e7\u00e3o com inova\u00e7\u00e3o para os profissionais que mudam a ind\u00fastria e o nosso dia a dia.<\/p>\n<p>\t\t\t\t\t.st0{fill:#005CA4;}\t\t\t\t\t<\/p>\n<h3>\n\t\t\t\t\t\t\tCursos T\u00e9cnicos SENAI MG<br \/>\n\t\t\t\t\t<\/h3>\n<p>\n\t\t\t\t\t\tForma\u00e7\u00e3o t\u00e9cnica que abre portas e oportunidades de sucesso.\t\t\t\t\t<\/p>\n<p>\t\t\t\t\t.st0{fill:#045DA4;}\t\t\t\t<\/p>\n<h3>\n\t\t\t\t\t\t\tCentro 4.0<br \/>\n\t\t\t\t\t<\/h3>\n<p>\n\t\t\t\t\t\tInova\u00e7\u00e3o, conhecimento e tecnologia para acelerar a nova revolu\u00e7\u00e3o industrial.\t\t\t\t\t<\/p>\n<p>\t\t\t\t\t.st0{fill:#005CA4;}\t\t\t\t\t\t\t\t\t\t\t<\/p>\n<h3>\n\t\t\t\t\t\t\tJornada de Desenvolvedor Web<br \/>\n\t\t\t\t\t<\/h3>\n<p>\n\t\t\t\t\t\tCrie sua jornada de forma\u00e7\u00e3o profissional e programe um futuro sem bugs.\t\t\t\t\t<\/p>\n<p>\t\t\t<a href=\"https:\/\/www.fiemg.com.br\/senai\/area-de-interesse\/cursos-profissionalizantes-senai\/%20\"><br \/>\n\t\t\t\t\t\t\t\t\tSaiba mais<br \/>\n\t\t\t\t\t<\/a><br \/>\n\t\t\t\t\t\t\t\t\t\t\t\t\t<img decoding=\"async\" width=\"800\" height=\"293\" src=\"https:\/\/www.fiemg.com.br\/regional-pontal-do-triangulo\/wp-content\/uploads\/sites\/18\/2024\/10\/imagem_IEL_1366x500px-1024x375.jpg\" alt=\"\" \/>\t\t\t\t\t\t\t\t\t\t\t\t\t<\/p>\n<h2>IEL Educa\u00e7\u00e3o Executiva<\/h2>\n<h2>Qualifica\u00e7\u00e3o para desenvolver a ind\u00fastria mineira.<\/h2>\n<p>\t\t\t\t\t.st0{fill:#FFFFFF;}\t\t\t\t<\/p>\n<h3>\n\t\t\t\t\t\t\tPrograma de Desenvolvimento de Conselheiros<br \/>\n\t\t\t\t\t<\/h3>\n<p>\n\t\t\t\t\t\tAtualiza\u00e7\u00e3o de conhecimentos, networking e fortalecimento da classe.\t\t\t\t\t<\/p>\n<p>\t\t\t\t\t.st0{fill:#FFFFFF;}\t\t\t\t<\/p>\n<h3>\n\t\t\t\t\t\t\tEduca\u00e7\u00e3o profissional<br \/>\n\t\t\t\t\t<\/h3>\n<p>\n\t\t\t\t\t\tAprenda uma profiss\u00e3o. Transforme a sua vida.\t\t\t\t\t<\/p>\n<p>\t\t\t\t\t.st0{fill:#FFFFFF;}\t\t\t\t\t\t\t\t<\/p>\n<h3>\n\t\t\t\t\t\t\tEnsino Fundamental<br \/>\n\t\t\t\t\t<\/h3>\n<p>\n\t\t\t\t\t\tAprendizado tecnol\u00f3gico que prepara pra vida e pro mercado.\t\t\t\t\t<\/p>\n<p>\t\t\t<a href=\"https:\/\/www.fiemg.com.br\/iel\/area-de-interesse\/capacitacao-e-carreiras\/%20\"><br \/>\n\t\t\t\t\t\t\t\t\tSaiba mais<br \/>\n\t\t\t\t\t<\/a><\/p>\n<h2>CIEMG<\/h2>\n<h2>Solu\u00e7\u00f5es especializadas que <br \/>capacitam profissionais e <br \/>fortalecem a representatividade empresarial<\/h2>\n<p>\t\t\t\t\t\t\t\t\t\t\t\t\t<img loading=\"lazy\" decoding=\"async\" width=\"512\" height=\"512\" src=\"https:\/\/www.fiemg.com.br\/regional-pontal-do-triangulo\/wp-content\/uploads\/sites\/18\/2024\/10\/imagem_CIEMG_512x512px-min.jpg\" alt=\"\" \/><br \/>\n\t\t\t\t\t.st0{fill:#005CA4;}\t\t\t\t\t<\/p>\n<h3>\n\t\t\t\t\t\t\tCursos CIEMG<br \/>\n\t\t\t\t\t<\/h3>\n<p>\n\t\t\t\t\t\tAtualize seus conhecimentos e otimize a gest\u00e3o do seu neg\u00f3cio\t\t\t\t\t<\/p>\n<p>\t\t\t\t\t.st0{fill:#005CA4;}\t\t\t\t\t\t\t\t<\/p>\n<h3>\n\t\t\t\t\t\t\tCertificado Digital<br \/>\n\t\t\t\t\t<\/h3>\n<p>\n\t\t\t\t\t\tMais seguran\u00e7a na web para voc\u00ea e sua empresa\t\t\t\t\t<\/p>\n<p>\t\t\t\t\t.st0{fill:#005CA4;}\t\t\t\t\t\t\t\t<\/p>\n<h3>\n\t\t\t\t\t\t\tAssociativismo<br \/>\n\t\t\t\t\t<\/h3>\n<p>\n\t\t\t\t\t\tFa\u00e7a parcerias que geram valor para a representa\u00e7\u00e3o do setor industrial e empresarial de Minas Gerais.\t\t\t\t\t<\/p>\n<p>\t\t\t<a href=\"https:\/\/www.fiemg.com.br\/ciemg\/area-de-interesse\/capacitacao-empresarial\/%20\"><br \/>\n\t\t\t\t\t\t\t\t\tSaiba mais<br \/>\n\t\t\t\t\t<\/a><\/p>\n","protected":false},"excerpt":{"rendered":"<p>Capacitar e educar as pessoas que transformam o presente e o futuro da ind\u00fastria. Aliamos tecnologia e inova\u00e7\u00e3o para criar as melhores metodologias e oportunidades de ensino. Acreditamos que a educa\u00e7\u00e3o \u00e9 a melhor forma de impactar positivamente a realidade e realizar os sonhos de milhares de pessoas. Por isso, formamos protagonistas inovadores, estrat\u00e9gicos e [&hellip;]<\/p>\n","protected":false},"author":1,"featured_media":1491,"parent":0,"menu_order":67,"comment_status":"closed","ping_status":"closed","template":"","meta":{"footnotes":""},"class_list":["post-1166","page","type-page","status-publish","has-post-thumbnail","hentry"],"acf":[],"yoast_head":"<!-- This site is optimized with the Yoast SEO plugin v26.2 - https:\/\/yoast.com\/wordpress\/plugins\/seo\/ -->\n<title>Capacitar pessoas - Regional Pontal do Triangulo<\/title>\n<meta name=\"robots\" content=\"index, follow, max-snippet:-1, max-image-preview:large, max-video-preview:-1\" \/>\n<link rel=\"canonical\" href=\"https:\/\/www.fiemg.com.br\/regional-pontal-do-triangulo\/capacitar-pessoas\/\" \/>\n<meta property=\"og:locale\" content=\"pt_BR\" \/>\n<meta property=\"og:type\" content=\"article\" \/>\n<meta property=\"og:title\" content=\"Capacitar pessoas - Regional Pontal do Triangulo\" \/>\n<meta property=\"og:description\" content=\"Capacitar e educar as pessoas que transformam o presente e o futuro da ind\u00fastria. Aliamos tecnologia e inova\u00e7\u00e3o para criar as melhores metodologias e oportunidades de ensino. Acreditamos que a educa\u00e7\u00e3o \u00e9 a melhor forma de impactar positivamente a realidade e realizar os sonhos de milhares de pessoas. Por isso, formamos protagonistas inovadores, estrat\u00e9gicos e [&hellip;]\" \/>\n<meta property=\"og:url\" content=\"https:\/\/www.fiemg.com.br\/regional-pontal-do-triangulo\/capacitar-pessoas\/\" \/>\n<meta property=\"og:site_name\" content=\"Regional Pontal do Triangulo\" \/>\n<meta property=\"article:modified_time\" content=\"2024-10-23T18:01:05+00:00\" \/>\n<meta property=\"og:image\" content=\"https:\/\/www.fiemg.com.br\/regional-pontal-do-triangulo\/wp-content\/uploads\/sites\/18\/2023\/07\/default.png\" \/>\n\t<meta property=\"og:image:width\" content=\"300\" \/>\n\t<meta property=\"og:image:height\" content=\"300\" \/>\n\t<meta property=\"og:image:type\" content=\"image\/png\" \/>\n<meta name=\"twitter:card\" content=\"summary_large_image\" \/>\n<script type=\"application\/ld+json\" class=\"yoast-schema-graph\">{\"@context\":\"https:\/\/schema.org\",\"@graph\":[{\"@type\":\"WebPage\",\"@id\":\"https:\/\/www.fiemg.com.br\/regional-pontal-do-triangulo\/capacitar-pessoas\/\",\"url\":\"https:\/\/www.fiemg.com.br\/regional-pontal-do-triangulo\/capacitar-pessoas\/\",\"name\":\"Capacitar pessoas - Regional Pontal do Triangulo\",\"isPartOf\":{\"@id\":\"https:\/\/www.fiemg.com.br\/regional-pontal-do-triangulo\/#website\"},\"primaryImageOfPage\":{\"@id\":\"https:\/\/www.fiemg.com.br\/regional-pontal-do-triangulo\/capacitar-pessoas\/#primaryimage\"},\"image\":{\"@id\":\"https:\/\/www.fiemg.com.br\/regional-pontal-do-triangulo\/capacitar-pessoas\/#primaryimage\"},\"thumbnailUrl\":\"https:\/\/www.fiemg.com.br\/regional-pontal-do-triangulo\/wp-content\/uploads\/sites\/18\/2023\/08\/default.png\",\"datePublished\":\"2023-07-10T16:50:59+00:00\",\"dateModified\":\"2024-10-23T18:01:05+00:00\",\"breadcrumb\":{\"@id\":\"https:\/\/www.fiemg.com.br\/regional-pontal-do-triangulo\/capacitar-pessoas\/#breadcrumb\"},\"inLanguage\":\"pt-BR\",\"potentialAction\":[{\"@type\":\"ReadAction\",\"target\":[\"https:\/\/www.fiemg.com.br\/regional-pontal-do-triangulo\/capacitar-pessoas\/\"]}]},{\"@type\":\"ImageObject\",\"inLanguage\":\"pt-BR\",\"@id\":\"https:\/\/www.fiemg.com.br\/regional-pontal-do-triangulo\/capacitar-pessoas\/#primaryimage\",\"url\":\"https:\/\/www.fiemg.com.br\/regional-pontal-do-triangulo\/wp-content\/uploads\/sites\/18\/2023\/08\/default.png\",\"contentUrl\":\"https:\/\/www.fiemg.com.br\/regional-pontal-do-triangulo\/wp-content\/uploads\/sites\/18\/2023\/08\/default.png\",\"width\":300,\"height\":300},{\"@type\":\"BreadcrumbList\",\"@id\":\"https:\/\/www.fiemg.com.br\/regional-pontal-do-triangulo\/capacitar-pessoas\/#breadcrumb\",\"itemListElement\":[{\"@type\":\"ListItem\",\"position\":1,\"name\":\"In\u00edcio\",\"item\":\"https:\/\/www.fiemg.com.br\/regional-pontal-do-triangulo\/\"},{\"@type\":\"ListItem\",\"position\":2,\"name\":\"Capacitar pessoas\"}]},{\"@type\":\"WebSite\",\"@id\":\"https:\/\/www.fiemg.com.br\/regional-pontal-do-triangulo\/#website\",\"url\":\"https:\/\/www.fiemg.com.br\/regional-pontal-do-triangulo\/\",\"name\":\"Regional Pontal do Triangulo\",\"description\":\"Federa\u00e7\u00e3o das Ind\u00fastrias do Estado de Minas Gerais\",\"publisher\":{\"@id\":\"https:\/\/www.fiemg.com.br\/regional-pontal-do-triangulo\/#organization\"},\"potentialAction\":[{\"@type\":\"SearchAction\",\"target\":{\"@type\":\"EntryPoint\",\"urlTemplate\":\"https:\/\/www.fiemg.com.br\/regional-pontal-do-triangulo\/?s={search_term_string}\"},\"query-input\":{\"@type\":\"PropertyValueSpecification\",\"valueRequired\":true,\"valueName\":\"search_term_string\"}}],\"inLanguage\":\"pt-BR\"},{\"@type\":\"Organization\",\"@id\":\"https:\/\/www.fiemg.com.br\/regional-pontal-do-triangulo\/#organization\",\"name\":\"Regional Pontal do Triangulo\",\"url\":\"https:\/\/www.fiemg.com.br\/regional-pontal-do-triangulo\/\",\"logo\":{\"@type\":\"ImageObject\",\"inLanguage\":\"pt-BR\",\"@id\":\"https:\/\/www.fiemg.com.br\/regional-pontal-do-triangulo\/#\/schema\/logo\/image\/\",\"url\":\"https:\/\/www.fiemg.com.br\/regional-pontal-do-triangulo\/wp-content\/uploads\/sites\/18\/2023\/02\/Ativo-1.png\",\"contentUrl\":\"https:\/\/www.fiemg.com.br\/regional-pontal-do-triangulo\/wp-content\/uploads\/sites\/18\/2023\/02\/Ativo-1.png\",\"width\":563,\"height\":149,\"caption\":\"Regional Pontal do Triangulo\"},\"image\":{\"@id\":\"https:\/\/www.fiemg.com.br\/regional-pontal-do-triangulo\/#\/schema\/logo\/image\/\"}}]}<\/script>\n<!-- \/ Yoast SEO plugin. -->","yoast_head_json":{"title":"Capacitar pessoas - Regional Pontal do Triangulo","robots":{"index":"index","follow":"follow","max-snippet":"max-snippet:-1","max-image-preview":"max-image-preview:large","max-video-preview":"max-video-preview:-1"},"canonical":"https:\/\/www.fiemg.com.br\/regional-pontal-do-triangulo\/capacitar-pessoas\/","og_locale":"pt_BR","og_type":"article","og_title":"Capacitar pessoas - Regional Pontal do Triangulo","og_description":"Capacitar e educar as pessoas que transformam o presente e o futuro da ind\u00fastria. Aliamos tecnologia e inova\u00e7\u00e3o para criar as melhores metodologias e oportunidades de ensino. Acreditamos que a educa\u00e7\u00e3o \u00e9 a melhor forma de impactar positivamente a realidade e realizar os sonhos de milhares de pessoas. Por isso, formamos protagonistas inovadores, estrat\u00e9gicos e [&hellip;]","og_url":"https:\/\/www.fiemg.com.br\/regional-pontal-do-triangulo\/capacitar-pessoas\/","og_site_name":"Regional Pontal do Triangulo","article_modified_time":"2024-10-23T18:01:05+00:00","og_image":[{"width":300,"height":300,"url":"https:\/\/www.fiemg.com.br\/regional-pontal-do-triangulo\/wp-content\/uploads\/sites\/18\/2023\/07\/default.png","type":"image\/png"}],"twitter_card":"summary_large_image","schema":{"@context":"https:\/\/schema.org","@graph":[{"@type":"WebPage","@id":"https:\/\/www.fiemg.com.br\/regional-pontal-do-triangulo\/capacitar-pessoas\/","url":"https:\/\/www.fiemg.com.br\/regional-pontal-do-triangulo\/capacitar-pessoas\/","name":"Capacitar pessoas - Regional Pontal do Triangulo","isPartOf":{"@id":"https:\/\/www.fiemg.com.br\/regional-pontal-do-triangulo\/#website"},"primaryImageOfPage":{"@id":"https:\/\/www.fiemg.com.br\/regional-pontal-do-triangulo\/capacitar-pessoas\/#primaryimage"},"image":{"@id":"https:\/\/www.fiemg.com.br\/regional-pontal-do-triangulo\/capacitar-pessoas\/#primaryimage"},"thumbnailUrl":"https:\/\/www.fiemg.com.br\/regional-pontal-do-triangulo\/wp-content\/uploads\/sites\/18\/2023\/08\/default.png","datePublished":"2023-07-10T16:50:59+00:00","dateModified":"2024-10-23T18:01:05+00:00","breadcrumb":{"@id":"https:\/\/www.fiemg.com.br\/regional-pontal-do-triangulo\/capacitar-pessoas\/#breadcrumb"},"inLanguage":"pt-BR","potentialAction":[{"@type":"ReadAction","target":["https:\/\/www.fiemg.com.br\/regional-pontal-do-triangulo\/capacitar-pessoas\/"]}]},{"@type":"ImageObject","inLanguage":"pt-BR","@id":"https:\/\/www.fiemg.com.br\/regional-pontal-do-triangulo\/capacitar-pessoas\/#primaryimage","url":"https:\/\/www.fiemg.com.br\/regional-pontal-do-triangulo\/wp-content\/uploads\/sites\/18\/2023\/08\/default.png","contentUrl":"https:\/\/www.fiemg.com.br\/regional-pontal-do-triangulo\/wp-content\/uploads\/sites\/18\/2023\/08\/default.png","width":300,"height":300},{"@type":"BreadcrumbList","@id":"https:\/\/www.fiemg.com.br\/regional-pontal-do-triangulo\/capacitar-pessoas\/#breadcrumb","itemListElement":[{"@type":"ListItem","position":1,"name":"In\u00edcio","item":"https:\/\/www.fiemg.com.br\/regional-pontal-do-triangulo\/"},{"@type":"ListItem","position":2,"name":"Capacitar pessoas"}]},{"@type":"WebSite","@id":"https:\/\/www.fiemg.com.br\/regional-pontal-do-triangulo\/#website","url":"https:\/\/www.fiemg.com.br\/regional-pontal-do-triangulo\/","name":"Regional Pontal do Triangulo","description":"Federa\u00e7\u00e3o das Ind\u00fastrias do Estado de Minas Gerais","publisher":{"@id":"https:\/\/www.fiemg.com.br\/regional-pontal-do-triangulo\/#organization"},"potentialAction":[{"@type":"SearchAction","target":{"@type":"EntryPoint","urlTemplate":"https:\/\/www.fiemg.com.br\/regional-pontal-do-triangulo\/?s={search_term_string}"},"query-input":{"@type":"PropertyValueSpecification","valueRequired":true,"valueName":"search_term_string"}}],"inLanguage":"pt-BR"},{"@type":"Organization","@id":"https:\/\/www.fiemg.com.br\/regional-pontal-do-triangulo\/#organization","name":"Regional Pontal do Triangulo","url":"https:\/\/www.fiemg.com.br\/regional-pontal-do-triangulo\/","logo":{"@type":"ImageObject","inLanguage":"pt-BR","@id":"https:\/\/www.fiemg.com.br\/regional-pontal-do-triangulo\/#\/schema\/logo\/image\/","url":"https:\/\/www.fiemg.com.br\/regional-pontal-do-triangulo\/wp-content\/uploads\/sites\/18\/2023\/02\/Ativo-1.png","contentUrl":"https:\/\/www.fiemg.com.br\/regional-pontal-do-triangulo\/wp-content\/uploads\/sites\/18\/2023\/02\/Ativo-1.png","width":563,"height":149,"caption":"Regional Pontal do Triangulo"},"image":{"@id":"https:\/\/www.fiemg.com.br\/regional-pontal-do-triangulo\/#\/schema\/logo\/image\/"}}]}},"_links":{"self":[{"href":"https:\/\/www.fiemg.com.br\/regional-pontal-do-triangulo\/wp-json\/wp\/v2\/pages\/1166","targetHints":{"allow":["GET"]}}],"collection":[{"href":"https:\/\/www.fiemg.com.br\/regional-pontal-do-triangulo\/wp-json\/wp\/v2\/pages"}],"about":[{"href":"https:\/\/www.fiemg.com.br\/regional-pontal-do-triangulo\/wp-json\/wp\/v2\/types\/page"}],"author":[{"embeddable":true,"href":"https:\/\/www.fiemg.com.br\/regional-pontal-do-triangulo\/wp-json\/wp\/v2\/users\/1"}],"replies":[{"embeddable":true,"href":"https:\/\/www.fiemg.com.br\/regional-pontal-do-triangulo\/wp-json\/wp\/v2\/comments?post=1166"}],"version-history":[{"count":0,"href":"https:\/\/www.fiemg.com.br\/regional-pontal-do-triangulo\/wp-json\/wp\/v2\/pages\/1166\/revisions"}],"wp:featuredmedia":[{"embeddable":true,"href":"https:\/\/www.fiemg.com.br\/regional-pontal-do-triangulo\/wp-json\/wp\/v2\/media\/1491"}],"wp:attachment":[{"href":"https:\/\/www.fiemg.com.br\/regional-pontal-do-triangulo\/wp-json\/wp\/v2\/media?parent=1166"}],"curies":[{"name":"wp","href":"https:\/\/api.w.org\/{rel}","templated":true}]}}