{"id":1409,"date":"2023-07-26T13:56:41","date_gmt":"2023-07-26T13:56:41","guid":{"rendered":"https:\/\/www.fiemg.com.br\/regional-vale-do-aco\/vale-do-aco\/"},"modified":"2024-06-28T13:29:34","modified_gmt":"2024-06-28T16:29:34","slug":"vale-do-aco","status":"publish","type":"page","link":"https:\/\/www.fiemg.com.br\/regional-vale-do-aco\/vale-do-aco\/","title":{"rendered":"+ Vale Do A\u00e7o"},"content":{"rendered":"<p style=\"text-align: justify\">Onde quer que esteja, o Sistema FIEMG, atrav\u00e9s de suas regionais, tem solu\u00e7\u00f5es eficientes para promover o crescimento da sua empresa: assessoria e consultoria nas \u00e1reas de capitaliza\u00e7\u00e3o, financiamentos, legisla\u00e7\u00e3o trabalhista e tribut\u00e1ria, meio ambiente e com\u00e9rcio exterior.Atrav\u00e9s do\u00a0<a href=\"http:\/\/www.fiemg.org.br\/senai\"><strong>SENAI<\/strong><\/a>, a Regional capacita os colaboradores das empresas, tornando-as mais eficientes e competitivas. Com o\u00a0<a href=\"http:\/\/www.fiemg.org.br\/sesi\"><strong>SESI<\/strong><\/a>, promove a educa\u00e7\u00e3o e melhora a qualidade de vida e o desempenho dos trabalhadores. No<a href=\"http:\/\/www.fiemg.org.br\/iel\"><strong>\u00a0IEL<\/strong><\/a>, as empresas encontram pesquisas, novas tecnologias e programas de capacita\u00e7\u00e3o gerencial.A Regional Vale do A\u00e7o acredita no associativismo como o melhor caminho para o desenvolvimento das ind\u00fastrias da regi\u00e3o. Por isso investe na organiza\u00e7\u00e3o dos setores produtivos e na parceira com os sindicatos organizados (<a href=\"http:\/\/www.sindimiva.com.br\/\"><strong>SINDIMIVA<\/strong><\/a>,\u00a0<a href=\"http:\/\/www.sinpava.com.br\/\"><strong>SINPAVA<\/strong><\/a>,\u00a0<span style=\"color: #3366ff\"><strong>SINDUSCON, SINDIVEST E SIME).<\/strong><\/span><\/p>\n<p style=\"text-align: justify\"><strong>HIST\u00d3RICO:<\/strong><\/p>\n<p style=\"text-align: justify\">Criados em 1995 na gest\u00e3o de Stefan Bogdan Salej os CRDIs- Conselhos Regionais de Desenvolvimento Industrial tinham o objetivo de descentralizar a FIEMG, para poder atender a Ind\u00fastria em todo o estado. Com a autonomia dada a estes CRDIs e a evolu\u00e7\u00e3o por eles alcan\u00e7ada, em 1998 foi inaugurado o CRDI-VA, Conselho Regional de Desenvolvimento Industrial \u2013 Vale do A\u00e7o,no Bairro Cidade Nobre em Ipatinga. Seu primeiro presidente, Sr. Luiz Campelo Filho, ficou \u00e0 frente da entidade por 8 anos. Em 2001, j\u00e1 na gest\u00e3o do Dr. Robson Braga de Andrade, os CRDIs tiveram o nome alterado para FIEMG Regional Vale do A\u00e7o. Seu ex presidente, Luciano Jos\u00e9 de Ara\u00fajo assumiu a gest\u00e3o da Regional por tr\u00eas mandatos. Em 2018, o empres\u00e1rio, Flaviano Mirco Gaggiato, assumiu a FIEMG Regional Vale do A\u00e7o com o prop\u00f3sito de dar sequencia aos principais projetos que contribuem<em>\u00a0<\/em>para\u00a0 o aumento da competitividade e sustentabilidade da ind\u00fastria regional.<\/p>\n<p style=\"text-align: justify\"><strong>Objetivos:<\/strong>\u00a0A FIEMG Regional\u00a0Vale\u00a0do A\u00e7o \u00e9 uma extens\u00e3o da FIEMG, propiciando a capilaridade necess\u00e1ria para que haja presen\u00e7a efetiva junto \u00e0 base industrial, atendendo aos clientes da ind\u00fastria, fornecedores, \u00f3rg\u00e3os p\u00fablicos e privados orientados por uma estrat\u00e9gia comum ao Sistema FIEMG.<\/p>\n<p style=\"text-align: justify\"><strong>Miss\u00e3o:<\/strong>\u00a0Liderar o processo de fortalecimento da ind\u00fastria regional, tornando-a mais competitiva, sustent\u00e1vel e promover o associativismo.<\/p>\n<p style=\"text-align: justify\"><strong>Neg\u00f3cio:<\/strong>\u00a0Fortalecimento competitivo e sustent\u00e1vel das ind\u00fastrias da regi\u00e3o.<\/p>\n<p><strong>Endere\u00e7o:<br \/><\/strong>Av. Pedro Linhares Gomes, n\u00ba 5.431 \/ Horto<br \/>Ipatinga \/ Minas Gerais \u2013 BRASIL<br \/>CEP: 35160-900<br \/>Telefone: (31) 3822-1414<\/p>\n<p style=\"text-align: justify\"><span style=\"color: #ffffff\">.<\/span><\/p>\n<p style=\"text-align: justify\"><span style=\"text-align: justify;font-size: 16px\"><strong>Jo\u00e3o Batista Alves \u2013 <\/strong>Presidente FIEMG Regional Vale do A\u00e7o<\/span><strong><span style=\"color: #ffffff\">.<\/span><\/strong><\/p>\n<p><img fetchpriority=\"high\" decoding=\"async\" class=\"alignnone size-medium wp-image-1959\" src=\"https:\/\/www.fiemg.com.br\/regional-vale-do-aco\/wp-content\/uploads\/sites\/22\/2024\/06\/Foto_Joao-200x300.jpeg\" alt=\"\" width=\"200\" height=\"300\" srcset=\"https:\/\/www.fiemg.com.br\/regional-vale-do-aco\/wp-content\/uploads\/sites\/22\/2024\/06\/Foto_Joao-200x300.jpeg 200w, https:\/\/www.fiemg.com.br\/regional-vale-do-aco\/wp-content\/uploads\/sites\/22\/2024\/06\/Foto_Joao-683x1024.jpeg 683w, https:\/\/www.fiemg.com.br\/regional-vale-do-aco\/wp-content\/uploads\/sites\/22\/2024\/06\/Foto_Joao-768x1151.jpeg 768w, https:\/\/www.fiemg.com.br\/regional-vale-do-aco\/wp-content\/uploads\/sites\/22\/2024\/06\/Foto_Joao.jpeg 854w\" sizes=\"(max-width: 200px) 100vw, 200px\" \/><\/p>\n<p>\u00a0<\/p>\n<p><strong>SINDICATOS ASSOCIADOS:<\/strong><\/p>\n<p style=\"text-align: justify\"><strong>Sindicato Intermunicipal das Ind\u00fastrias de Alimenta\u00e7\u00e3o, Panifica\u00e7\u00e3o, Confeitaria e de Massas Aliment\u00edcias do Vale do A\u00e7o (SINPAVA)<\/strong><\/p>\n<p style=\"text-align: justify\">Presidente:\u00a0Ant\u00f4nio Eug\u00eanio Fernandes<\/p>\n<p style=\"text-align: justify\">Tel.:(31) 3824-2334<\/p>\n<p style=\"text-align: justify\">Email:<a href=\"mailto:sinpava@fiemg.com.br\">sinpava@fiemg.com.br<\/a><\/p>\n<p style=\"text-align: justify\"><span style=\"color: #ffffff\">.<\/span><\/p>\n<p style=\"text-align: justify\"><strong>Sindicato Intermunicipal das Ind\u00fastrias Metal\u00fargicas, Mec\u00e2nicas e de Material El\u00e9trico do Vale do A\u00e7o (SINDIMIVA)<\/strong><\/p>\n<p style=\"text-align: justify\">Presidente:\u00a0Jo\u00e3o Batista Alves<\/p>\n<p style=\"text-align: justify\">Tel.: (31) 3824-2710 \/\u00a098311-2967<\/p>\n<p style=\"text-align: justify\">Email:\u00a0<a href=\"mailto:sindimiva@fiemg.com.br\">sindimiva@fiemg.com.br<\/a><\/p>\n<p>\u00a0<\/p>\n<p style=\"text-align: justify\"><strong>Sindicato das Ind\u00fastrias Metal\u00fargicas, Mec\u00e2nicas, Material El\u00e9trico e Eletr\u00f4nico de Jo\u00e3o Monlevade (SIME)<\/strong><\/p>\n<p style=\"text-align: justify\">Presidente: Wenilson Fernandes Carneiro<\/p>\n<p style=\"text-align: justify\">\u00a0Tel.: (31)\u00a098679-1651<\/p>\n<p style=\"text-align: justify\">E-mail:\u00a0<a href=\"mailto:sime@gmail.com\">sime@gmail.com<\/a><\/p>\n<p>\u00a0<\/p>\n<p style=\"text-align: justify\"><strong>Sindicato das Ind\u00fastrias do Vestu\u00e1rio no Estado de Minas Gerais \u2013 Delegacia Vale do A\u00e7o (SINDIVEST)<\/strong><\/p>\n<p style=\"text-align: justify\">Delegada Regional: Luciano Jos\u00e9 de Ara\u00fajo<\/p>\n<p style=\"text-align: justify\">Tel.: (31) 3824-2743<\/p>\n<p style=\"text-align: justify\">E-mail:\u00a0<a href=\"mailto:sindvestva@fiemg.com.br\">sindvestva@fiemg.com.br<\/a><\/p>\n<p>\u00a0<\/p>\n<p style=\"text-align: justify\"><strong>Sindicato da Ind\u00fastria da Constru\u00e7\u00e3o Civil de Minas Gerais (SINDUSCON \u2013 Delegacia Vale do A\u00e7o)<\/strong><\/p>\n<p style=\"text-align: justify\">Delegado Regional: Kleber Divino Muratori<\/p>\n<p style=\"text-align: justify\">Tel.:\u00a0(31) 3253-2666<\/p>\n<p style=\"text-align: justify\">E-mail:\u00a0<a href=\"mailto:sinduscon@sinduscon-mg.org.br\">sinduscon@sinduscon-mg.org.br<\/a><\/p>\n<h5>\u00a0<\/h5>\n<h5><strong>\u00c1rea de abrang\u00eancia<\/strong><\/h5>\n<p>Ipatinga (Sede)<\/p>\n<p>Abre Campo<\/p>\n<p>A\u00e7ucena<\/p>\n<p>Alto Capara\u00f3<\/p>\n<p>Alto Jequitib\u00e1<\/p>\n<p>Ant\u00f4nio Dias<\/p>\n<p>Bar\u00e3o de Cocais<\/p>\n<p>Bela Vista de Minas<\/p>\n<p>Belo Oriente<\/p>\n<p>Bom Jesus do Amparo<\/p>\n<p>Bom Jesus do Galho<\/p>\n<p>Bugre<\/p>\n<p>Capara\u00f3<\/p>\n<p>Caputira<\/p>\n<p>Caratinga<\/p>\n<p>Catas Altas<\/p>\n<p>Chal\u00e9<\/p>\n<p>Coronel Fabriciano<\/p>\n<p>C\u00f3rrego Novo<\/p>\n<p>Dion\u00edsio<\/p>\n<p>Dom Cavati<\/p>\n<p>Durand\u00e9<\/p>\n<p>Entre Folhas<\/p>\n<p>Ferros<\/p>\n<p>Iapu<\/p>\n<p>Imb\u00e9 de Minas<\/p>\n<p>Inhapim<\/p>\n<p>Ipaba<\/p>\n<p>Itabira<\/p>\n<p>Jaguara\u00e7u<\/p>\n<p>Joan\u00e9sia<\/p>\n<p>Jo\u00e3o Monlevade<\/p>\n<p>Lajinha<\/p>\n<p>Luisburgo<\/p>\n<p>Manhua\u00e7u<\/p>\n<p>Manhumirim<\/p>\n<p>Marli\u00e9ria<\/p>\n<p>Martins Soares<\/p>\n<p>Matip\u00f3<\/p>\n<p>Mesquita<\/p>\n<p>Naque<\/p>\n<p>Nova Era<\/p>\n<p>Pedra Bonita<\/p>\n<p>Periquito<\/p>\n<p>Piedade de Caratinga<\/p>\n<p>Pingo d\u2019\u00c1gua<\/p>\n<p>Raul Soares<\/p>\n<p>Reduto<\/p>\n<p>Rio Casca<\/p>\n<p>Rio Piracicaba<\/p>\n<p>Santa B\u00e1rbara<\/p>\n<p>Santa B\u00e1rbara do Leste<\/p>\n<p>Santa Margarida<\/p>\n<p>Santa Maria de Itabira<\/p>\n<p>Santa Rita de Minas<\/p>\n<p>Santana do Manhua\u00e7u<\/p>\n<p>Santana do Para\u00edso<\/p>\n<p>S\u00e3o Domingos das Dores<\/p>\n<p>S\u00e3o Domingos do Prata<\/p>\n<p>S\u00e3o Gon\u00e7alo do Rio Abaixo<\/p>\n<p>S\u00e3o Jo\u00e3o do Manhua\u00e7u<\/p>\n<p>S\u00e3o Jo\u00e3o do Oriente<\/p>\n<p>S\u00e3o Jos\u00e9 do Goiabal<\/p>\n<p>S\u00e3o Jos\u00e9 do Mantimento<\/p>\n<p>S\u00e3o Pedro dos Ferros<\/p>\n<p>S\u00e3o Sebasti\u00e3o do Anta<\/p>\n<p>Simon\u00e9sia<\/p>\n<p>Tarumirim<\/p>\n<p>Tim\u00f3teo<\/p>\n<p>Ubaporanga<\/p>\n<p>Vargem Alegre<\/p>\n<p>Vermelho Novo<\/p>\n\n\n<figure class=\"wp-block-image\"><img decoding=\"async\" width=\"854\" height=\"1280\" src=\"https:\/\/www.fiemg.com.br\/regional-vale-do-aco\/wp-content\/uploads\/sites\/22\/2024\/06\/Foto_Joao.jpeg\" alt=\"\" class=\"wp-image-1959\" srcset=\"https:\/\/www.fiemg.com.br\/regional-vale-do-aco\/wp-content\/uploads\/sites\/22\/2024\/06\/Foto_Joao.jpeg 854w, https:\/\/www.fiemg.com.br\/regional-vale-do-aco\/wp-content\/uploads\/sites\/22\/2024\/06\/Foto_Joao-200x300.jpeg 200w, https:\/\/www.fiemg.com.br\/regional-vale-do-aco\/wp-content\/uploads\/sites\/22\/2024\/06\/Foto_Joao-683x1024.jpeg 683w, https:\/\/www.fiemg.com.br\/regional-vale-do-aco\/wp-content\/uploads\/sites\/22\/2024\/06\/Foto_Joao-768x1151.jpeg 768w\" sizes=\"(max-width: 854px) 100vw, 854px\" \/><\/figure>\n","protected":false},"excerpt":{"rendered":"<p>Onde quer que esteja, o Sistema FIEMG, atrav\u00e9s de suas regionais, tem solu\u00e7\u00f5es eficientes para promover o crescimento da sua empresa: assessoria e consultoria nas \u00e1reas de capitaliza\u00e7\u00e3o, financiamentos, legisla\u00e7\u00e3o trabalhista e tribut\u00e1ria, meio ambiente e com\u00e9rcio exterior.Atrav\u00e9s do\u00a0SENAI, a Regional capacita os colaboradores das empresas, tornando-as mais eficientes e competitivas. Com o\u00a0SESI, promove a [&hellip;]<\/p>\n","protected":false},"author":10,"featured_media":1502,"parent":0,"menu_order":3,"comment_status":"closed","ping_status":"closed","template":"","meta":{"footnotes":""},"class_list":["post-1409","page","type-page","status-publish","has-post-thumbnail","hentry"],"acf":[],"yoast_head":"<!-- This site is optimized with the Yoast SEO plugin v26.2 - https:\/\/yoast.com\/wordpress\/plugins\/seo\/ -->\n<title>+ Vale Do A\u00e7o - Regional Vale do a\u00e7o<\/title>\n<meta name=\"robots\" content=\"index, follow, max-snippet:-1, max-image-preview:large, max-video-preview:-1\" \/>\n<link rel=\"canonical\" href=\"https:\/\/www.fiemg.com.br\/regional-vale-do-aco\/vale-do-aco\/\" \/>\n<meta property=\"og:locale\" content=\"pt_BR\" \/>\n<meta property=\"og:type\" content=\"article\" \/>\n<meta property=\"og:title\" content=\"+ Vale Do A\u00e7o - Regional Vale do a\u00e7o\" \/>\n<meta property=\"og:description\" content=\"Onde quer que esteja, o Sistema FIEMG, atrav\u00e9s de suas regionais, tem solu\u00e7\u00f5es eficientes para promover o crescimento da sua empresa: assessoria e consultoria nas \u00e1reas de capitaliza\u00e7\u00e3o, financiamentos, legisla\u00e7\u00e3o trabalhista e tribut\u00e1ria, meio ambiente e com\u00e9rcio exterior.Atrav\u00e9s do\u00a0SENAI, a Regional capacita os colaboradores das empresas, tornando-as mais eficientes e competitivas. Com o\u00a0SESI, promove a [&hellip;]\" \/>\n<meta property=\"og:url\" content=\"https:\/\/www.fiemg.com.br\/regional-vale-do-aco\/vale-do-aco\/\" \/>\n<meta property=\"og:site_name\" content=\"Regional Vale do a\u00e7o\" \/>\n<meta property=\"article:modified_time\" content=\"2024-06-28T16:29:34+00:00\" \/>\n<meta property=\"og:image\" content=\"https:\/\/www.fiemg.com.br\/regional-vale-do-aco\/wp-content\/uploads\/sites\/22\/2024\/06\/Foto_Joao-200x300.jpeg\" \/>\n<meta name=\"twitter:card\" content=\"summary_large_image\" \/>\n<meta name=\"twitter:label1\" content=\"Est. tempo de leitura\" \/>\n\t<meta name=\"twitter:data1\" content=\"4 minutos\" \/>\n<script type=\"application\/ld+json\" class=\"yoast-schema-graph\">{\"@context\":\"https:\/\/schema.org\",\"@graph\":[{\"@type\":\"WebPage\",\"@id\":\"https:\/\/www.fiemg.com.br\/regional-vale-do-aco\/vale-do-aco\/\",\"url\":\"https:\/\/www.fiemg.com.br\/regional-vale-do-aco\/vale-do-aco\/\",\"name\":\"+ Vale Do A\u00e7o - Regional Vale do a\u00e7o\",\"isPartOf\":{\"@id\":\"https:\/\/www.fiemg.com.br\/regional-vale-do-aco\/#website\"},\"primaryImageOfPage\":{\"@id\":\"https:\/\/www.fiemg.com.br\/regional-vale-do-aco\/vale-do-aco\/#primaryimage\"},\"image\":{\"@id\":\"https:\/\/www.fiemg.com.br\/regional-vale-do-aco\/vale-do-aco\/#primaryimage\"},\"thumbnailUrl\":\"https:\/\/www.fiemg.com.br\/regional-vale-do-aco\/wp-content\/uploads\/sites\/22\/2023\/08\/default.png\",\"datePublished\":\"2023-07-26T13:56:41+00:00\",\"dateModified\":\"2024-06-28T16:29:34+00:00\",\"breadcrumb\":{\"@id\":\"https:\/\/www.fiemg.com.br\/regional-vale-do-aco\/vale-do-aco\/#breadcrumb\"},\"inLanguage\":\"pt-BR\",\"potentialAction\":[{\"@type\":\"ReadAction\",\"target\":[\"https:\/\/www.fiemg.com.br\/regional-vale-do-aco\/vale-do-aco\/\"]}]},{\"@type\":\"ImageObject\",\"inLanguage\":\"pt-BR\",\"@id\":\"https:\/\/www.fiemg.com.br\/regional-vale-do-aco\/vale-do-aco\/#primaryimage\",\"url\":\"https:\/\/www.fiemg.com.br\/regional-vale-do-aco\/wp-content\/uploads\/sites\/22\/2023\/08\/default.png\",\"contentUrl\":\"https:\/\/www.fiemg.com.br\/regional-vale-do-aco\/wp-content\/uploads\/sites\/22\/2023\/08\/default.png\",\"width\":300,\"height\":300},{\"@type\":\"BreadcrumbList\",\"@id\":\"https:\/\/www.fiemg.com.br\/regional-vale-do-aco\/vale-do-aco\/#breadcrumb\",\"itemListElement\":[{\"@type\":\"ListItem\",\"position\":1,\"name\":\"In\u00edcio\",\"item\":\"https:\/\/www.fiemg.com.br\/regional-vale-do-aco\/\"},{\"@type\":\"ListItem\",\"position\":2,\"name\":\"+ Vale Do A\u00e7o\"}]},{\"@type\":\"WebSite\",\"@id\":\"https:\/\/www.fiemg.com.br\/regional-vale-do-aco\/#website\",\"url\":\"https:\/\/www.fiemg.com.br\/regional-vale-do-aco\/\",\"name\":\"Regional Vale do a\u00e7o\",\"description\":\"Federa\u00e7\u00e3o das Ind\u00fastrias do Estado de Minas Gerais\",\"publisher\":{\"@id\":\"https:\/\/www.fiemg.com.br\/regional-vale-do-aco\/#organization\"},\"potentialAction\":[{\"@type\":\"SearchAction\",\"target\":{\"@type\":\"EntryPoint\",\"urlTemplate\":\"https:\/\/www.fiemg.com.br\/regional-vale-do-aco\/?s={search_term_string}\"},\"query-input\":{\"@type\":\"PropertyValueSpecification\",\"valueRequired\":true,\"valueName\":\"search_term_string\"}}],\"inLanguage\":\"pt-BR\"},{\"@type\":\"Organization\",\"@id\":\"https:\/\/www.fiemg.com.br\/regional-vale-do-aco\/#organization\",\"name\":\"Regional Vale do a\u00e7o\",\"url\":\"https:\/\/www.fiemg.com.br\/regional-vale-do-aco\/\",\"logo\":{\"@type\":\"ImageObject\",\"inLanguage\":\"pt-BR\",\"@id\":\"https:\/\/www.fiemg.com.br\/regional-vale-do-aco\/#\/schema\/logo\/image\/\",\"url\":\"https:\/\/www.fiemg.com.br\/regional-vale-do-aco\/wp-content\/uploads\/sites\/22\/2023\/02\/Ativo-1.png\",\"contentUrl\":\"https:\/\/www.fiemg.com.br\/regional-vale-do-aco\/wp-content\/uploads\/sites\/22\/2023\/02\/Ativo-1.png\",\"width\":563,\"height\":149,\"caption\":\"Regional Vale do a\u00e7o\"},\"image\":{\"@id\":\"https:\/\/www.fiemg.com.br\/regional-vale-do-aco\/#\/schema\/logo\/image\/\"}}]}<\/script>\n<!-- \/ Yoast SEO plugin. -->","yoast_head_json":{"title":"+ Vale Do A\u00e7o - Regional Vale do a\u00e7o","robots":{"index":"index","follow":"follow","max-snippet":"max-snippet:-1","max-image-preview":"max-image-preview:large","max-video-preview":"max-video-preview:-1"},"canonical":"https:\/\/www.fiemg.com.br\/regional-vale-do-aco\/vale-do-aco\/","og_locale":"pt_BR","og_type":"article","og_title":"+ Vale Do A\u00e7o - Regional Vale do a\u00e7o","og_description":"Onde quer que esteja, o Sistema FIEMG, atrav\u00e9s de suas regionais, tem solu\u00e7\u00f5es eficientes para promover o crescimento da sua empresa: assessoria e consultoria nas \u00e1reas de capitaliza\u00e7\u00e3o, financiamentos, legisla\u00e7\u00e3o trabalhista e tribut\u00e1ria, meio ambiente e com\u00e9rcio exterior.Atrav\u00e9s do\u00a0SENAI, a Regional capacita os colaboradores das empresas, tornando-as mais eficientes e competitivas. Com o\u00a0SESI, promove a [&hellip;]","og_url":"https:\/\/www.fiemg.com.br\/regional-vale-do-aco\/vale-do-aco\/","og_site_name":"Regional Vale do a\u00e7o","article_modified_time":"2024-06-28T16:29:34+00:00","og_image":[{"url":"https:\/\/www.fiemg.com.br\/regional-vale-do-aco\/wp-content\/uploads\/sites\/22\/2024\/06\/Foto_Joao-200x300.jpeg","type":"","width":"","height":""}],"twitter_card":"summary_large_image","twitter_misc":{"Est. tempo de leitura":"4 minutos"},"schema":{"@context":"https:\/\/schema.org","@graph":[{"@type":"WebPage","@id":"https:\/\/www.fiemg.com.br\/regional-vale-do-aco\/vale-do-aco\/","url":"https:\/\/www.fiemg.com.br\/regional-vale-do-aco\/vale-do-aco\/","name":"+ Vale Do A\u00e7o - Regional Vale do a\u00e7o","isPartOf":{"@id":"https:\/\/www.fiemg.com.br\/regional-vale-do-aco\/#website"},"primaryImageOfPage":{"@id":"https:\/\/www.fiemg.com.br\/regional-vale-do-aco\/vale-do-aco\/#primaryimage"},"image":{"@id":"https:\/\/www.fiemg.com.br\/regional-vale-do-aco\/vale-do-aco\/#primaryimage"},"thumbnailUrl":"https:\/\/www.fiemg.com.br\/regional-vale-do-aco\/wp-content\/uploads\/sites\/22\/2023\/08\/default.png","datePublished":"2023-07-26T13:56:41+00:00","dateModified":"2024-06-28T16:29:34+00:00","breadcrumb":{"@id":"https:\/\/www.fiemg.com.br\/regional-vale-do-aco\/vale-do-aco\/#breadcrumb"},"inLanguage":"pt-BR","potentialAction":[{"@type":"ReadAction","target":["https:\/\/www.fiemg.com.br\/regional-vale-do-aco\/vale-do-aco\/"]}]},{"@type":"ImageObject","inLanguage":"pt-BR","@id":"https:\/\/www.fiemg.com.br\/regional-vale-do-aco\/vale-do-aco\/#primaryimage","url":"https:\/\/www.fiemg.com.br\/regional-vale-do-aco\/wp-content\/uploads\/sites\/22\/2023\/08\/default.png","contentUrl":"https:\/\/www.fiemg.com.br\/regional-vale-do-aco\/wp-content\/uploads\/sites\/22\/2023\/08\/default.png","width":300,"height":300},{"@type":"BreadcrumbList","@id":"https:\/\/www.fiemg.com.br\/regional-vale-do-aco\/vale-do-aco\/#breadcrumb","itemListElement":[{"@type":"ListItem","position":1,"name":"In\u00edcio","item":"https:\/\/www.fiemg.com.br\/regional-vale-do-aco\/"},{"@type":"ListItem","position":2,"name":"+ Vale Do A\u00e7o"}]},{"@type":"WebSite","@id":"https:\/\/www.fiemg.com.br\/regional-vale-do-aco\/#website","url":"https:\/\/www.fiemg.com.br\/regional-vale-do-aco\/","name":"Regional Vale do a\u00e7o","description":"Federa\u00e7\u00e3o das Ind\u00fastrias do Estado de Minas Gerais","publisher":{"@id":"https:\/\/www.fiemg.com.br\/regional-vale-do-aco\/#organization"},"potentialAction":[{"@type":"SearchAction","target":{"@type":"EntryPoint","urlTemplate":"https:\/\/www.fiemg.com.br\/regional-vale-do-aco\/?s={search_term_string}"},"query-input":{"@type":"PropertyValueSpecification","valueRequired":true,"valueName":"search_term_string"}}],"inLanguage":"pt-BR"},{"@type":"Organization","@id":"https:\/\/www.fiemg.com.br\/regional-vale-do-aco\/#organization","name":"Regional Vale do a\u00e7o","url":"https:\/\/www.fiemg.com.br\/regional-vale-do-aco\/","logo":{"@type":"ImageObject","inLanguage":"pt-BR","@id":"https:\/\/www.fiemg.com.br\/regional-vale-do-aco\/#\/schema\/logo\/image\/","url":"https:\/\/www.fiemg.com.br\/regional-vale-do-aco\/wp-content\/uploads\/sites\/22\/2023\/02\/Ativo-1.png","contentUrl":"https:\/\/www.fiemg.com.br\/regional-vale-do-aco\/wp-content\/uploads\/sites\/22\/2023\/02\/Ativo-1.png","width":563,"height":149,"caption":"Regional Vale do a\u00e7o"},"image":{"@id":"https:\/\/www.fiemg.com.br\/regional-vale-do-aco\/#\/schema\/logo\/image\/"}}]}},"_links":{"self":[{"href":"https:\/\/www.fiemg.com.br\/regional-vale-do-aco\/wp-json\/wp\/v2\/pages\/1409","targetHints":{"allow":["GET"]}}],"collection":[{"href":"https:\/\/www.fiemg.com.br\/regional-vale-do-aco\/wp-json\/wp\/v2\/pages"}],"about":[{"href":"https:\/\/www.fiemg.com.br\/regional-vale-do-aco\/wp-json\/wp\/v2\/types\/page"}],"author":[{"embeddable":true,"href":"https:\/\/www.fiemg.com.br\/regional-vale-do-aco\/wp-json\/wp\/v2\/users\/10"}],"replies":[{"embeddable":true,"href":"https:\/\/www.fiemg.com.br\/regional-vale-do-aco\/wp-json\/wp\/v2\/comments?post=1409"}],"version-history":[{"count":0,"href":"https:\/\/www.fiemg.com.br\/regional-vale-do-aco\/wp-json\/wp\/v2\/pages\/1409\/revisions"}],"wp:featuredmedia":[{"embeddable":true,"href":"https:\/\/www.fiemg.com.br\/regional-vale-do-aco\/wp-json\/wp\/v2\/media\/1502"}],"wp:attachment":[{"href":"https:\/\/www.fiemg.com.br\/regional-vale-do-aco\/wp-json\/wp\/v2\/media?parent=1409"}],"curies":[{"name":"wp","href":"https:\/\/api.w.org\/{rel}","templated":true}]}}