{"id":1066,"date":"2023-03-28T17:33:15","date_gmt":"2023-03-28T20:33:15","guid":{"rendered":"https:\/\/www.fiemg.com.br\/regional-vale-do-paranaiba\/licitacoes-e-compras\/"},"modified":"2023-11-06T12:00:23","modified_gmt":"2023-11-06T15:00:23","slug":"licitacoes-e-compras","status":"publish","type":"page","link":"https:\/\/www.fiemg.com.br\/regional-vale-do-paranaiba\/licitacoes-e-compras\/","title":{"rendered":"Licita\u00e7\u00f5es e Compras"},"content":{"rendered":"<div>O Tribunal de Contas da Uni\u00e3o \u2013 TCU, por meio da Decis\u00e3o n.\u00ba 907\/1997 \u2013 Plen\u00e1rio, permitiu que as entidades integrantes do \u201cSistema S\u201d elaborassem regulamentos pr\u00f3prios em substitui\u00e7\u00e3o \u00e0 Lei n.\u00ba 8.666\/1993. Assim, desde 1998, o SESI e SENAI realizam suas compras e contrata\u00e7\u00f5es de acordo com o Regulamento de Licita\u00e7\u00f5es e Contratos destas Entidades, cujo texto tem o objetivo de flexibilizar o regramento imposto pela Lei e, com isso, imprimir maior celeridade aos procedimentos.<\/div>\n<div><\/div>\n<div>Todos os processos de compras e contrata\u00e7\u00f5es podem ser acompanhados pelo Portal de Compras do Sistema FIEMG (composto pelas Entidades FIEMG, CIEMG, SESI\/DRMG, SENAI\/DRMG e IEL\/NRMG), dispon\u00edvel em\u00a0<a href=\"https:\/\/compras.fiemg.com.br\/Default.aspx\" target=\"_blank\" rel=\"noopener noreferrer\">https:\/\/compras.fiemg.com.br\/Default.aspx<\/a>. As aquisi\u00e7\u00f5es e contrata\u00e7\u00f5es s\u00e3o normatizadas pela Ger\u00eancia de Suprimentos, que \u00e9 vinculada \u00e0 Superintend\u00eancia de Finan\u00e7as e Controle, estando localizada na Av. do Contorno, n\u00b0 4.520, 9\u00b0 andar, Bairro Funcion\u00e1rios, CEP 30110-916, em Belo Horizonte \u2013 MG.<\/div>\n<div><\/div>\n<div><strong><br \/>\nPortal da Transpar\u00eancia<\/strong><\/div>\n<div><\/div>\n<ul>\n<li>Todas as licita\u00e7\u00f5es do Sistema FIEMG podem ser acompanhadas atrav\u00e9s dos links abaixo e tamb\u00e9m pelo\u00a0<a href=\"http:\/\/www.portaldaindustria.com.br\/sesi\/canais\/transparencia\/\" target=\"_blank\" rel=\"noopener noreferrer\"><strong>Portal da Transpar\u00eancia do SESI<\/strong><\/a>\u00a0e\u00a0<a href=\"http:\/\/www.portaldaindustria.com.br\/senai\/canais\/transparencia\/\" target=\"_blank\" rel=\"noopener noreferrer\"><strong>Portal da Transpar\u00eancia do SENAI<\/strong><\/a>, sem a necessidade de realiza\u00e7\u00e3o de cadastro pr\u00e9vio.<\/li>\n<\/ul>\n<div><\/div>\n<div><strong><br \/>\nAtestado de Capacidade T\u00e9cnica<\/strong><\/div>\n<div><\/div>\n<ul>\n<li>Os fornecedores atuais ou que j\u00e1 forneceram produtos e servi\u00e7os \u00e0s Entidades do Sistema FIEMG poder\u00e3o requerer a emiss\u00e3o do respectivo Atestado de Capacidade T\u00e9cnica \u00e0 Ger\u00eancia de Suprimentos, devendo o requerimento ser preenchido e enviado pelo endere\u00e7o de e-mail:\u00a0<a href=\"mailto:suprimentos@fiemg.com.br\" target=\"_blank\" rel=\"noopener noreferrer\">suprimentos@fiemg.com.br<\/a>.<\/li>\n<li>Os Atestados de Capacidade T\u00e9cnica somente ser\u00e3o emitidos ap\u00f3s a necess\u00e1ria manifesta\u00e7\u00e3o das respectivas \u00e1reas t\u00e9cnicas respons\u00e1veis pelo recebimento e\/ou acompanhamento da execu\u00e7\u00e3o do Contrato e\/ou do Pedido de Compra. Ap\u00f3s a emiss\u00e3o do respectivo Atestado, o fornecedor receber\u00e1 o arquivo em formato digital.<\/li>\n<\/ul>\n<p><a href=\"https:\/\/www.fiemg.com.br\/wp-content\/uploads\/2023\/11\/Atestado-de-Capacidade-Tecnica-modelo-de-requerimento.docx\" target=\"_blank\" rel=\"noopener\"><span class=\"btn\">Modelo de Requerimento<\/span>\u00a0\u00a0<\/a><\/p>\n<p><a href=\"https:\/\/www.fiemg.com.br\/wp-content\/uploads\/2023\/11\/Atestado-de-Capacidade-Tecnica-Orientacoes.pdf\" target=\"_blank\" rel=\"noopener\"><span class=\"btn\">Orienta\u00e7\u00f5es para Solicita\u00e7\u00e3o<\/span><\/a><\/p>\n<div><a href=\"https:\/\/compras.fiemg.com.br\/Empresa\/CadastroExterno\/ApresentacaoCadastro\" target=\"_blank\" rel=\"noopener\"><strong>Cadastro de Fornecedores<\/strong><\/a><\/div>\n<div><\/div>\n<div>\n<p>A gest\u00e3o do cadastro de fornecedores no Sistema FIEMG \u00e9 realizada pela equipe de Suprimentos, que \u00e9 vinculada \u00e0 Superintend\u00eancia de Finan\u00e7as e Controle, estando localizada na Av. do Contorno, n\u00b0 4.520, 7\u00b0 andar, Bairro Funcion\u00e1rios, CEP 30110-916, em Belo Horizonte \u2013 MG.<\/p>\n<\/div>\n<p>E-mail: <a href=\"mailto:centraldecadastro@fiemg.com.br\" target=\"_blank\" rel=\"noopener noreferrer\">centraldecadastro@fiemg.com.br<\/a><\/p>\n<p><a href=\"https:\/\/compras.fiemg.com.br\/portal\/Mural.aspx?nNmTela=E\" target=\"_blank\" rel=\"noopener\"><strong>Consulte aqui todas as compras e licita\u00e7\u00f5es em andamento<\/strong><\/a><\/p>\n","protected":false},"excerpt":{"rendered":"<p>O Tribunal de Contas da Uni\u00e3o \u2013 TCU, por meio da Decis\u00e3o n.\u00ba 907\/1997 \u2013 Plen\u00e1rio, permitiu que as entidades integrantes do \u201cSistema S\u201d elaborassem regulamentos pr\u00f3prios em substitui\u00e7\u00e3o \u00e0 Lei n.\u00ba 8.666\/1993. Assim, desde 1998, o SESI e SENAI realizam suas compras e contrata\u00e7\u00f5es de acordo com o Regulamento de Licita\u00e7\u00f5es e Contratos destas [&hellip;]<\/p>\n","protected":false},"author":1,"featured_media":1529,"parent":0,"menu_order":39,"comment_status":"closed","ping_status":"closed","template":"","meta":{"footnotes":""},"class_list":["post-1066","page","type-page","status-publish","has-post-thumbnail","hentry"],"acf":[],"yoast_head":"<!-- This site is optimized with the Yoast SEO plugin v26.2 - https:\/\/yoast.com\/wordpress\/plugins\/seo\/ -->\n<title>Licita\u00e7\u00f5es e Compras - Regional Vale do Parana\u00edba<\/title>\n<meta name=\"robots\" content=\"index, follow, max-snippet:-1, max-image-preview:large, max-video-preview:-1\" \/>\n<link rel=\"canonical\" href=\"https:\/\/www.fiemg.com.br\/regional-vale-do-paranaiba\/licitacoes-e-compras\/\" \/>\n<meta property=\"og:locale\" content=\"pt_BR\" \/>\n<meta property=\"og:type\" content=\"article\" \/>\n<meta property=\"og:title\" content=\"Licita\u00e7\u00f5es e Compras - Regional Vale do Parana\u00edba\" \/>\n<meta property=\"og:description\" content=\"O Tribunal de Contas da Uni\u00e3o \u2013 TCU, por meio da Decis\u00e3o n.\u00ba 907\/1997 \u2013 Plen\u00e1rio, permitiu que as entidades integrantes do \u201cSistema S\u201d elaborassem regulamentos pr\u00f3prios em substitui\u00e7\u00e3o \u00e0 Lei n.\u00ba 8.666\/1993. Assim, desde 1998, o SESI e SENAI realizam suas compras e contrata\u00e7\u00f5es de acordo com o Regulamento de Licita\u00e7\u00f5es e Contratos destas [&hellip;]\" \/>\n<meta property=\"og:url\" content=\"https:\/\/www.fiemg.com.br\/regional-vale-do-paranaiba\/licitacoes-e-compras\/\" \/>\n<meta property=\"og:site_name\" content=\"Regional Vale do Parana\u00edba\" \/>\n<meta property=\"article:modified_time\" content=\"2023-11-06T15:00:23+00:00\" \/>\n<meta property=\"og:image\" content=\"https:\/\/www.fiemg.com.br\/regional-vale-do-paranaiba\/wp-content\/uploads\/sites\/24\/2023\/08\/default.png\" \/>\n\t<meta property=\"og:image:width\" content=\"300\" \/>\n\t<meta property=\"og:image:height\" content=\"300\" \/>\n\t<meta property=\"og:image:type\" content=\"image\/png\" \/>\n<meta name=\"twitter:card\" content=\"summary_large_image\" \/>\n<script type=\"application\/ld+json\" class=\"yoast-schema-graph\">{\"@context\":\"https:\/\/schema.org\",\"@graph\":[{\"@type\":\"WebPage\",\"@id\":\"https:\/\/www.fiemg.com.br\/regional-vale-do-paranaiba\/licitacoes-e-compras\/\",\"url\":\"https:\/\/www.fiemg.com.br\/regional-vale-do-paranaiba\/licitacoes-e-compras\/\",\"name\":\"Licita\u00e7\u00f5es e Compras - Regional Vale do Parana\u00edba\",\"isPartOf\":{\"@id\":\"https:\/\/www.fiemg.com.br\/regional-vale-do-paranaiba\/#website\"},\"primaryImageOfPage\":{\"@id\":\"https:\/\/www.fiemg.com.br\/regional-vale-do-paranaiba\/licitacoes-e-compras\/#primaryimage\"},\"image\":{\"@id\":\"https:\/\/www.fiemg.com.br\/regional-vale-do-paranaiba\/licitacoes-e-compras\/#primaryimage\"},\"thumbnailUrl\":\"https:\/\/www.fiemg.com.br\/regional-vale-do-paranaiba\/wp-content\/uploads\/sites\/24\/2023\/08\/default.png\",\"datePublished\":\"2023-03-28T20:33:15+00:00\",\"dateModified\":\"2023-11-06T15:00:23+00:00\",\"breadcrumb\":{\"@id\":\"https:\/\/www.fiemg.com.br\/regional-vale-do-paranaiba\/licitacoes-e-compras\/#breadcrumb\"},\"inLanguage\":\"pt-BR\",\"potentialAction\":[{\"@type\":\"ReadAction\",\"target\":[\"https:\/\/www.fiemg.com.br\/regional-vale-do-paranaiba\/licitacoes-e-compras\/\"]}]},{\"@type\":\"ImageObject\",\"inLanguage\":\"pt-BR\",\"@id\":\"https:\/\/www.fiemg.com.br\/regional-vale-do-paranaiba\/licitacoes-e-compras\/#primaryimage\",\"url\":\"https:\/\/www.fiemg.com.br\/regional-vale-do-paranaiba\/wp-content\/uploads\/sites\/24\/2023\/08\/default.png\",\"contentUrl\":\"https:\/\/www.fiemg.com.br\/regional-vale-do-paranaiba\/wp-content\/uploads\/sites\/24\/2023\/08\/default.png\",\"width\":300,\"height\":300},{\"@type\":\"BreadcrumbList\",\"@id\":\"https:\/\/www.fiemg.com.br\/regional-vale-do-paranaiba\/licitacoes-e-compras\/#breadcrumb\",\"itemListElement\":[{\"@type\":\"ListItem\",\"position\":1,\"name\":\"In\u00edcio\",\"item\":\"https:\/\/www.fiemg.com.br\/regional-vale-do-paranaiba\/\"},{\"@type\":\"ListItem\",\"position\":2,\"name\":\"Licita\u00e7\u00f5es e Compras\"}]},{\"@type\":\"WebSite\",\"@id\":\"https:\/\/www.fiemg.com.br\/regional-vale-do-paranaiba\/#website\",\"url\":\"https:\/\/www.fiemg.com.br\/regional-vale-do-paranaiba\/\",\"name\":\"Regional Vale do Parana\u00edba\",\"description\":\"Federa\u00e7\u00e3o das Ind\u00fastrias do Estado de Minas Gerais\",\"publisher\":{\"@id\":\"https:\/\/www.fiemg.com.br\/regional-vale-do-paranaiba\/#organization\"},\"potentialAction\":[{\"@type\":\"SearchAction\",\"target\":{\"@type\":\"EntryPoint\",\"urlTemplate\":\"https:\/\/www.fiemg.com.br\/regional-vale-do-paranaiba\/?s={search_term_string}\"},\"query-input\":{\"@type\":\"PropertyValueSpecification\",\"valueRequired\":true,\"valueName\":\"search_term_string\"}}],\"inLanguage\":\"pt-BR\"},{\"@type\":\"Organization\",\"@id\":\"https:\/\/www.fiemg.com.br\/regional-vale-do-paranaiba\/#organization\",\"name\":\"Regional Vale do Parana\u00edba\",\"url\":\"https:\/\/www.fiemg.com.br\/regional-vale-do-paranaiba\/\",\"logo\":{\"@type\":\"ImageObject\",\"inLanguage\":\"pt-BR\",\"@id\":\"https:\/\/www.fiemg.com.br\/regional-vale-do-paranaiba\/#\/schema\/logo\/image\/\",\"url\":\"https:\/\/www.fiemg.com.br\/regional-vale-do-paranaiba\/wp-content\/uploads\/sites\/24\/2023\/02\/Ativo-1.png\",\"contentUrl\":\"https:\/\/www.fiemg.com.br\/regional-vale-do-paranaiba\/wp-content\/uploads\/sites\/24\/2023\/02\/Ativo-1.png\",\"width\":563,\"height\":149,\"caption\":\"Regional Vale do Parana\u00edba\"},\"image\":{\"@id\":\"https:\/\/www.fiemg.com.br\/regional-vale-do-paranaiba\/#\/schema\/logo\/image\/\"}}]}<\/script>\n<!-- \/ Yoast SEO plugin. -->","yoast_head_json":{"title":"Licita\u00e7\u00f5es e Compras - Regional Vale do Parana\u00edba","robots":{"index":"index","follow":"follow","max-snippet":"max-snippet:-1","max-image-preview":"max-image-preview:large","max-video-preview":"max-video-preview:-1"},"canonical":"https:\/\/www.fiemg.com.br\/regional-vale-do-paranaiba\/licitacoes-e-compras\/","og_locale":"pt_BR","og_type":"article","og_title":"Licita\u00e7\u00f5es e Compras - Regional Vale do Parana\u00edba","og_description":"O Tribunal de Contas da Uni\u00e3o \u2013 TCU, por meio da Decis\u00e3o n.\u00ba 907\/1997 \u2013 Plen\u00e1rio, permitiu que as entidades integrantes do \u201cSistema S\u201d elaborassem regulamentos pr\u00f3prios em substitui\u00e7\u00e3o \u00e0 Lei n.\u00ba 8.666\/1993. Assim, desde 1998, o SESI e SENAI realizam suas compras e contrata\u00e7\u00f5es de acordo com o Regulamento de Licita\u00e7\u00f5es e Contratos destas [&hellip;]","og_url":"https:\/\/www.fiemg.com.br\/regional-vale-do-paranaiba\/licitacoes-e-compras\/","og_site_name":"Regional Vale do Parana\u00edba","article_modified_time":"2023-11-06T15:00:23+00:00","og_image":[{"width":300,"height":300,"url":"https:\/\/www.fiemg.com.br\/regional-vale-do-paranaiba\/wp-content\/uploads\/sites\/24\/2023\/08\/default.png","type":"image\/png"}],"twitter_card":"summary_large_image","schema":{"@context":"https:\/\/schema.org","@graph":[{"@type":"WebPage","@id":"https:\/\/www.fiemg.com.br\/regional-vale-do-paranaiba\/licitacoes-e-compras\/","url":"https:\/\/www.fiemg.com.br\/regional-vale-do-paranaiba\/licitacoes-e-compras\/","name":"Licita\u00e7\u00f5es e Compras - Regional Vale do Parana\u00edba","isPartOf":{"@id":"https:\/\/www.fiemg.com.br\/regional-vale-do-paranaiba\/#website"},"primaryImageOfPage":{"@id":"https:\/\/www.fiemg.com.br\/regional-vale-do-paranaiba\/licitacoes-e-compras\/#primaryimage"},"image":{"@id":"https:\/\/www.fiemg.com.br\/regional-vale-do-paranaiba\/licitacoes-e-compras\/#primaryimage"},"thumbnailUrl":"https:\/\/www.fiemg.com.br\/regional-vale-do-paranaiba\/wp-content\/uploads\/sites\/24\/2023\/08\/default.png","datePublished":"2023-03-28T20:33:15+00:00","dateModified":"2023-11-06T15:00:23+00:00","breadcrumb":{"@id":"https:\/\/www.fiemg.com.br\/regional-vale-do-paranaiba\/licitacoes-e-compras\/#breadcrumb"},"inLanguage":"pt-BR","potentialAction":[{"@type":"ReadAction","target":["https:\/\/www.fiemg.com.br\/regional-vale-do-paranaiba\/licitacoes-e-compras\/"]}]},{"@type":"ImageObject","inLanguage":"pt-BR","@id":"https:\/\/www.fiemg.com.br\/regional-vale-do-paranaiba\/licitacoes-e-compras\/#primaryimage","url":"https:\/\/www.fiemg.com.br\/regional-vale-do-paranaiba\/wp-content\/uploads\/sites\/24\/2023\/08\/default.png","contentUrl":"https:\/\/www.fiemg.com.br\/regional-vale-do-paranaiba\/wp-content\/uploads\/sites\/24\/2023\/08\/default.png","width":300,"height":300},{"@type":"BreadcrumbList","@id":"https:\/\/www.fiemg.com.br\/regional-vale-do-paranaiba\/licitacoes-e-compras\/#breadcrumb","itemListElement":[{"@type":"ListItem","position":1,"name":"In\u00edcio","item":"https:\/\/www.fiemg.com.br\/regional-vale-do-paranaiba\/"},{"@type":"ListItem","position":2,"name":"Licita\u00e7\u00f5es e Compras"}]},{"@type":"WebSite","@id":"https:\/\/www.fiemg.com.br\/regional-vale-do-paranaiba\/#website","url":"https:\/\/www.fiemg.com.br\/regional-vale-do-paranaiba\/","name":"Regional Vale do Parana\u00edba","description":"Federa\u00e7\u00e3o das Ind\u00fastrias do Estado de Minas Gerais","publisher":{"@id":"https:\/\/www.fiemg.com.br\/regional-vale-do-paranaiba\/#organization"},"potentialAction":[{"@type":"SearchAction","target":{"@type":"EntryPoint","urlTemplate":"https:\/\/www.fiemg.com.br\/regional-vale-do-paranaiba\/?s={search_term_string}"},"query-input":{"@type":"PropertyValueSpecification","valueRequired":true,"valueName":"search_term_string"}}],"inLanguage":"pt-BR"},{"@type":"Organization","@id":"https:\/\/www.fiemg.com.br\/regional-vale-do-paranaiba\/#organization","name":"Regional Vale do Parana\u00edba","url":"https:\/\/www.fiemg.com.br\/regional-vale-do-paranaiba\/","logo":{"@type":"ImageObject","inLanguage":"pt-BR","@id":"https:\/\/www.fiemg.com.br\/regional-vale-do-paranaiba\/#\/schema\/logo\/image\/","url":"https:\/\/www.fiemg.com.br\/regional-vale-do-paranaiba\/wp-content\/uploads\/sites\/24\/2023\/02\/Ativo-1.png","contentUrl":"https:\/\/www.fiemg.com.br\/regional-vale-do-paranaiba\/wp-content\/uploads\/sites\/24\/2023\/02\/Ativo-1.png","width":563,"height":149,"caption":"Regional Vale do Parana\u00edba"},"image":{"@id":"https:\/\/www.fiemg.com.br\/regional-vale-do-paranaiba\/#\/schema\/logo\/image\/"}}]}},"_links":{"self":[{"href":"https:\/\/www.fiemg.com.br\/regional-vale-do-paranaiba\/wp-json\/wp\/v2\/pages\/1066","targetHints":{"allow":["GET"]}}],"collection":[{"href":"https:\/\/www.fiemg.com.br\/regional-vale-do-paranaiba\/wp-json\/wp\/v2\/pages"}],"about":[{"href":"https:\/\/www.fiemg.com.br\/regional-vale-do-paranaiba\/wp-json\/wp\/v2\/types\/page"}],"author":[{"embeddable":true,"href":"https:\/\/www.fiemg.com.br\/regional-vale-do-paranaiba\/wp-json\/wp\/v2\/users\/1"}],"replies":[{"embeddable":true,"href":"https:\/\/www.fiemg.com.br\/regional-vale-do-paranaiba\/wp-json\/wp\/v2\/comments?post=1066"}],"version-history":[{"count":0,"href":"https:\/\/www.fiemg.com.br\/regional-vale-do-paranaiba\/wp-json\/wp\/v2\/pages\/1066\/revisions"}],"wp:featuredmedia":[{"embeddable":true,"href":"https:\/\/www.fiemg.com.br\/regional-vale-do-paranaiba\/wp-json\/wp\/v2\/media\/1529"}],"wp:attachment":[{"href":"https:\/\/www.fiemg.com.br\/regional-vale-do-paranaiba\/wp-json\/wp\/v2\/media?parent=1066"}],"curies":[{"name":"wp","href":"https:\/\/api.w.org\/{rel}","templated":true}]}}