{"id":1409,"date":"2023-07-26T13:31:00","date_gmt":"2023-07-26T13:31:00","guid":{"rendered":"https:\/\/www.fiemg.com.br\/regional-vale-do-paranaiba\/vale-do-paranaiba\/"},"modified":"2025-10-06T15:47:24","modified_gmt":"2025-10-06T18:47:24","slug":"vale-do-paranaiba","status":"publish","type":"page","link":"https:\/\/www.fiemg.com.br\/regional-vale-do-paranaiba\/vale-do-paranaiba\/","title":{"rendered":"+ Vale Do Paranaiba"},"content":{"rendered":"<p style=\"text-align: justify\">Diante da diversidade e complexidade do Estado de Minas Gerais, o Sistema FIEMG se estruturou para estar \u00e0 altura dos desafios e oportunidades que se apresentam. Uma das a\u00e7\u00f5es foi adotar como uma de suas diretrizes b\u00e1sicas de atua\u00e7\u00e3o e participa\u00e7\u00e3o dos empres\u00e1rios na defini\u00e7\u00e3o de suas estrat\u00e9gias e a\u00e7\u00f5es, al\u00e9m da descentraliza\u00e7\u00e3o dos programas voltados para as ind\u00fastrias.<\/p>\n<p style=\"text-align: justify\">Nesse contexto, a FIEMG Regional Vale do Parana\u00edba apresenta-se como \u00f3rg\u00e3o co-gestor, liderando o processo de desenvolvimento regional, alavancando projetos de fomento que atendem \u00e0s voca\u00e7\u00f5es localizadas, fortalecendo os relacionamentos institucionais, o associativismo empresarial e contribuindo para potencializar todas as a\u00e7\u00f5es e programas do Sistema FIEMG. Para isso, atua em sintonia com 12 Sindicatos de Ind\u00fastria, junto aos quais busca tamb\u00e9m o permanente fortalecimento de suas bases de interlocu\u00e7\u00e3o na ind\u00fastria e da forma\u00e7\u00e3o de novas lideran\u00e7as no setor.<\/p>\n<p style=\"text-align: justify\">Assim, a FIEMG Regional Vale do Parana\u00edba coloca \u00e0 disposi\u00e7\u00e3o desses Sindicatos e das Ind\u00fastrias da Regi\u00e3o os servi\u00e7os e produtos do Sistema FIEMG, que funcionam como instrumentos de promo\u00e7\u00e3o do desenvolvimento industrial, e se compromete efetivamente com programas e a\u00e7\u00f5es de defesa dos interesses do setor. Ent\u00e3o, atrav\u00e9s das diversificadas \u00e1reas t\u00e9cnicas do Sistema, disponibiliza os seguintes servi\u00e7os de conhecimento estrat\u00e9gico:<\/p>\n<ul>\n<li style=\"text-align: justify\"><strong>MEIO AMBIENTE<\/strong>\u00a0Licenciamento, Assessoria Jur\u00eddica Ambiental e Bolsa de Recicl\u00e1veis<\/li>\n<li style=\"text-align: justify\"><strong>CAPITALIZA\u00c7\u00c3O E FINANCIAMENTO<\/strong>\u00a0Identifica\u00e7\u00e3o das linhas de cr\u00e9dito mais adequadas, informa\u00e7\u00f5es detalhadas sobre as linhas de financiamento e orienta\u00e7\u00f5es sobre procedimentos necess\u00e1rios para a obten\u00e7\u00e3o do cr\u00e9dito.<\/li>\n<li style=\"text-align: justify\"><strong>ECONOMIA FIEMG<\/strong>\u00a0Index Regional, Informe Econ\u00f4mico;<\/li>\n<li style=\"text-align: justify\"><strong>TECNOLOGIA DA INFORMA\u00c7\u00c3O<\/strong>\u00a0Rede de comunica\u00e7\u00e3o e videoconfer\u00eancia;<\/li>\n<li style=\"text-align: justify\"><strong>TRIBUT\u00c1RIO E TRABALHISTA<\/strong>\u00a0Consultas e Pareceres, e Semin\u00e1rios e Palestras;<\/li>\n<li style=\"text-align: justify\"><strong>NEG\u00d3CIOS NACIONAIS<\/strong>\u00a0Projeto Forte, Projeto Compre Bem, Programa de Desenvolvimento de Fornecedores;<\/li>\n<li style=\"text-align: justify\"><strong>CAPACITA\u00c7\u00c3O e DESENVOLVIMENTO<\/strong>\u00a0Capacita\u00e7\u00e3o e treinamento na \u00e1rea de gest\u00e3o;<\/li>\n<li style=\"text-align: justify\"><strong>NEG\u00d3CIOS INTERNACIONAIS<\/strong>\u00a0Certifica\u00e7\u00e3o de Origem, miss\u00f5es empresariais e feiras internacionais, capacita\u00e7\u00e3o e treinamento em assuntos voltados \u00e0 \u00e1rea, consultoria e assessoria em neg\u00f3cios internacionais, oportunidades de neg\u00f3cios, Eurocentro FIEMG, programa de promo\u00e7\u00e3o das exporta\u00e7\u00f5es para o Sistema das Na\u00e7\u00f5es Unidas e Programa Exporta CIN;<\/li>\n<li style=\"text-align: justify\"><strong>RESPONSABILIDADE SOCIAL<\/strong>\u00a0O Sistema FIEMG, atrav\u00e9s de suas Regionais, lidera um amplo e inovador programa de incentivo \u00e0 Responsabilidade Social. Al\u00e9m de iniciativas pr\u00f3prias, atua como agente motivador, multiplicador de id\u00e9ias, facilitador de planejamento e interlocutor da sociedade e do estado, mobilizando empresas e entidades para o desenvolvimento sustent\u00e1vel. A\u00e7\u00f5es como o Dia V \u2013 Dia do Voluntariado, e o Eco Instituto \u2013 ONG Ambiental, assim como a Vila Ol\u00edmpica do SESI realizam diversos trabalhos sociais, o Sistema FIEMG tamb\u00e9m atua junto ao Governo Federal apoiando projetos sociais como o Cozinha Brasil, entre outros.<\/li>\n<\/ul>\n<p style=\"text-align: center\"><strong>\u00a0<\/strong><\/p>\n<p style=\"text-align: center\"><strong>Presidente\u00a0da FIEMG Regional Vale do Parana\u00edba<\/strong><\/p>\n<p style=\"text-align: center\">Telefone \u2013 (34) 3230-5204<\/p>\n<p style=\"text-align: center\">E-mail- regional-vp@fiemg.com.br<\/p>\n<p style=\"text-align: center\"><img fetchpriority=\"high\" decoding=\"async\" class=\"alignnone size-medium wp-image-5907\" src=\"https:\/\/www.fiemg.com.br\/wp-content\/uploads\/2023\/08\/WhatsApp-Image-2023-01-05-at-10-44-32-200x300.jpeg\" alt=\"\" width=\"200\" height=\"300\" \/><\/p>\n<p style=\"text-align: center\">Jos\u00e9 Alves<\/p>\n<p style=\"text-align: center\"><strong>\u00a0<\/strong><\/p>\n<h3 style=\"text-align: center;background: white\"><b><span style=\"color: windowtext;text-decoration: none\">Sindicatos Filiados:<\/span><\/b><\/h3>\n<p style=\"text-align: center;background: white\"><img decoding=\"async\" class=\"alignnone size-medium wp-image-5905\" src=\"https:\/\/www.fiemg.com.br\/wp-content\/uploads\/2023\/08\/SINDVEST-300x123.png\" alt=\"\" width=\"300\" height=\"123\" \/><\/p>\n<p style=\"text-align: center\"><strong>Presidente do Sindicato das Ind\u00fastrias do Vestu\u00e1rio de Araguari<\/strong><br \/>\nTelefone \u2013 (34) 3241-4407<br \/>\nE-mail \u2013 sindvestari@yahoo.com.br<\/p>\n<p style=\"text-align: center\"><img decoding=\"async\" class=\"alignnone size-full wp-image-5900\" src=\"https:\/\/www.fiemg.com.br\/wp-content\/uploads\/2023\/08\/Rossini.jpg\" alt=\"\" width=\"183\" height=\"275\" \/><\/p>\n<p style=\"text-align: center\">Rossini Ferreira Soares<\/p>\n<p style=\"text-align: center;background: white\"><img loading=\"lazy\" decoding=\"async\" class=\"alignnone size-medium wp-image-5893\" src=\"https:\/\/www.fiemg.com.br\/wp-content\/uploads\/2023\/08\/Logo-Siau-2014-300x125.jpg\" alt=\"\" width=\"300\" height=\"125\" \/><\/p>\n<p style=\"text-align: center\"><strong>Presidente do Sindicato das Ind\u00fastrias de Alimenta\u00e7\u00e3o de Uberl\u00e2ndia<\/strong><br \/>\nTelefone \u2013 (34) 3214-0633 \/ 3230-5235<br \/>\nE-mail- siau@regionalfiemg.com.br<\/p>\n<p style=\"text-align: center\"><img loading=\"lazy\" decoding=\"async\" class=\"alignnone size-medium wp-image-5889\" src=\"https:\/\/www.fiemg.com.br\/wp-content\/uploads\/2023\/08\/7M303990-200x300.jpg\" alt=\"\" width=\"200\" height=\"300\" \/><\/p>\n<p style=\"text-align: center\">Paulo Romes Junqueira<\/p>\n<p style=\"text-align: center;background: white\"><img loading=\"lazy\" decoding=\"async\" class=\"alignnone size-medium wp-image-5895\" src=\"https:\/\/www.fiemg.com.br\/wp-content\/uploads\/2023\/08\/Logo-Sindicato-Ind-do-arroz-2014-300x88.jpg\" alt=\"\" width=\"300\" height=\"88\" \/><\/p>\n<p style=\"text-align: center\"><strong>Presidente do Sindicato da Ind\u00fastria do Arroz no Estado de Minas Gerais<\/strong><br \/>\nTelefone \u2013 (34) 3213-4700<br \/>\nE-mail \u2013 sindarrozmg@netsite.com.br<\/p>\n<p style=\"text-align: center\"><img loading=\"lazy\" decoding=\"async\" class=\"alignnone size-full wp-image-5892\" src=\"https:\/\/www.fiemg.com.br\/wp-content\/uploads\/2023\/08\/Jorge-tadeu.jpg\" alt=\"\" width=\"183\" height=\"275\" \/><\/p>\n<p style=\"text-align: center\">Jorge Tadeu Ara\u00fajo Meirelles<\/p>\n<p style=\"text-align: center;background: white\"><img loading=\"lazy\" decoding=\"async\" class=\"alignnone size-medium wp-image-5894\" src=\"https:\/\/www.fiemg.com.br\/wp-content\/uploads\/2023\/08\/Logo-Sindical-ados-2014-300x157.jpg\" alt=\"\" width=\"300\" height=\"157\" \/><\/p>\n<p style=\"text-align: center\"><strong>Presidente do Sindicato da Ind\u00fastria de Cal\u00e7ados de Uberl\u00e2ndia<\/strong><br \/>\nTelefones \u2013 (34) 3230 5200<br \/>\nE-mail \u2013 sindicalcados@regionalfiemg.com.br<\/p>\n<p style=\"text-align: center\"><img loading=\"lazy\" decoding=\"async\" class=\"alignnone size-medium wp-image-5891\" src=\"https:\/\/www.fiemg.com.br\/wp-content\/uploads\/2023\/08\/DSC04505-200x300.jpg\" alt=\"\" width=\"200\" height=\"300\" \/><\/p>\n<p style=\"text-align: center\">Geraldo Luciano Silva<\/p>\n<p style=\"text-align: center;background: white\"><img loading=\"lazy\" decoding=\"async\" class=\"alignnone  wp-image-5904\" src=\"https:\/\/www.fiemg.com.br\/wp-content\/uploads\/2023\/08\/SINDUSCON-TAP-300x234.png\" alt=\"\" width=\"201\" height=\"157\" \/><\/p>\n<p style=\"text-align: center\"><strong>Presidente do Sindicato da Ind\u00fastria da Constru\u00e7\u00e3o Civil do Tri\u00e2ngulo Mineiro e Alto Parana\u00edba<\/strong><br \/>\nTelefones \u2013 (34) 3236-3163 \/ 3214-1140<br \/>\nE-mail- gerencia.sinduscon@triang.com.br<\/p>\n<p style=\"text-align: center\">Ant\u00f4nio Borges<\/p>\n<p style=\"text-align: center;background: white\"><img loading=\"lazy\" decoding=\"async\" class=\"alignnone size-medium wp-image-5896\" src=\"https:\/\/www.fiemg.com.br\/wp-content\/uploads\/2023\/08\/Logo-Sindigraf-2014-300x83.jpg\" alt=\"\" width=\"300\" height=\"83\" \/><\/p>\n<p style=\"text-align: center\"><strong>Presidente do Sindicato Intermunicipal das ind\u00fastrias Gr\u00e1ficas de Uberl\u00e2ndia<\/strong><br \/>\nTelefones \u2013 (34)\u00a03214- 2931<br \/>\nE-mail \u2013 sindigraf@regionalfiemg.com.br<\/p>\n<p style=\"text-align: center\"><img loading=\"lazy\" decoding=\"async\" class=\"alignnone size-full wp-image-5906\" src=\"https:\/\/www.fiemg.com.br\/wp-content\/uploads\/2023\/08\/Walter-Pereira.jpg\" alt=\"\" width=\"183\" height=\"275\" \/><\/p>\n<p style=\"text-align: center\">Walter Cust\u00f3dio Pereira<\/p>\n<p style=\"text-align: center;background: white\"><img loading=\"lazy\" decoding=\"async\" class=\"alignnone size-medium wp-image-5903\" src=\"https:\/\/www.fiemg.com.br\/wp-content\/uploads\/2023\/08\/Sindmob-300x131.jpg\" alt=\"\" width=\"300\" height=\"131\" \/><\/p>\n<p style=\"text-align: center\"><strong>Presidente do Sindicato das Ind\u00fastrias de Marcenaria e Mobili\u00e1rio do Vale do Parana\u00edba<\/strong><br \/>\nTelefone \u2013 (34)\u00a03219-6534<br \/>\nE-mail \u2013 sindmob@regionalfiemg.com.br<\/p>\n<p style=\"text-align: center\"><img loading=\"lazy\" decoding=\"async\" class=\"alignnone size-full wp-image-5901\" src=\"https:\/\/www.fiemg.com.br\/wp-content\/uploads\/2023\/08\/Ruy-Gouvea.jpg\" alt=\"\" width=\"183\" height=\"275\" \/><\/p>\n<p style=\"text-align: center\">Ruy Gouveia Mendes<\/p>\n<p><img loading=\"lazy\" decoding=\"async\" class=\"alignnone size-medium wp-image-5909 aligncenter\" src=\"https:\/\/www.fiemg.com.br\/wp-content\/uploads\/2023\/08\/WhatsApp-Image-2023-06-15-at-16-20-59-300x103.jpeg\" alt=\"\" width=\"300\" height=\"103\" \/><\/p>\n<p style=\"text-align: center\"><strong>Presidente do Sindicato das ind\u00fastrias Metal\u00fargicas, Mec\u00e2nicas e de Material El\u00e9trico de Uberl\u00e2ndia<\/strong><br \/>\nTelefone \u2013 (34) 3236-2494 \/ 3230-5234<br \/>\nE-mail \u2013 sindmetal@sindmetal.ind.br<\/p>\n<p style=\"text-align: center\"><img loading=\"lazy\" decoding=\"async\" class=\"alignnone size-medium wp-image-5888\" src=\"https:\/\/www.fiemg.com.br\/wp-content\/uploads\/2023\/08\/7M303951-200x300.jpg\" alt=\"\" width=\"200\" height=\"300\" \/><\/p>\n<p style=\"text-align: center\">Arquimedes Rosa<\/p>\n<p style=\"text-align: center;background: white\"><img loading=\"lazy\" decoding=\"async\" class=\"alignnone size-medium wp-image-5902\" src=\"https:\/\/www.fiemg.com.br\/wp-content\/uploads\/2023\/08\/SINDIPAN-300x205.png\" alt=\"\" width=\"300\" height=\"205\" \/><\/p>\n<p style=\"text-align: center\"><strong>Presidente do Sindicato da Ind\u00fastria de Panifica\u00e7\u00e3o e Confeitaria de Uberl\u00e2ndia e Diretor da FIEMG<\/strong><br \/>\nTelefones -(34) 3237-1437<br \/>\nE-mail- sindpan@regionalfiemg.com.br<\/p>\n<p style=\"text-align: center\"><img loading=\"lazy\" decoding=\"async\" class=\"alignnone size-full wp-image-5898\" src=\"https:\/\/www.fiemg.com.br\/wp-content\/uploads\/2023\/08\/Milton-Inhaquiti.jpg\" alt=\"\" width=\"183\" height=\"275\" \/><\/p>\n<p style=\"text-align: center\">Milton Inhaquitti<\/p>\n<p style=\"text-align: center;background: white\"><img loading=\"lazy\" decoding=\"async\" class=\"alignnone size-medium wp-image-5897\" src=\"https:\/\/www.fiemg.com.br\/wp-content\/uploads\/2023\/08\/Logo-Sindivestu-2014-300x64.jpg\" alt=\"\" width=\"300\" height=\"64\" \/><\/p>\n<p style=\"text-align: center\"><strong>Presidente do Sindicato das Ind\u00fastrias do Vestu\u00e1rio de Uberl\u00e2ndia<\/strong><br \/>\nTelefones \u2013 (34) 3236-7363 \/ 3210-2213<br \/>\nE-mail \u2013 sindivestu@sindivestu.ind.br<\/p>\n<p style=\"text-align: center\"><img loading=\"lazy\" decoding=\"async\" class=\"alignnone size-medium wp-image-5890\" src=\"https:\/\/www.fiemg.com.br\/wp-content\/uploads\/2023\/08\/Alessiane-200x300.jpeg\" alt=\"\" width=\"200\" height=\"300\" \/><\/p>\n<p style=\"text-align: center\">Alessiane Peixoto Cabral Batoni<\/p>\n<h4>\u00c1rea de abrang\u00eancia<\/h4>\n<p>Abadia dos Dourados<\/p>\n<p>Araguari<\/p>\n<p>Cascalho Rico<\/p>\n<p>Douradoquara<\/p>\n<p>Estrela do Sul<\/p>\n<p>Grupiara<\/p>\n<p>Indian\u00f3polis<\/p>\n<p>Ira\u00ed de Minas<\/p>\n<p>Monte Alegre de Minas<\/p>\n<p>Monte Carmelo<\/p>\n<p>Prata<\/p>\n<p>Romaria<\/p>\n<p>Tupaciguara<\/p>\n<p>Uberl\u00e2ndia<\/p>\n","protected":false},"excerpt":{"rendered":"<p>Diante da diversidade e complexidade do Estado de Minas Gerais, o Sistema FIEMG se estruturou para estar \u00e0 altura dos desafios e oportunidades que se apresentam. Uma das a\u00e7\u00f5es foi adotar como uma de suas diretrizes b\u00e1sicas de atua\u00e7\u00e3o e participa\u00e7\u00e3o dos empres\u00e1rios na defini\u00e7\u00e3o de suas estrat\u00e9gias e a\u00e7\u00f5es, al\u00e9m da descentraliza\u00e7\u00e3o dos programas [&hellip;]<\/p>\n","protected":false},"author":10,"featured_media":1529,"parent":0,"menu_order":7,"comment_status":"closed","ping_status":"closed","template":"","meta":{"footnotes":""},"class_list":["post-1409","page","type-page","status-publish","has-post-thumbnail","hentry"],"acf":[],"yoast_head":"<!-- This site is optimized with the Yoast SEO plugin v26.2 - https:\/\/yoast.com\/wordpress\/plugins\/seo\/ -->\n<title>+ Vale Do Paranaiba - Regional Vale do Parana\u00edba<\/title>\n<meta name=\"robots\" content=\"index, follow, max-snippet:-1, max-image-preview:large, max-video-preview:-1\" \/>\n<link rel=\"canonical\" href=\"https:\/\/www.fiemg.com.br\/regional-vale-do-paranaiba\/vale-do-paranaiba\/\" \/>\n<meta property=\"og:locale\" content=\"pt_BR\" \/>\n<meta property=\"og:type\" content=\"article\" \/>\n<meta property=\"og:title\" content=\"+ Vale Do Paranaiba - Regional Vale do Parana\u00edba\" \/>\n<meta property=\"og:description\" content=\"Diante da diversidade e complexidade do Estado de Minas Gerais, o Sistema FIEMG se estruturou para estar \u00e0 altura dos desafios e oportunidades que se apresentam. Uma das a\u00e7\u00f5es foi adotar como uma de suas diretrizes b\u00e1sicas de atua\u00e7\u00e3o e participa\u00e7\u00e3o dos empres\u00e1rios na defini\u00e7\u00e3o de suas estrat\u00e9gias e a\u00e7\u00f5es, al\u00e9m da descentraliza\u00e7\u00e3o dos programas [&hellip;]\" \/>\n<meta property=\"og:url\" content=\"https:\/\/www.fiemg.com.br\/regional-vale-do-paranaiba\/vale-do-paranaiba\/\" \/>\n<meta property=\"og:site_name\" content=\"Regional Vale do Parana\u00edba\" \/>\n<meta property=\"article:modified_time\" content=\"2025-10-06T18:47:24+00:00\" \/>\n<meta name=\"twitter:card\" content=\"summary_large_image\" \/>\n<meta name=\"twitter:label1\" content=\"Est. tempo de leitura\" \/>\n\t<meta name=\"twitter:data1\" content=\"8 minutos\" \/>\n<script type=\"application\/ld+json\" class=\"yoast-schema-graph\">{\"@context\":\"https:\/\/schema.org\",\"@graph\":[{\"@type\":\"WebPage\",\"@id\":\"https:\/\/www.fiemg.com.br\/regional-vale-do-paranaiba\/vale-do-paranaiba\/\",\"url\":\"https:\/\/www.fiemg.com.br\/regional-vale-do-paranaiba\/vale-do-paranaiba\/\",\"name\":\"+ Vale Do Paranaiba - Regional Vale do Parana\u00edba\",\"isPartOf\":{\"@id\":\"https:\/\/www.fiemg.com.br\/regional-vale-do-paranaiba\/#website\"},\"primaryImageOfPage\":{\"@id\":\"https:\/\/www.fiemg.com.br\/regional-vale-do-paranaiba\/vale-do-paranaiba\/#primaryimage\"},\"image\":{\"@id\":\"https:\/\/www.fiemg.com.br\/regional-vale-do-paranaiba\/vale-do-paranaiba\/#primaryimage\"},\"thumbnailUrl\":\"https:\/\/www.fiemg.com.br\/regional-vale-do-paranaiba\/wp-content\/uploads\/sites\/24\/2023\/08\/default.png\",\"datePublished\":\"2023-07-26T13:31:00+00:00\",\"dateModified\":\"2025-10-06T18:47:24+00:00\",\"breadcrumb\":{\"@id\":\"https:\/\/www.fiemg.com.br\/regional-vale-do-paranaiba\/vale-do-paranaiba\/#breadcrumb\"},\"inLanguage\":\"pt-BR\",\"potentialAction\":[{\"@type\":\"ReadAction\",\"target\":[\"https:\/\/www.fiemg.com.br\/regional-vale-do-paranaiba\/vale-do-paranaiba\/\"]}]},{\"@type\":\"ImageObject\",\"inLanguage\":\"pt-BR\",\"@id\":\"https:\/\/www.fiemg.com.br\/regional-vale-do-paranaiba\/vale-do-paranaiba\/#primaryimage\",\"url\":\"https:\/\/www.fiemg.com.br\/regional-vale-do-paranaiba\/wp-content\/uploads\/sites\/24\/2023\/08\/default.png\",\"contentUrl\":\"https:\/\/www.fiemg.com.br\/regional-vale-do-paranaiba\/wp-content\/uploads\/sites\/24\/2023\/08\/default.png\",\"width\":300,\"height\":300},{\"@type\":\"BreadcrumbList\",\"@id\":\"https:\/\/www.fiemg.com.br\/regional-vale-do-paranaiba\/vale-do-paranaiba\/#breadcrumb\",\"itemListElement\":[{\"@type\":\"ListItem\",\"position\":1,\"name\":\"In\u00edcio\",\"item\":\"https:\/\/www.fiemg.com.br\/regional-vale-do-paranaiba\/\"},{\"@type\":\"ListItem\",\"position\":2,\"name\":\"+ Vale Do Paranaiba\"}]},{\"@type\":\"WebSite\",\"@id\":\"https:\/\/www.fiemg.com.br\/regional-vale-do-paranaiba\/#website\",\"url\":\"https:\/\/www.fiemg.com.br\/regional-vale-do-paranaiba\/\",\"name\":\"Regional Vale do Parana\u00edba\",\"description\":\"Federa\u00e7\u00e3o das Ind\u00fastrias do Estado de Minas Gerais\",\"publisher\":{\"@id\":\"https:\/\/www.fiemg.com.br\/regional-vale-do-paranaiba\/#organization\"},\"potentialAction\":[{\"@type\":\"SearchAction\",\"target\":{\"@type\":\"EntryPoint\",\"urlTemplate\":\"https:\/\/www.fiemg.com.br\/regional-vale-do-paranaiba\/?s={search_term_string}\"},\"query-input\":{\"@type\":\"PropertyValueSpecification\",\"valueRequired\":true,\"valueName\":\"search_term_string\"}}],\"inLanguage\":\"pt-BR\"},{\"@type\":\"Organization\",\"@id\":\"https:\/\/www.fiemg.com.br\/regional-vale-do-paranaiba\/#organization\",\"name\":\"Regional Vale do Parana\u00edba\",\"url\":\"https:\/\/www.fiemg.com.br\/regional-vale-do-paranaiba\/\",\"logo\":{\"@type\":\"ImageObject\",\"inLanguage\":\"pt-BR\",\"@id\":\"https:\/\/www.fiemg.com.br\/regional-vale-do-paranaiba\/#\/schema\/logo\/image\/\",\"url\":\"https:\/\/www.fiemg.com.br\/regional-vale-do-paranaiba\/wp-content\/uploads\/sites\/24\/2023\/02\/Ativo-1.png\",\"contentUrl\":\"https:\/\/www.fiemg.com.br\/regional-vale-do-paranaiba\/wp-content\/uploads\/sites\/24\/2023\/02\/Ativo-1.png\",\"width\":563,\"height\":149,\"caption\":\"Regional Vale do Parana\u00edba\"},\"image\":{\"@id\":\"https:\/\/www.fiemg.com.br\/regional-vale-do-paranaiba\/#\/schema\/logo\/image\/\"}}]}<\/script>\n<!-- \/ Yoast SEO plugin. -->","yoast_head_json":{"title":"+ Vale Do Paranaiba - Regional Vale do Parana\u00edba","robots":{"index":"index","follow":"follow","max-snippet":"max-snippet:-1","max-image-preview":"max-image-preview:large","max-video-preview":"max-video-preview:-1"},"canonical":"https:\/\/www.fiemg.com.br\/regional-vale-do-paranaiba\/vale-do-paranaiba\/","og_locale":"pt_BR","og_type":"article","og_title":"+ Vale Do Paranaiba - Regional Vale do Parana\u00edba","og_description":"Diante da diversidade e complexidade do Estado de Minas Gerais, o Sistema FIEMG se estruturou para estar \u00e0 altura dos desafios e oportunidades que se apresentam. Uma das a\u00e7\u00f5es foi adotar como uma de suas diretrizes b\u00e1sicas de atua\u00e7\u00e3o e participa\u00e7\u00e3o dos empres\u00e1rios na defini\u00e7\u00e3o de suas estrat\u00e9gias e a\u00e7\u00f5es, al\u00e9m da descentraliza\u00e7\u00e3o dos programas [&hellip;]","og_url":"https:\/\/www.fiemg.com.br\/regional-vale-do-paranaiba\/vale-do-paranaiba\/","og_site_name":"Regional Vale do Parana\u00edba","article_modified_time":"2025-10-06T18:47:24+00:00","twitter_card":"summary_large_image","twitter_misc":{"Est. tempo de leitura":"8 minutos"},"schema":{"@context":"https:\/\/schema.org","@graph":[{"@type":"WebPage","@id":"https:\/\/www.fiemg.com.br\/regional-vale-do-paranaiba\/vale-do-paranaiba\/","url":"https:\/\/www.fiemg.com.br\/regional-vale-do-paranaiba\/vale-do-paranaiba\/","name":"+ Vale Do Paranaiba - Regional Vale do Parana\u00edba","isPartOf":{"@id":"https:\/\/www.fiemg.com.br\/regional-vale-do-paranaiba\/#website"},"primaryImageOfPage":{"@id":"https:\/\/www.fiemg.com.br\/regional-vale-do-paranaiba\/vale-do-paranaiba\/#primaryimage"},"image":{"@id":"https:\/\/www.fiemg.com.br\/regional-vale-do-paranaiba\/vale-do-paranaiba\/#primaryimage"},"thumbnailUrl":"https:\/\/www.fiemg.com.br\/regional-vale-do-paranaiba\/wp-content\/uploads\/sites\/24\/2023\/08\/default.png","datePublished":"2023-07-26T13:31:00+00:00","dateModified":"2025-10-06T18:47:24+00:00","breadcrumb":{"@id":"https:\/\/www.fiemg.com.br\/regional-vale-do-paranaiba\/vale-do-paranaiba\/#breadcrumb"},"inLanguage":"pt-BR","potentialAction":[{"@type":"ReadAction","target":["https:\/\/www.fiemg.com.br\/regional-vale-do-paranaiba\/vale-do-paranaiba\/"]}]},{"@type":"ImageObject","inLanguage":"pt-BR","@id":"https:\/\/www.fiemg.com.br\/regional-vale-do-paranaiba\/vale-do-paranaiba\/#primaryimage","url":"https:\/\/www.fiemg.com.br\/regional-vale-do-paranaiba\/wp-content\/uploads\/sites\/24\/2023\/08\/default.png","contentUrl":"https:\/\/www.fiemg.com.br\/regional-vale-do-paranaiba\/wp-content\/uploads\/sites\/24\/2023\/08\/default.png","width":300,"height":300},{"@type":"BreadcrumbList","@id":"https:\/\/www.fiemg.com.br\/regional-vale-do-paranaiba\/vale-do-paranaiba\/#breadcrumb","itemListElement":[{"@type":"ListItem","position":1,"name":"In\u00edcio","item":"https:\/\/www.fiemg.com.br\/regional-vale-do-paranaiba\/"},{"@type":"ListItem","position":2,"name":"+ Vale Do Paranaiba"}]},{"@type":"WebSite","@id":"https:\/\/www.fiemg.com.br\/regional-vale-do-paranaiba\/#website","url":"https:\/\/www.fiemg.com.br\/regional-vale-do-paranaiba\/","name":"Regional Vale do Parana\u00edba","description":"Federa\u00e7\u00e3o das Ind\u00fastrias do Estado de Minas Gerais","publisher":{"@id":"https:\/\/www.fiemg.com.br\/regional-vale-do-paranaiba\/#organization"},"potentialAction":[{"@type":"SearchAction","target":{"@type":"EntryPoint","urlTemplate":"https:\/\/www.fiemg.com.br\/regional-vale-do-paranaiba\/?s={search_term_string}"},"query-input":{"@type":"PropertyValueSpecification","valueRequired":true,"valueName":"search_term_string"}}],"inLanguage":"pt-BR"},{"@type":"Organization","@id":"https:\/\/www.fiemg.com.br\/regional-vale-do-paranaiba\/#organization","name":"Regional Vale do Parana\u00edba","url":"https:\/\/www.fiemg.com.br\/regional-vale-do-paranaiba\/","logo":{"@type":"ImageObject","inLanguage":"pt-BR","@id":"https:\/\/www.fiemg.com.br\/regional-vale-do-paranaiba\/#\/schema\/logo\/image\/","url":"https:\/\/www.fiemg.com.br\/regional-vale-do-paranaiba\/wp-content\/uploads\/sites\/24\/2023\/02\/Ativo-1.png","contentUrl":"https:\/\/www.fiemg.com.br\/regional-vale-do-paranaiba\/wp-content\/uploads\/sites\/24\/2023\/02\/Ativo-1.png","width":563,"height":149,"caption":"Regional Vale do Parana\u00edba"},"image":{"@id":"https:\/\/www.fiemg.com.br\/regional-vale-do-paranaiba\/#\/schema\/logo\/image\/"}}]}},"_links":{"self":[{"href":"https:\/\/www.fiemg.com.br\/regional-vale-do-paranaiba\/wp-json\/wp\/v2\/pages\/1409","targetHints":{"allow":["GET"]}}],"collection":[{"href":"https:\/\/www.fiemg.com.br\/regional-vale-do-paranaiba\/wp-json\/wp\/v2\/pages"}],"about":[{"href":"https:\/\/www.fiemg.com.br\/regional-vale-do-paranaiba\/wp-json\/wp\/v2\/types\/page"}],"author":[{"embeddable":true,"href":"https:\/\/www.fiemg.com.br\/regional-vale-do-paranaiba\/wp-json\/wp\/v2\/users\/10"}],"replies":[{"embeddable":true,"href":"https:\/\/www.fiemg.com.br\/regional-vale-do-paranaiba\/wp-json\/wp\/v2\/comments?post=1409"}],"version-history":[{"count":0,"href":"https:\/\/www.fiemg.com.br\/regional-vale-do-paranaiba\/wp-json\/wp\/v2\/pages\/1409\/revisions"}],"wp:featuredmedia":[{"embeddable":true,"href":"https:\/\/www.fiemg.com.br\/regional-vale-do-paranaiba\/wp-json\/wp\/v2\/media\/1529"}],"wp:attachment":[{"href":"https:\/\/www.fiemg.com.br\/regional-vale-do-paranaiba\/wp-json\/wp\/v2\/media?parent=1409"}],"curies":[{"name":"wp","href":"https:\/\/api.w.org\/{rel}","templated":true}]}}