{"id":1049,"date":"2023-04-03T20:18:14","date_gmt":"2023-04-03T23:18:14","guid":{"rendered":"https:\/\/www.fiemg.com.br\/regional-vale-do-rio-grande\/sindicatos-filiados\/"},"modified":"2024-06-28T14:16:41","modified_gmt":"2024-06-28T17:16:41","slug":"sindicatos-filiados","status":"publish","type":"page","link":"https:\/\/www.fiemg.com.br\/regional-vale-do-rio-grande\/sindicatos-filiados\/","title":{"rendered":"Sindicatos Filiados"},"content":{"rendered":"\t\t<div data-elementor-type=\"wp-page\" data-elementor-id=\"1049\" class=\"elementor elementor-1049\" data-elementor-post-type=\"page\">\n\t\t\t\t<div class=\"has_ae_slider elementor-element elementor-element-8b27bcd e-con-full e-flex ae-bg-gallery-type-default e-con e-parent\" data-id=\"8b27bcd\" data-element_type=\"container\">\n\t\t\t\t<\/div>\n\t\t<div class=\"has_ae_slider elementor-element elementor-element-7525922 e-con-full e-flex ae-bg-gallery-type-default e-con e-parent\" data-id=\"7525922\" data-element_type=\"container\">\n\t\t\t\t<\/div>\n\t\t<div class=\"has_ae_slider elementor-element elementor-element-4fa125d e-con-full e-flex ae-bg-gallery-type-default e-con e-parent\" data-id=\"4fa125d\" data-element_type=\"container\">\n\t\t\t\t<\/div>\n\t\t<div class=\"has_ae_slider elementor-element elementor-element-f2c0936 e-con-full e-flex ae-bg-gallery-type-default e-con e-parent\" data-id=\"f2c0936\" data-element_type=\"container\">\n\t\t\t\t<\/div>\n\t\t<div class=\"has_ae_slider elementor-element elementor-element-31ef818 e-con-full e-flex ae-bg-gallery-type-default e-con e-parent\" data-id=\"31ef818\" data-element_type=\"container\">\n\t\t\t\t<\/div>\n\t\t\t\t<\/div>\n\t\t","protected":false},"excerpt":{"rendered":"","protected":false},"author":1,"featured_media":1646,"parent":0,"menu_order":83,"comment_status":"closed","ping_status":"closed","template":"","meta":{"footnotes":""},"class_list":["post-1049","page","type-page","status-publish","has-post-thumbnail","hentry"],"acf":[],"yoast_head":"<!-- This site is optimized with the Yoast SEO plugin v26.2 - https:\/\/yoast.com\/wordpress\/plugins\/seo\/ -->\n<title>Sindicatos Filiados - Regional do rio grande<\/title>\n<meta name=\"robots\" content=\"index, follow, max-snippet:-1, max-image-preview:large, max-video-preview:-1\" \/>\n<link rel=\"canonical\" href=\"https:\/\/www.fiemg.com.br\/regional-vale-do-rio-grande\/sindicatos-filiados\/\" \/>\n<meta property=\"og:locale\" content=\"pt_BR\" \/>\n<meta property=\"og:type\" content=\"article\" \/>\n<meta property=\"og:title\" content=\"Sindicatos Filiados - Regional do rio grande\" \/>\n<meta property=\"og:url\" content=\"https:\/\/www.fiemg.com.br\/regional-vale-do-rio-grande\/sindicatos-filiados\/\" \/>\n<meta property=\"og:site_name\" content=\"Regional do rio grande\" \/>\n<meta property=\"article:modified_time\" content=\"2024-06-28T17:16:41+00:00\" \/>\n<meta property=\"og:image\" content=\"https:\/\/www.fiemg.com.br\/regional-vale-do-rio-grande\/wp-content\/uploads\/sites\/25\/2023\/08\/14a65fd5a048f4e5e5e1024f95631a4e59e781b6d769efe96d97d89d295ce116-e1690984232753.jpg\" \/>\n\t<meta property=\"og:image:width\" content=\"379\" \/>\n\t<meta property=\"og:image:height\" content=\"240\" \/>\n\t<meta property=\"og:image:type\" content=\"image\/jpeg\" \/>\n<meta name=\"twitter:card\" content=\"summary_large_image\" \/>\n<script type=\"application\/ld+json\" class=\"yoast-schema-graph\">{\"@context\":\"https:\/\/schema.org\",\"@graph\":[{\"@type\":\"WebPage\",\"@id\":\"https:\/\/www.fiemg.com.br\/regional-vale-do-rio-grande\/sindicatos-filiados\/\",\"url\":\"https:\/\/www.fiemg.com.br\/regional-vale-do-rio-grande\/sindicatos-filiados\/\",\"name\":\"Sindicatos Filiados - Regional do rio grande\",\"isPartOf\":{\"@id\":\"https:\/\/www.fiemg.com.br\/regional-vale-do-rio-grande\/#website\"},\"primaryImageOfPage\":{\"@id\":\"https:\/\/www.fiemg.com.br\/regional-vale-do-rio-grande\/sindicatos-filiados\/#primaryimage\"},\"image\":{\"@id\":\"https:\/\/www.fiemg.com.br\/regional-vale-do-rio-grande\/sindicatos-filiados\/#primaryimage\"},\"thumbnailUrl\":\"https:\/\/www.fiemg.com.br\/regional-vale-do-rio-grande\/wp-content\/uploads\/sites\/25\/2024\/06\/14a65fd5a048f4e5e5e1024f95631a4e59e781b6d769efe96d97d89d295ce116-e1690984232753.jpg\",\"datePublished\":\"2023-04-03T23:18:14+00:00\",\"dateModified\":\"2024-06-28T17:16:41+00:00\",\"breadcrumb\":{\"@id\":\"https:\/\/www.fiemg.com.br\/regional-vale-do-rio-grande\/sindicatos-filiados\/#breadcrumb\"},\"inLanguage\":\"pt-BR\",\"potentialAction\":[{\"@type\":\"ReadAction\",\"target\":[\"https:\/\/www.fiemg.com.br\/regional-vale-do-rio-grande\/sindicatos-filiados\/\"]}]},{\"@type\":\"ImageObject\",\"inLanguage\":\"pt-BR\",\"@id\":\"https:\/\/www.fiemg.com.br\/regional-vale-do-rio-grande\/sindicatos-filiados\/#primaryimage\",\"url\":\"https:\/\/www.fiemg.com.br\/regional-vale-do-rio-grande\/wp-content\/uploads\/sites\/25\/2024\/06\/14a65fd5a048f4e5e5e1024f95631a4e59e781b6d769efe96d97d89d295ce116-e1690984232753.jpg\",\"contentUrl\":\"https:\/\/www.fiemg.com.br\/regional-vale-do-rio-grande\/wp-content\/uploads\/sites\/25\/2024\/06\/14a65fd5a048f4e5e5e1024f95631a4e59e781b6d769efe96d97d89d295ce116-e1690984232753.jpg\",\"width\":379,\"height\":240,\"caption\":\"Sindicatos afiliados\"},{\"@type\":\"BreadcrumbList\",\"@id\":\"https:\/\/www.fiemg.com.br\/regional-vale-do-rio-grande\/sindicatos-filiados\/#breadcrumb\",\"itemListElement\":[{\"@type\":\"ListItem\",\"position\":1,\"name\":\"In\u00edcio\",\"item\":\"https:\/\/www.fiemg.com.br\/regional-vale-do-rio-grande\/\"},{\"@type\":\"ListItem\",\"position\":2,\"name\":\"Sindicatos Filiados\"}]},{\"@type\":\"WebSite\",\"@id\":\"https:\/\/www.fiemg.com.br\/regional-vale-do-rio-grande\/#website\",\"url\":\"https:\/\/www.fiemg.com.br\/regional-vale-do-rio-grande\/\",\"name\":\"Regional do rio grande\",\"description\":\"Federa\u00e7\u00e3o das Ind\u00fastrias do Estado de Minas Gerais\",\"publisher\":{\"@id\":\"https:\/\/www.fiemg.com.br\/regional-vale-do-rio-grande\/#organization\"},\"potentialAction\":[{\"@type\":\"SearchAction\",\"target\":{\"@type\":\"EntryPoint\",\"urlTemplate\":\"https:\/\/www.fiemg.com.br\/regional-vale-do-rio-grande\/?s={search_term_string}\"},\"query-input\":{\"@type\":\"PropertyValueSpecification\",\"valueRequired\":true,\"valueName\":\"search_term_string\"}}],\"inLanguage\":\"pt-BR\"},{\"@type\":\"Organization\",\"@id\":\"https:\/\/www.fiemg.com.br\/regional-vale-do-rio-grande\/#organization\",\"name\":\"Regional do rio grande\",\"url\":\"https:\/\/www.fiemg.com.br\/regional-vale-do-rio-grande\/\",\"logo\":{\"@type\":\"ImageObject\",\"inLanguage\":\"pt-BR\",\"@id\":\"https:\/\/www.fiemg.com.br\/regional-vale-do-rio-grande\/#\/schema\/logo\/image\/\",\"url\":\"https:\/\/www.fiemg.com.br\/regional-vale-do-rio-grande\/wp-content\/uploads\/sites\/25\/2023\/02\/Ativo-1.png\",\"contentUrl\":\"https:\/\/www.fiemg.com.br\/regional-vale-do-rio-grande\/wp-content\/uploads\/sites\/25\/2023\/02\/Ativo-1.png\",\"width\":563,\"height\":149,\"caption\":\"Regional do rio grande\"},\"image\":{\"@id\":\"https:\/\/www.fiemg.com.br\/regional-vale-do-rio-grande\/#\/schema\/logo\/image\/\"}}]}<\/script>\n<!-- \/ Yoast SEO plugin. -->","yoast_head_json":{"title":"Sindicatos Filiados - Regional do rio grande","robots":{"index":"index","follow":"follow","max-snippet":"max-snippet:-1","max-image-preview":"max-image-preview:large","max-video-preview":"max-video-preview:-1"},"canonical":"https:\/\/www.fiemg.com.br\/regional-vale-do-rio-grande\/sindicatos-filiados\/","og_locale":"pt_BR","og_type":"article","og_title":"Sindicatos Filiados - Regional do rio grande","og_url":"https:\/\/www.fiemg.com.br\/regional-vale-do-rio-grande\/sindicatos-filiados\/","og_site_name":"Regional do rio grande","article_modified_time":"2024-06-28T17:16:41+00:00","og_image":[{"width":379,"height":240,"url":"https:\/\/www.fiemg.com.br\/regional-vale-do-rio-grande\/wp-content\/uploads\/sites\/25\/2023\/08\/14a65fd5a048f4e5e5e1024f95631a4e59e781b6d769efe96d97d89d295ce116-e1690984232753.jpg","type":"image\/jpeg"}],"twitter_card":"summary_large_image","schema":{"@context":"https:\/\/schema.org","@graph":[{"@type":"WebPage","@id":"https:\/\/www.fiemg.com.br\/regional-vale-do-rio-grande\/sindicatos-filiados\/","url":"https:\/\/www.fiemg.com.br\/regional-vale-do-rio-grande\/sindicatos-filiados\/","name":"Sindicatos Filiados - Regional do rio grande","isPartOf":{"@id":"https:\/\/www.fiemg.com.br\/regional-vale-do-rio-grande\/#website"},"primaryImageOfPage":{"@id":"https:\/\/www.fiemg.com.br\/regional-vale-do-rio-grande\/sindicatos-filiados\/#primaryimage"},"image":{"@id":"https:\/\/www.fiemg.com.br\/regional-vale-do-rio-grande\/sindicatos-filiados\/#primaryimage"},"thumbnailUrl":"https:\/\/www.fiemg.com.br\/regional-vale-do-rio-grande\/wp-content\/uploads\/sites\/25\/2024\/06\/14a65fd5a048f4e5e5e1024f95631a4e59e781b6d769efe96d97d89d295ce116-e1690984232753.jpg","datePublished":"2023-04-03T23:18:14+00:00","dateModified":"2024-06-28T17:16:41+00:00","breadcrumb":{"@id":"https:\/\/www.fiemg.com.br\/regional-vale-do-rio-grande\/sindicatos-filiados\/#breadcrumb"},"inLanguage":"pt-BR","potentialAction":[{"@type":"ReadAction","target":["https:\/\/www.fiemg.com.br\/regional-vale-do-rio-grande\/sindicatos-filiados\/"]}]},{"@type":"ImageObject","inLanguage":"pt-BR","@id":"https:\/\/www.fiemg.com.br\/regional-vale-do-rio-grande\/sindicatos-filiados\/#primaryimage","url":"https:\/\/www.fiemg.com.br\/regional-vale-do-rio-grande\/wp-content\/uploads\/sites\/25\/2024\/06\/14a65fd5a048f4e5e5e1024f95631a4e59e781b6d769efe96d97d89d295ce116-e1690984232753.jpg","contentUrl":"https:\/\/www.fiemg.com.br\/regional-vale-do-rio-grande\/wp-content\/uploads\/sites\/25\/2024\/06\/14a65fd5a048f4e5e5e1024f95631a4e59e781b6d769efe96d97d89d295ce116-e1690984232753.jpg","width":379,"height":240,"caption":"Sindicatos afiliados"},{"@type":"BreadcrumbList","@id":"https:\/\/www.fiemg.com.br\/regional-vale-do-rio-grande\/sindicatos-filiados\/#breadcrumb","itemListElement":[{"@type":"ListItem","position":1,"name":"In\u00edcio","item":"https:\/\/www.fiemg.com.br\/regional-vale-do-rio-grande\/"},{"@type":"ListItem","position":2,"name":"Sindicatos Filiados"}]},{"@type":"WebSite","@id":"https:\/\/www.fiemg.com.br\/regional-vale-do-rio-grande\/#website","url":"https:\/\/www.fiemg.com.br\/regional-vale-do-rio-grande\/","name":"Regional do rio grande","description":"Federa\u00e7\u00e3o das Ind\u00fastrias do Estado de Minas Gerais","publisher":{"@id":"https:\/\/www.fiemg.com.br\/regional-vale-do-rio-grande\/#organization"},"potentialAction":[{"@type":"SearchAction","target":{"@type":"EntryPoint","urlTemplate":"https:\/\/www.fiemg.com.br\/regional-vale-do-rio-grande\/?s={search_term_string}"},"query-input":{"@type":"PropertyValueSpecification","valueRequired":true,"valueName":"search_term_string"}}],"inLanguage":"pt-BR"},{"@type":"Organization","@id":"https:\/\/www.fiemg.com.br\/regional-vale-do-rio-grande\/#organization","name":"Regional do rio grande","url":"https:\/\/www.fiemg.com.br\/regional-vale-do-rio-grande\/","logo":{"@type":"ImageObject","inLanguage":"pt-BR","@id":"https:\/\/www.fiemg.com.br\/regional-vale-do-rio-grande\/#\/schema\/logo\/image\/","url":"https:\/\/www.fiemg.com.br\/regional-vale-do-rio-grande\/wp-content\/uploads\/sites\/25\/2023\/02\/Ativo-1.png","contentUrl":"https:\/\/www.fiemg.com.br\/regional-vale-do-rio-grande\/wp-content\/uploads\/sites\/25\/2023\/02\/Ativo-1.png","width":563,"height":149,"caption":"Regional do rio grande"},"image":{"@id":"https:\/\/www.fiemg.com.br\/regional-vale-do-rio-grande\/#\/schema\/logo\/image\/"}}]}},"_links":{"self":[{"href":"https:\/\/www.fiemg.com.br\/regional-vale-do-rio-grande\/wp-json\/wp\/v2\/pages\/1049","targetHints":{"allow":["GET"]}}],"collection":[{"href":"https:\/\/www.fiemg.com.br\/regional-vale-do-rio-grande\/wp-json\/wp\/v2\/pages"}],"about":[{"href":"https:\/\/www.fiemg.com.br\/regional-vale-do-rio-grande\/wp-json\/wp\/v2\/types\/page"}],"author":[{"embeddable":true,"href":"https:\/\/www.fiemg.com.br\/regional-vale-do-rio-grande\/wp-json\/wp\/v2\/users\/1"}],"replies":[{"embeddable":true,"href":"https:\/\/www.fiemg.com.br\/regional-vale-do-rio-grande\/wp-json\/wp\/v2\/comments?post=1049"}],"version-history":[{"count":0,"href":"https:\/\/www.fiemg.com.br\/regional-vale-do-rio-grande\/wp-json\/wp\/v2\/pages\/1049\/revisions"}],"wp:featuredmedia":[{"embeddable":true,"href":"https:\/\/www.fiemg.com.br\/regional-vale-do-rio-grande\/wp-json\/wp\/v2\/media\/1646"}],"wp:attachment":[{"href":"https:\/\/www.fiemg.com.br\/regional-vale-do-rio-grande\/wp-json\/wp\/v2\/media?parent=1049"}],"curies":[{"name":"wp","href":"https:\/\/api.w.org\/{rel}","templated":true}]}}