{"id":67,"date":"2025-01-16T16:43:53","date_gmt":"2025-01-16T19:43:53","guid":{"rendered":"https:\/\/fiemg1dev.wpenginepowered.com\/sala-de-imprensa\/?page_id=67"},"modified":"2025-01-16T16:47:26","modified_gmt":"2025-01-16T19:47:26","slug":"conheca-a-sala-de-imprensa","status":"publish","type":"page","link":"https:\/\/www.fiemg.com.br\/sala-de-imprensa\/conheca-a-sala-de-imprensa\/","title":{"rendered":"Conhe\u00e7a a Sala de Imprensa"},"content":{"rendered":"\t\t<div data-elementor-type=\"wp-page\" data-elementor-id=\"67\" class=\"elementor elementor-67\" data-elementor-post-type=\"page\">\n\t\t\t\t<div class=\"has_ae_slider elementor-element elementor-element-f115dc8 e-flex e-con-boxed ae-bg-gallery-type-default e-con e-parent\" data-id=\"f115dc8\" data-element_type=\"container\" data-settings=\"{&quot;jet_parallax_layout_list&quot;:[]}\">\n\t\t\t\t\t<div class=\"e-con-inner\">\n\t\t\t\t<div class=\"elementor-element elementor-element-063dd92 elementor-widget elementor-widget-text-editor\" data-id=\"063dd92\" data-element_type=\"widget\" data-widget_type=\"text-editor.default\">\n\t\t\t\t<div class=\"elementor-widget-container\">\n\t\t\t\t\t\t\t\t\t<p>Reposit\u00f3rio completo de conte\u00fados institucionais para ve\u00edculos de comunica\u00e7\u00e3o<br \/>A Superintend\u00eancia de Comunica\u00e7\u00e3o do Sistema FIEMG e suas entidades &#8211; FIEMG, SESI, SENAI, IEL e CIEMG \u2013 lan\u00e7a a Sala de Imprensa, um espa\u00e7o online exclusivo voltado para atender \u00e0s demandas de ve\u00edculos de comunica\u00e7\u00e3o.<br \/><br \/>A sala re\u00fane uma ampla gama de materiais institucionais, incluindo releases, posicionamentos oficiais, notas \u00e0 imprensa, al\u00e9m de v\u00eddeos e \u00e1udios, e registros de coletivas de imprensa e eventos. Todo o conte\u00fado \u00e9 atualizado regularmente, garantindo acesso a informa\u00e7\u00f5es relevantes e de qualidade sobre temas de interesse do setor industrial.<br \/><br \/>Esse reposit\u00f3rio completo de conte\u00fados institucionais tem como objetivo facilitar o trabalho da imprensa ao oferecer conte\u00fados confi\u00e1veis e prontos para uso, contribuindo para a divulga\u00e7\u00e3o e valoriza\u00e7\u00e3o da ind\u00fastria mineira e sua import\u00e2ncia para o desenvolvimento econ\u00f4mico e social. O conte\u00fado \u00e9 de uso gratuito para fins jornal\u00edsticos, desde que a fonte seja devidamente citada.<br \/><br \/>O que voc\u00ea encontra na Sala de Imprensa do Sistema FIEMG<br \/><br \/>\uf0b7 Releases e notas oficiais: Informa\u00e7\u00f5es institucionais e posicionamentos sobre<br \/>temas estrat\u00e9gicos e eventos.<br \/><br \/>\uf0b7 V\u00eddeos e \u00e1udios institucionais: Materiais em alta qualidade para complementar<br \/>reportagens.<br \/><br \/>\uf0b7 Registros de coletivas de imprensa: \u00c1udios e v\u00eddeos com declara\u00e7\u00f5es dos<br \/>porta-vozes do Sistema FIEMG.<br \/><br \/>\uf0b7 Galeria de fotos: Imagens oficiais de eventos e atividades institucionais.<br \/><br \/>D\u00favidas ou contato<br \/>Se precisar de mais informa\u00e7\u00f5es ou materiais espec\u00edficos, entre em contato com a<br \/>nossa equipe pelo e-mail: jornalismo@fiemg.com.br<br \/>Acesse e explore a Sala de Imprensa do Sistema FIEMG!<\/p>\t\t\t\t\t\t\t\t<\/div>\n\t\t\t\t<\/div>\n\t\t\t\t\t<\/div>\n\t\t\t\t<\/div>\n\t\t\t\t<\/div>\n\t\t","protected":false},"excerpt":{"rendered":"<p>Reposit\u00f3rio completo de conte\u00fados institucionais para ve\u00edculos de comunica\u00e7\u00e3oA Superintend\u00eancia de Comunica\u00e7\u00e3o do Sistema FIEMG e suas entidades &#8211; FIEMG, SESI, SENAI, IEL e CIEMG \u2013 lan\u00e7a a Sala de Imprensa, um espa\u00e7o online exclusivo voltado para atender \u00e0s demandas de ve\u00edculos de comunica\u00e7\u00e3o. A sala re\u00fane uma ampla gama de materiais institucionais, incluindo releases, [&hellip;]<\/p>\n","protected":false},"author":2,"featured_media":0,"parent":0,"menu_order":0,"comment_status":"closed","ping_status":"closed","template":"","meta":{"footnotes":""},"class_list":["post-67","page","type-page","status-publish","hentry"],"acf":[],"yoast_head":"<!-- This site is optimized with the Yoast SEO plugin v26.2 - https:\/\/yoast.com\/wordpress\/plugins\/seo\/ -->\n<title>Conhe\u00e7a a Sala de Imprensa - Sala de imprensa<\/title>\n<meta name=\"robots\" content=\"index, follow, max-snippet:-1, max-image-preview:large, max-video-preview:-1\" \/>\n<link rel=\"canonical\" href=\"https:\/\/www.fiemg.com.br\/sala-de-imprensa\/conheca-a-sala-de-imprensa\/\" \/>\n<meta property=\"og:locale\" content=\"pt_BR\" \/>\n<meta property=\"og:type\" content=\"article\" \/>\n<meta property=\"og:title\" content=\"Conhe\u00e7a a Sala de Imprensa - Sala de imprensa\" \/>\n<meta property=\"og:description\" content=\"Reposit\u00f3rio completo de conte\u00fados institucionais para ve\u00edculos de comunica\u00e7\u00e3oA Superintend\u00eancia de Comunica\u00e7\u00e3o do Sistema FIEMG e suas entidades &#8211; FIEMG, SESI, SENAI, IEL e CIEMG \u2013 lan\u00e7a a Sala de Imprensa, um espa\u00e7o online exclusivo voltado para atender \u00e0s demandas de ve\u00edculos de comunica\u00e7\u00e3o. A sala re\u00fane uma ampla gama de materiais institucionais, incluindo releases, [&hellip;]\" \/>\n<meta property=\"og:url\" content=\"https:\/\/www.fiemg.com.br\/sala-de-imprensa\/conheca-a-sala-de-imprensa\/\" \/>\n<meta property=\"og:site_name\" content=\"Sala de imprensa\" \/>\n<meta property=\"article:modified_time\" content=\"2025-01-16T19:47:26+00:00\" \/>\n<meta name=\"twitter:card\" content=\"summary_large_image\" \/>\n<meta name=\"twitter:label1\" content=\"Est. tempo de leitura\" \/>\n\t<meta name=\"twitter:data1\" content=\"2 minutos\" \/>\n<script type=\"application\/ld+json\" class=\"yoast-schema-graph\">{\"@context\":\"https:\/\/schema.org\",\"@graph\":[{\"@type\":\"WebPage\",\"@id\":\"https:\/\/www.fiemg.com.br\/sala-de-imprensa\/conheca-a-sala-de-imprensa\/\",\"url\":\"https:\/\/www.fiemg.com.br\/sala-de-imprensa\/conheca-a-sala-de-imprensa\/\",\"name\":\"Conhe\u00e7a a Sala de Imprensa - Sala de imprensa\",\"isPartOf\":{\"@id\":\"https:\/\/www.fiemg.com.br\/sala-de-imprensa\/#website\"},\"datePublished\":\"2025-01-16T19:43:53+00:00\",\"dateModified\":\"2025-01-16T19:47:26+00:00\",\"breadcrumb\":{\"@id\":\"https:\/\/www.fiemg.com.br\/sala-de-imprensa\/conheca-a-sala-de-imprensa\/#breadcrumb\"},\"inLanguage\":\"pt-BR\",\"potentialAction\":[{\"@type\":\"ReadAction\",\"target\":[\"https:\/\/www.fiemg.com.br\/sala-de-imprensa\/conheca-a-sala-de-imprensa\/\"]}]},{\"@type\":\"BreadcrumbList\",\"@id\":\"https:\/\/www.fiemg.com.br\/sala-de-imprensa\/conheca-a-sala-de-imprensa\/#breadcrumb\",\"itemListElement\":[{\"@type\":\"ListItem\",\"position\":1,\"name\":\"In\u00edcio\",\"item\":\"https:\/\/www.fiemg.com.br\/sala-de-imprensa\/\"},{\"@type\":\"ListItem\",\"position\":2,\"name\":\"Conhe\u00e7a a Sala de Imprensa\"}]},{\"@type\":\"WebSite\",\"@id\":\"https:\/\/www.fiemg.com.br\/sala-de-imprensa\/#website\",\"url\":\"https:\/\/www.fiemg.com.br\/sala-de-imprensa\/\",\"name\":\"Sala de imprensa\",\"description\":\"\",\"publisher\":{\"@id\":\"https:\/\/www.fiemg.com.br\/sala-de-imprensa\/#organization\"},\"potentialAction\":[{\"@type\":\"SearchAction\",\"target\":{\"@type\":\"EntryPoint\",\"urlTemplate\":\"https:\/\/www.fiemg.com.br\/sala-de-imprensa\/?s={search_term_string}\"},\"query-input\":{\"@type\":\"PropertyValueSpecification\",\"valueRequired\":true,\"valueName\":\"search_term_string\"}}],\"inLanguage\":\"pt-BR\"},{\"@type\":\"Organization\",\"@id\":\"https:\/\/www.fiemg.com.br\/sala-de-imprensa\/#organization\",\"name\":\"Sala de imprensa\",\"url\":\"https:\/\/www.fiemg.com.br\/sala-de-imprensa\/\",\"logo\":{\"@type\":\"ImageObject\",\"inLanguage\":\"pt-BR\",\"@id\":\"https:\/\/www.fiemg.com.br\/sala-de-imprensa\/#\/schema\/logo\/image\/\",\"url\":\"https:\/\/www.fiemg.com.br\/sala-de-imprensa\/wp-content\/uploads\/sites\/31\/2025\/01\/Sistema-Fiemg_1.svg\",\"contentUrl\":\"https:\/\/www.fiemg.com.br\/sala-de-imprensa\/wp-content\/uploads\/sites\/31\/2025\/01\/Sistema-Fiemg_1.svg\",\"width\":472.89,\"height\":238.13,\"caption\":\"Sala de imprensa\"},\"image\":{\"@id\":\"https:\/\/www.fiemg.com.br\/sala-de-imprensa\/#\/schema\/logo\/image\/\"}}]}<\/script>\n<!-- \/ Yoast SEO plugin. -->","yoast_head_json":{"title":"Conhe\u00e7a a Sala de Imprensa - Sala de imprensa","robots":{"index":"index","follow":"follow","max-snippet":"max-snippet:-1","max-image-preview":"max-image-preview:large","max-video-preview":"max-video-preview:-1"},"canonical":"https:\/\/www.fiemg.com.br\/sala-de-imprensa\/conheca-a-sala-de-imprensa\/","og_locale":"pt_BR","og_type":"article","og_title":"Conhe\u00e7a a Sala de Imprensa - Sala de imprensa","og_description":"Reposit\u00f3rio completo de conte\u00fados institucionais para ve\u00edculos de comunica\u00e7\u00e3oA Superintend\u00eancia de Comunica\u00e7\u00e3o do Sistema FIEMG e suas entidades &#8211; FIEMG, SESI, SENAI, IEL e CIEMG \u2013 lan\u00e7a a Sala de Imprensa, um espa\u00e7o online exclusivo voltado para atender \u00e0s demandas de ve\u00edculos de comunica\u00e7\u00e3o. A sala re\u00fane uma ampla gama de materiais institucionais, incluindo releases, [&hellip;]","og_url":"https:\/\/www.fiemg.com.br\/sala-de-imprensa\/conheca-a-sala-de-imprensa\/","og_site_name":"Sala de imprensa","article_modified_time":"2025-01-16T19:47:26+00:00","twitter_card":"summary_large_image","twitter_misc":{"Est. tempo de leitura":"2 minutos"},"schema":{"@context":"https:\/\/schema.org","@graph":[{"@type":"WebPage","@id":"https:\/\/www.fiemg.com.br\/sala-de-imprensa\/conheca-a-sala-de-imprensa\/","url":"https:\/\/www.fiemg.com.br\/sala-de-imprensa\/conheca-a-sala-de-imprensa\/","name":"Conhe\u00e7a a Sala de Imprensa - Sala de imprensa","isPartOf":{"@id":"https:\/\/www.fiemg.com.br\/sala-de-imprensa\/#website"},"datePublished":"2025-01-16T19:43:53+00:00","dateModified":"2025-01-16T19:47:26+00:00","breadcrumb":{"@id":"https:\/\/www.fiemg.com.br\/sala-de-imprensa\/conheca-a-sala-de-imprensa\/#breadcrumb"},"inLanguage":"pt-BR","potentialAction":[{"@type":"ReadAction","target":["https:\/\/www.fiemg.com.br\/sala-de-imprensa\/conheca-a-sala-de-imprensa\/"]}]},{"@type":"BreadcrumbList","@id":"https:\/\/www.fiemg.com.br\/sala-de-imprensa\/conheca-a-sala-de-imprensa\/#breadcrumb","itemListElement":[{"@type":"ListItem","position":1,"name":"In\u00edcio","item":"https:\/\/www.fiemg.com.br\/sala-de-imprensa\/"},{"@type":"ListItem","position":2,"name":"Conhe\u00e7a a Sala de Imprensa"}]},{"@type":"WebSite","@id":"https:\/\/www.fiemg.com.br\/sala-de-imprensa\/#website","url":"https:\/\/www.fiemg.com.br\/sala-de-imprensa\/","name":"Sala de imprensa","description":"","publisher":{"@id":"https:\/\/www.fiemg.com.br\/sala-de-imprensa\/#organization"},"potentialAction":[{"@type":"SearchAction","target":{"@type":"EntryPoint","urlTemplate":"https:\/\/www.fiemg.com.br\/sala-de-imprensa\/?s={search_term_string}"},"query-input":{"@type":"PropertyValueSpecification","valueRequired":true,"valueName":"search_term_string"}}],"inLanguage":"pt-BR"},{"@type":"Organization","@id":"https:\/\/www.fiemg.com.br\/sala-de-imprensa\/#organization","name":"Sala de imprensa","url":"https:\/\/www.fiemg.com.br\/sala-de-imprensa\/","logo":{"@type":"ImageObject","inLanguage":"pt-BR","@id":"https:\/\/www.fiemg.com.br\/sala-de-imprensa\/#\/schema\/logo\/image\/","url":"https:\/\/www.fiemg.com.br\/sala-de-imprensa\/wp-content\/uploads\/sites\/31\/2025\/01\/Sistema-Fiemg_1.svg","contentUrl":"https:\/\/www.fiemg.com.br\/sala-de-imprensa\/wp-content\/uploads\/sites\/31\/2025\/01\/Sistema-Fiemg_1.svg","width":472.89,"height":238.13,"caption":"Sala de imprensa"},"image":{"@id":"https:\/\/www.fiemg.com.br\/sala-de-imprensa\/#\/schema\/logo\/image\/"}}]}},"_links":{"self":[{"href":"https:\/\/www.fiemg.com.br\/sala-de-imprensa\/wp-json\/wp\/v2\/pages\/67","targetHints":{"allow":["GET"]}}],"collection":[{"href":"https:\/\/www.fiemg.com.br\/sala-de-imprensa\/wp-json\/wp\/v2\/pages"}],"about":[{"href":"https:\/\/www.fiemg.com.br\/sala-de-imprensa\/wp-json\/wp\/v2\/types\/page"}],"author":[{"embeddable":true,"href":"https:\/\/www.fiemg.com.br\/sala-de-imprensa\/wp-json\/wp\/v2\/users\/2"}],"replies":[{"embeddable":true,"href":"https:\/\/www.fiemg.com.br\/sala-de-imprensa\/wp-json\/wp\/v2\/comments?post=67"}],"version-history":[{"count":0,"href":"https:\/\/www.fiemg.com.br\/sala-de-imprensa\/wp-json\/wp\/v2\/pages\/67\/revisions"}],"wp:attachment":[{"href":"https:\/\/www.fiemg.com.br\/sala-de-imprensa\/wp-json\/wp\/v2\/media?parent=67"}],"curies":[{"name":"wp","href":"https:\/\/api.w.org\/{rel}","templated":true}]}}