{"id":3023,"date":"2023-07-11T13:33:31","date_gmt":"2023-07-11T13:33:31","guid":{"rendered":"https:\/\/www.fiemg.com.br\/sesi-cultra\/?page_id=3023"},"modified":"2023-10-20T16:04:22","modified_gmt":"2023-10-20T19:04:22","slug":"sobre","status":"publish","type":"page","link":"https:\/\/www.fiemg.com.br\/sesi-cultura\/sobre\/","title":{"rendered":"Sobre"},"content":{"rendered":"\t\t<div data-elementor-type=\"wp-page\" data-elementor-id=\"3023\" class=\"elementor elementor-3023\" data-elementor-post-type=\"page\">\n\t\t\t\t<div class=\"has_ae_slider elementor-element elementor-element-bcb2394 e-flex e-con-boxed ae-bg-gallery-type-default e-con e-parent\" data-id=\"bcb2394\" data-element_type=\"container\">\n\t\t\t\t\t<div class=\"e-con-inner\">\n\t\t\t\t<div class=\"elementor-element elementor-element-75e96a7 elementor-widget elementor-widget-image\" data-id=\"75e96a7\" data-element_type=\"widget\" data-widget_type=\"image.default\">\n\t\t\t\t<div class=\"elementor-widget-container\">\n\t\t\t\t\t\t\t\t\t\t\t\t\t\t\t<img fetchpriority=\"high\" decoding=\"async\" width=\"800\" height=\"323\" src=\"https:\/\/www.fiemg.com.br\/sesi-cultura\/wp-content\/uploads\/sites\/28\/2023\/07\/022049f2c6e15a01885e9f02cd8b7dfa0dc01b1b1323499fcac5807103c72de2.jpg\" class=\"attachment-large size-large wp-image-3097\" alt=\"\" srcset=\"https:\/\/www.fiemg.com.br\/sesi-cultura\/wp-content\/uploads\/sites\/28\/2023\/07\/022049f2c6e15a01885e9f02cd8b7dfa0dc01b1b1323499fcac5807103c72de2.jpg 940w, https:\/\/www.fiemg.com.br\/sesi-cultura\/wp-content\/uploads\/sites\/28\/2023\/07\/022049f2c6e15a01885e9f02cd8b7dfa0dc01b1b1323499fcac5807103c72de2-300x121.jpg 300w, https:\/\/www.fiemg.com.br\/sesi-cultura\/wp-content\/uploads\/sites\/28\/2023\/07\/022049f2c6e15a01885e9f02cd8b7dfa0dc01b1b1323499fcac5807103c72de2-768x310.jpg 768w\" sizes=\"(max-width: 800px) 100vw, 800px\" \/>\t\t\t\t\t\t\t\t\t\t\t\t\t\t\t<\/div>\n\t\t\t\t<\/div>\n\t\t\t\t\t<\/div>\n\t\t\t\t<\/div>\n\t\t\t\t<section class=\"has_ae_slider elementor-section elementor-top-section elementor-element elementor-element-75d43b49 elementor-section-boxed elementor-section-height-default elementor-section-height-default ae-bg-gallery-type-default\" data-id=\"75d43b49\" data-element_type=\"section\">\n\t\t\t\t\t\t<div class=\"elementor-container elementor-column-gap-default\">\n\t\t\t\t\t<div class=\"has_ae_slider elementor-column elementor-col-100 elementor-top-column elementor-element elementor-element-6990f4a4 ae-bg-gallery-type-default\" data-id=\"6990f4a4\" data-element_type=\"column\">\n\t\t\t<div class=\"elementor-widget-wrap elementor-element-populated\">\n\t\t\t\t\t\t<div class=\"elementor-element elementor-element-7800558e elementor-widget elementor-widget-text-editor\" data-id=\"7800558e\" data-element_type=\"widget\" data-widget_type=\"text-editor.default\">\n\t\t\t\t<div class=\"elementor-widget-container\">\n\t\t\t\t\t\t\t\t\tH\u00e1 mais de tr\u00eas d\u00e9cadas, o\u00a0<strong>SESI Cultura<\/strong>\u00a0se destaca em Minas Gerais. Somos reconhecidos nacionalmente pela qualidade de nossa programa\u00e7\u00e3o, por valorizar a diversidade de g\u00eaneros art\u00edsticos e por nossos espa\u00e7os culturais modernos e acess\u00edveis.\n\nEm sintonia com as in\u00fameras oportunidades de desenvolvimento da ind\u00fastria criativa, nossa proposta busca\u00a0<strong>promover a forma\u00e7\u00e3o humana e profissional, gerar neg\u00f3cios sustent\u00e1veis e proporcionar experi\u00eancias inesquec\u00edveis<\/strong>.\n\n<iframe src=\"https:\/\/www.youtube.com\/embed\/juvCj2SACFc\" width=\"560\" height=\"315\" frameborder=\"0\" data-mce-src=\"https:\/\/www.youtube.com\/embed\/juvCj2SACFc\" data-mce-fragment=\"1\"><\/iframe>\n<h5><strong>Centros de Cultura<\/strong><\/h5>\nNosso prop\u00f3sito \u00e9 transformar vidas. Mas para isso, \u00e9 preciso ter uma equipe de profissionais competentes e dedicados, al\u00e9m de oferecer ambientes apropriados para o aprendizado, para gera\u00e7\u00e3o de neg\u00f3cios e para experi\u00eancias inesquec\u00edveis.\n\nPor isso, contamos com tr\u00eas unidades, localizadas em pontos estrat\u00e9gicos de Minas Gerais, para oferecer nossos servi\u00e7os com a qualidade que nosso p\u00fablico merece.\n<p style=\"padding-left: 30px;\">\u25b6\u00a0Centro Cultural SESIMINAS BH<\/p>\n<p style=\"padding-left: 30px;\">\u25b6\u00a0Centro Cultural SESIMINAS Uberaba<\/p>\n<p style=\"padding-left: 30px;\">\u25b6\u00a0SESI Museu de Artes e Of\u00edcios\n\n<\/p>\n\n<h5><span style=\"color: #333399;\"><strong>O SESI Cultura \u00e9 360\u00ba<\/strong><\/span><\/h5>\n360\u00ba \u00e9 um giro completo. De forma transversal, une em uma mesma \u00e1rea todos os servi\u00e7os para oferecermos\u00a0<strong>forma\u00e7\u00e3o cultural de qualidade, loca\u00e7\u00e3o de espa\u00e7os, produ\u00e7\u00e3o de eventos com equipe especializada, gera\u00e7\u00e3o de neg\u00f3cios e programa\u00e7\u00e3o art\u00edstica diversa e inovadora<\/strong>.\n\nE, com toda essa transversalidade, somos palco da for\u00e7a criativa dos mineiros, com espa\u00e7os culturais sempre de portas abertas para produtores, grupos art\u00edsticos, empresas e para todos aqueles que desejam viver momentos especiais.\t\t\t\t\t\t\t\t<\/div>\n\t\t\t\t<\/div>\n\t\t\t\t\t<\/div>\n\t\t<\/div>\n\t\t\t\t\t<\/div>\n\t\t<\/section>\n\t\t\t\t<section class=\"has_ae_slider elementor-section elementor-top-section elementor-element elementor-element-ab3c3e2 elementor-section-boxed elementor-section-height-default elementor-section-height-default ae-bg-gallery-type-default\" data-id=\"ab3c3e2\" data-element_type=\"section\" data-settings=\"{&quot;background_background&quot;:&quot;classic&quot;}\">\n\t\t\t\t\t\t<div class=\"elementor-container elementor-column-gap-default\">\n\t\t\t\t\t<div class=\"has_ae_slider elementor-column elementor-col-100 elementor-top-column elementor-element elementor-element-27de913 ae-bg-gallery-type-default\" data-id=\"27de913\" data-element_type=\"column\">\n\t\t\t<div class=\"elementor-widget-wrap elementor-element-populated\">\n\t\t\t\t\t\t<section class=\"has_ae_slider elementor-section elementor-inner-section elementor-element elementor-element-82b6979 elementor-section-full_width elementor-section-height-default elementor-section-height-default ae-bg-gallery-type-default\" data-id=\"82b6979\" data-element_type=\"section\">\n\t\t\t\t\t\t<div class=\"elementor-container elementor-column-gap-default\">\n\t\t\t\t\t<div class=\"has_ae_slider elementor-column elementor-col-33 elementor-inner-column elementor-element elementor-element-97663db ae-bg-gallery-type-default\" data-id=\"97663db\" data-element_type=\"column\" data-settings=\"{&quot;background_background&quot;:&quot;classic&quot;}\">\n\t\t\t<div class=\"elementor-widget-wrap elementor-element-populated\">\n\t\t\t\t\t\t<div class=\"elementor-element elementor-element-4141bca elementor-widget elementor-widget-image\" data-id=\"4141bca\" data-element_type=\"widget\" data-widget_type=\"image.default\">\n\t\t\t\t<div class=\"elementor-widget-container\">\n\t\t\t\t\t\t\t\t\t\t\t\t\t\t\t\t<a href=\"\/sesi-cultra\/centro-cultural-sesiminas-bh\/\">\n\t\t\t\t\t\t\t<img decoding=\"async\" width=\"800\" height=\"324\" src=\"https:\/\/www.fiemg.com.br\/sesi-cultura\/wp-content\/uploads\/sites\/28\/2023\/07\/c9ad3694bc4b55cd4122ecb4f642908e0db018c961170f51099c6ab6212d879c.jpg\" class=\"attachment-large size-large wp-image-3072\" alt=\"\" srcset=\"https:\/\/www.fiemg.com.br\/sesi-cultura\/wp-content\/uploads\/sites\/28\/2023\/07\/c9ad3694bc4b55cd4122ecb4f642908e0db018c961170f51099c6ab6212d879c.jpg 950w, https:\/\/www.fiemg.com.br\/sesi-cultura\/wp-content\/uploads\/sites\/28\/2023\/07\/c9ad3694bc4b55cd4122ecb4f642908e0db018c961170f51099c6ab6212d879c-300x122.jpg 300w, https:\/\/www.fiemg.com.br\/sesi-cultura\/wp-content\/uploads\/sites\/28\/2023\/07\/c9ad3694bc4b55cd4122ecb4f642908e0db018c961170f51099c6ab6212d879c-768x311.jpg 768w\" sizes=\"(max-width: 800px) 100vw, 800px\" \/>\t\t\t\t\t\t\t\t<\/a>\n\t\t\t\t\t\t\t\t\t\t\t\t\t\t\t<\/div>\n\t\t\t\t<\/div>\n\t\t\t\t<div class=\"elementor-element elementor-element-b891ead elementor-align-justify elementor-widget elementor-widget-button\" data-id=\"b891ead\" data-element_type=\"widget\" data-widget_type=\"button.default\">\n\t\t\t\t<div class=\"elementor-widget-container\">\n\t\t\t\t\t\t\t\t\t<div class=\"elementor-button-wrapper\">\n\t\t\t\t\t<a class=\"elementor-button elementor-button-link elementor-size-sm\" href=\"\/sesi-cultra\/centro-cultural-sesiminas-bh\/\">\n\t\t\t\t\t\t<span class=\"elementor-button-content-wrapper\">\n\t\t\t\t\t\t<span class=\"elementor-button-icon\">\n\t\t\t\t<i aria-hidden=\"true\" class=\"fas fa-caret-right\"><\/i>\t\t\t<\/span>\n\t\t\t\t\t\t\t\t\t<span class=\"elementor-button-text\">Centro cultural SESIMINAS BH<\/span>\n\t\t\t\t\t<\/span>\n\t\t\t\t\t<\/a>\n\t\t\t\t<\/div>\n\t\t\t\t\t\t\t\t<\/div>\n\t\t\t\t<\/div>\n\t\t\t\t\t<\/div>\n\t\t<\/div>\n\t\t\t\t<div class=\"has_ae_slider elementor-column elementor-col-33 elementor-inner-column elementor-element elementor-element-0307e7f ae-bg-gallery-type-default\" data-id=\"0307e7f\" data-element_type=\"column\" data-settings=\"{&quot;background_background&quot;:&quot;classic&quot;}\">\n\t\t\t<div class=\"elementor-widget-wrap elementor-element-populated\">\n\t\t\t\t\t\t<div class=\"elementor-element elementor-element-fff9afe elementor-widget elementor-widget-image\" data-id=\"fff9afe\" data-element_type=\"widget\" data-widget_type=\"image.default\">\n\t\t\t\t<div class=\"elementor-widget-container\">\n\t\t\t\t\t\t\t\t\t\t\t\t\t\t\t\t<a href=\"\/sesi-cultra\/centro-cultural-sesiminas-uberaba\/\">\n\t\t\t\t\t\t\t<img decoding=\"async\" width=\"800\" height=\"324\" src=\"https:\/\/www.fiemg.com.br\/sesi-cultura\/wp-content\/uploads\/sites\/28\/2023\/07\/16dfd00b23c385ce198b0dac8d490ee6f44a95f9720f0e1c9b5c7008de68bff3.jpg\" class=\"attachment-large size-large wp-image-3065\" alt=\"\" srcset=\"https:\/\/www.fiemg.com.br\/sesi-cultura\/wp-content\/uploads\/sites\/28\/2023\/07\/16dfd00b23c385ce198b0dac8d490ee6f44a95f9720f0e1c9b5c7008de68bff3.jpg 950w, https:\/\/www.fiemg.com.br\/sesi-cultura\/wp-content\/uploads\/sites\/28\/2023\/07\/16dfd00b23c385ce198b0dac8d490ee6f44a95f9720f0e1c9b5c7008de68bff3-300x122.jpg 300w, https:\/\/www.fiemg.com.br\/sesi-cultura\/wp-content\/uploads\/sites\/28\/2023\/07\/16dfd00b23c385ce198b0dac8d490ee6f44a95f9720f0e1c9b5c7008de68bff3-768x311.jpg 768w\" sizes=\"(max-width: 800px) 100vw, 800px\" \/>\t\t\t\t\t\t\t\t<\/a>\n\t\t\t\t\t\t\t\t\t\t\t\t\t\t\t<\/div>\n\t\t\t\t<\/div>\n\t\t\t\t<div class=\"elementor-element elementor-element-13be18a elementor-align-justify elementor-widget elementor-widget-button\" data-id=\"13be18a\" data-element_type=\"widget\" data-widget_type=\"button.default\">\n\t\t\t\t<div class=\"elementor-widget-container\">\n\t\t\t\t\t\t\t\t\t<div class=\"elementor-button-wrapper\">\n\t\t\t\t\t<a class=\"elementor-button elementor-button-link elementor-size-sm\" href=\"\/sesi-cultra\/centro-cultural-sesiminas-uberaba\/\">\n\t\t\t\t\t\t<span class=\"elementor-button-content-wrapper\">\n\t\t\t\t\t\t<span class=\"elementor-button-icon\">\n\t\t\t\t<i aria-hidden=\"true\" class=\"fas fa-caret-right\"><\/i>\t\t\t<\/span>\n\t\t\t\t\t\t\t\t\t<span class=\"elementor-button-text\">CENTRO CULTURAL SESIMINAS UBERABA<\/span>\n\t\t\t\t\t<\/span>\n\t\t\t\t\t<\/a>\n\t\t\t\t<\/div>\n\t\t\t\t\t\t\t\t<\/div>\n\t\t\t\t<\/div>\n\t\t\t\t\t<\/div>\n\t\t<\/div>\n\t\t\t\t<div class=\"has_ae_slider elementor-column elementor-col-33 elementor-inner-column elementor-element elementor-element-57f8c57 ae-bg-gallery-type-default\" data-id=\"57f8c57\" data-element_type=\"column\" data-settings=\"{&quot;background_background&quot;:&quot;classic&quot;}\">\n\t\t\t<div class=\"elementor-widget-wrap elementor-element-populated\">\n\t\t\t\t\t\t<div class=\"elementor-element elementor-element-82ae978 elementor-widget elementor-widget-image\" data-id=\"82ae978\" data-element_type=\"widget\" data-widget_type=\"image.default\">\n\t\t\t\t<div class=\"elementor-widget-container\">\n\t\t\t\t\t\t\t\t\t\t\t\t\t\t\t\t<a href=\"\/sesi-cultra\/sesi-museu-de-artes-e-oficios\/\">\n\t\t\t\t\t\t\t<img decoding=\"async\" src=\"https:\/\/www.fiemg.com.br\/sesi-cultra\/wp-content\/uploads\/sites\/28\/2023\/07\/9233fcc98743f69bb2655d20793abeaae5785bb70b82d16f82f216ddc6aae98b.jpg\" title=\"\" alt=\"\" loading=\"lazy\" \/>\t\t\t\t\t\t\t\t<\/a>\n\t\t\t\t\t\t\t\t\t\t\t\t\t\t\t<\/div>\n\t\t\t\t<\/div>\n\t\t\t\t<div class=\"elementor-element elementor-element-8d569ab elementor-align-justify elementor-widget elementor-widget-button\" data-id=\"8d569ab\" data-element_type=\"widget\" data-widget_type=\"button.default\">\n\t\t\t\t<div class=\"elementor-widget-container\">\n\t\t\t\t\t\t\t\t\t<div class=\"elementor-button-wrapper\">\n\t\t\t\t\t<a class=\"elementor-button elementor-button-link elementor-size-sm\" href=\"\/sesi-cultra\/sesi-museu-de-artes-e-oficios\/\">\n\t\t\t\t\t\t<span class=\"elementor-button-content-wrapper\">\n\t\t\t\t\t\t<span class=\"elementor-button-icon\">\n\t\t\t\t<i aria-hidden=\"true\" class=\"fas fa-caret-right\"><\/i>\t\t\t<\/span>\n\t\t\t\t\t\t\t\t\t<span class=\"elementor-button-text\">SESI MUSEU DE ARTES E OF\u00cdCIOS<\/span>\n\t\t\t\t\t<\/span>\n\t\t\t\t\t<\/a>\n\t\t\t\t<\/div>\n\t\t\t\t\t\t\t\t<\/div>\n\t\t\t\t<\/div>\n\t\t\t\t\t<\/div>\n\t\t<\/div>\n\t\t\t\t\t<\/div>\n\t\t<\/section>\n\t\t\t\t\t<\/div>\n\t\t<\/div>\n\t\t\t\t\t<\/div>\n\t\t<\/section>\n\t\t\t\t<\/div>\n\t\t","protected":false},"excerpt":{"rendered":"","protected":false},"author":1,"featured_media":3883,"parent":0,"menu_order":0,"comment_status":"closed","ping_status":"closed","template":"","meta":{"footnotes":""},"class_list":["post-3023","page","type-page","status-publish","has-post-thumbnail","hentry"],"acf":[],"yoast_head":"<!-- This site is optimized with the Yoast SEO plugin v26.2 - https:\/\/yoast.com\/wordpress\/plugins\/seo\/ -->\n<title>Sobre - SESI Cultura<\/title>\n<meta name=\"robots\" content=\"index, follow, max-snippet:-1, max-image-preview:large, max-video-preview:-1\" \/>\n<link rel=\"canonical\" href=\"https:\/\/www.fiemg.com.br\/sesi-cultura\/sobre\/\" \/>\n<meta property=\"og:locale\" content=\"pt_BR\" \/>\n<meta property=\"og:type\" content=\"article\" \/>\n<meta property=\"og:title\" content=\"Sobre - SESI Cultura\" \/>\n<meta property=\"og:url\" content=\"https:\/\/www.fiemg.com.br\/sesi-cultura\/sobre\/\" \/>\n<meta property=\"og:site_name\" content=\"SESI Cultura\" \/>\n<meta property=\"article:modified_time\" content=\"2023-10-20T19:04:22+00:00\" \/>\n<meta property=\"og:image\" content=\"https:\/\/www.fiemg.com.br\/sesi-cultura\/wp-content\/uploads\/sites\/28\/2023\/07\/602074a887b416ae4655e9ad6adf1c408db4925d8962d25d605a39b6ddce745b-1-e1689858775544.jpg\" \/>\n\t<meta property=\"og:image:width\" content=\"390\" \/>\n\t<meta property=\"og:image:height\" content=\"239\" \/>\n\t<meta property=\"og:image:type\" content=\"image\/jpeg\" \/>\n<meta name=\"twitter:card\" content=\"summary_large_image\" \/>\n<meta name=\"twitter:label1\" content=\"Est. tempo de leitura\" \/>\n\t<meta name=\"twitter:data1\" content=\"3 minutos\" \/>\n<script type=\"application\/ld+json\" class=\"yoast-schema-graph\">{\"@context\":\"https:\/\/schema.org\",\"@graph\":[{\"@type\":\"WebPage\",\"@id\":\"https:\/\/www.fiemg.com.br\/sesi-cultura\/sobre\/\",\"url\":\"https:\/\/www.fiemg.com.br\/sesi-cultura\/sobre\/\",\"name\":\"Sobre - SESI Cultura\",\"isPartOf\":{\"@id\":\"https:\/\/www.fiemg.com.br\/sesi-cultura\/#website\"},\"primaryImageOfPage\":{\"@id\":\"https:\/\/www.fiemg.com.br\/sesi-cultura\/sobre\/#primaryimage\"},\"image\":{\"@id\":\"https:\/\/www.fiemg.com.br\/sesi-cultura\/sobre\/#primaryimage\"},\"thumbnailUrl\":\"https:\/\/www.fiemg.com.br\/sesi-cultura\/wp-content\/uploads\/sites\/28\/2023\/07\/602074a887b416ae4655e9ad6adf1c408db4925d8962d25d605a39b6ddce745b-1-e1689858775544.jpg\",\"datePublished\":\"2023-07-11T13:33:31+00:00\",\"dateModified\":\"2023-10-20T19:04:22+00:00\",\"breadcrumb\":{\"@id\":\"https:\/\/www.fiemg.com.br\/sesi-cultura\/sobre\/#breadcrumb\"},\"inLanguage\":\"pt-BR\",\"potentialAction\":[{\"@type\":\"ReadAction\",\"target\":[\"https:\/\/www.fiemg.com.br\/sesi-cultura\/sobre\/\"]}]},{\"@type\":\"ImageObject\",\"inLanguage\":\"pt-BR\",\"@id\":\"https:\/\/www.fiemg.com.br\/sesi-cultura\/sobre\/#primaryimage\",\"url\":\"https:\/\/www.fiemg.com.br\/sesi-cultura\/wp-content\/uploads\/sites\/28\/2023\/07\/602074a887b416ae4655e9ad6adf1c408db4925d8962d25d605a39b6ddce745b-1-e1689858775544.jpg\",\"contentUrl\":\"https:\/\/www.fiemg.com.br\/sesi-cultura\/wp-content\/uploads\/sites\/28\/2023\/07\/602074a887b416ae4655e9ad6adf1c408db4925d8962d25d605a39b6ddce745b-1-e1689858775544.jpg\",\"width\":390,\"height\":239},{\"@type\":\"BreadcrumbList\",\"@id\":\"https:\/\/www.fiemg.com.br\/sesi-cultura\/sobre\/#breadcrumb\",\"itemListElement\":[{\"@type\":\"ListItem\",\"position\":1,\"name\":\"In\u00edcio\",\"item\":\"https:\/\/www.fiemg.com.br\/sesi-cultura\/\"},{\"@type\":\"ListItem\",\"position\":2,\"name\":\"Sobre\"}]},{\"@type\":\"WebSite\",\"@id\":\"https:\/\/www.fiemg.com.br\/sesi-cultura\/#website\",\"url\":\"https:\/\/www.fiemg.com.br\/sesi-cultura\/\",\"name\":\"SESI Cultura\",\"description\":\"Federa\u00e7\u00e3o das Ind\u00fastrias do Estado de Minas Gerais\",\"publisher\":{\"@id\":\"https:\/\/www.fiemg.com.br\/sesi-cultura\/#organization\"},\"potentialAction\":[{\"@type\":\"SearchAction\",\"target\":{\"@type\":\"EntryPoint\",\"urlTemplate\":\"https:\/\/www.fiemg.com.br\/sesi-cultura\/?s={search_term_string}\"},\"query-input\":{\"@type\":\"PropertyValueSpecification\",\"valueRequired\":true,\"valueName\":\"search_term_string\"}}],\"inLanguage\":\"pt-BR\"},{\"@type\":\"Organization\",\"@id\":\"https:\/\/www.fiemg.com.br\/sesi-cultura\/#organization\",\"name\":\"SESI Cultura\",\"url\":\"https:\/\/www.fiemg.com.br\/sesi-cultura\/\",\"logo\":{\"@type\":\"ImageObject\",\"inLanguage\":\"pt-BR\",\"@id\":\"https:\/\/www.fiemg.com.br\/sesi-cultura\/#\/schema\/logo\/image\/\",\"url\":\"https:\/\/www.fiemg.com.br\/sesi-cultura\/wp-content\/uploads\/sites\/28\/2023\/02\/LO000325_SESI_CULTURA_NOVA_LOGO_BRANCO_site_1.png\",\"contentUrl\":\"https:\/\/www.fiemg.com.br\/sesi-cultura\/wp-content\/uploads\/sites\/28\/2023\/02\/LO000325_SESI_CULTURA_NOVA_LOGO_BRANCO_site_1.png\",\"width\":394,\"height\":168,\"caption\":\"SESI Cultura\"},\"image\":{\"@id\":\"https:\/\/www.fiemg.com.br\/sesi-cultura\/#\/schema\/logo\/image\/\"}}]}<\/script>\n<!-- \/ Yoast SEO plugin. -->","yoast_head_json":{"title":"Sobre - SESI Cultura","robots":{"index":"index","follow":"follow","max-snippet":"max-snippet:-1","max-image-preview":"max-image-preview:large","max-video-preview":"max-video-preview:-1"},"canonical":"https:\/\/www.fiemg.com.br\/sesi-cultura\/sobre\/","og_locale":"pt_BR","og_type":"article","og_title":"Sobre - SESI Cultura","og_url":"https:\/\/www.fiemg.com.br\/sesi-cultura\/sobre\/","og_site_name":"SESI Cultura","article_modified_time":"2023-10-20T19:04:22+00:00","og_image":[{"width":390,"height":239,"url":"https:\/\/www.fiemg.com.br\/sesi-cultura\/wp-content\/uploads\/sites\/28\/2023\/07\/602074a887b416ae4655e9ad6adf1c408db4925d8962d25d605a39b6ddce745b-1-e1689858775544.jpg","type":"image\/jpeg"}],"twitter_card":"summary_large_image","twitter_misc":{"Est. tempo de leitura":"3 minutos"},"schema":{"@context":"https:\/\/schema.org","@graph":[{"@type":"WebPage","@id":"https:\/\/www.fiemg.com.br\/sesi-cultura\/sobre\/","url":"https:\/\/www.fiemg.com.br\/sesi-cultura\/sobre\/","name":"Sobre - SESI Cultura","isPartOf":{"@id":"https:\/\/www.fiemg.com.br\/sesi-cultura\/#website"},"primaryImageOfPage":{"@id":"https:\/\/www.fiemg.com.br\/sesi-cultura\/sobre\/#primaryimage"},"image":{"@id":"https:\/\/www.fiemg.com.br\/sesi-cultura\/sobre\/#primaryimage"},"thumbnailUrl":"https:\/\/www.fiemg.com.br\/sesi-cultura\/wp-content\/uploads\/sites\/28\/2023\/07\/602074a887b416ae4655e9ad6adf1c408db4925d8962d25d605a39b6ddce745b-1-e1689858775544.jpg","datePublished":"2023-07-11T13:33:31+00:00","dateModified":"2023-10-20T19:04:22+00:00","breadcrumb":{"@id":"https:\/\/www.fiemg.com.br\/sesi-cultura\/sobre\/#breadcrumb"},"inLanguage":"pt-BR","potentialAction":[{"@type":"ReadAction","target":["https:\/\/www.fiemg.com.br\/sesi-cultura\/sobre\/"]}]},{"@type":"ImageObject","inLanguage":"pt-BR","@id":"https:\/\/www.fiemg.com.br\/sesi-cultura\/sobre\/#primaryimage","url":"https:\/\/www.fiemg.com.br\/sesi-cultura\/wp-content\/uploads\/sites\/28\/2023\/07\/602074a887b416ae4655e9ad6adf1c408db4925d8962d25d605a39b6ddce745b-1-e1689858775544.jpg","contentUrl":"https:\/\/www.fiemg.com.br\/sesi-cultura\/wp-content\/uploads\/sites\/28\/2023\/07\/602074a887b416ae4655e9ad6adf1c408db4925d8962d25d605a39b6ddce745b-1-e1689858775544.jpg","width":390,"height":239},{"@type":"BreadcrumbList","@id":"https:\/\/www.fiemg.com.br\/sesi-cultura\/sobre\/#breadcrumb","itemListElement":[{"@type":"ListItem","position":1,"name":"In\u00edcio","item":"https:\/\/www.fiemg.com.br\/sesi-cultura\/"},{"@type":"ListItem","position":2,"name":"Sobre"}]},{"@type":"WebSite","@id":"https:\/\/www.fiemg.com.br\/sesi-cultura\/#website","url":"https:\/\/www.fiemg.com.br\/sesi-cultura\/","name":"SESI Cultura","description":"Federa\u00e7\u00e3o das Ind\u00fastrias do Estado de Minas Gerais","publisher":{"@id":"https:\/\/www.fiemg.com.br\/sesi-cultura\/#organization"},"potentialAction":[{"@type":"SearchAction","target":{"@type":"EntryPoint","urlTemplate":"https:\/\/www.fiemg.com.br\/sesi-cultura\/?s={search_term_string}"},"query-input":{"@type":"PropertyValueSpecification","valueRequired":true,"valueName":"search_term_string"}}],"inLanguage":"pt-BR"},{"@type":"Organization","@id":"https:\/\/www.fiemg.com.br\/sesi-cultura\/#organization","name":"SESI Cultura","url":"https:\/\/www.fiemg.com.br\/sesi-cultura\/","logo":{"@type":"ImageObject","inLanguage":"pt-BR","@id":"https:\/\/www.fiemg.com.br\/sesi-cultura\/#\/schema\/logo\/image\/","url":"https:\/\/www.fiemg.com.br\/sesi-cultura\/wp-content\/uploads\/sites\/28\/2023\/02\/LO000325_SESI_CULTURA_NOVA_LOGO_BRANCO_site_1.png","contentUrl":"https:\/\/www.fiemg.com.br\/sesi-cultura\/wp-content\/uploads\/sites\/28\/2023\/02\/LO000325_SESI_CULTURA_NOVA_LOGO_BRANCO_site_1.png","width":394,"height":168,"caption":"SESI Cultura"},"image":{"@id":"https:\/\/www.fiemg.com.br\/sesi-cultura\/#\/schema\/logo\/image\/"}}]}},"_links":{"self":[{"href":"https:\/\/www.fiemg.com.br\/sesi-cultura\/wp-json\/wp\/v2\/pages\/3023","targetHints":{"allow":["GET"]}}],"collection":[{"href":"https:\/\/www.fiemg.com.br\/sesi-cultura\/wp-json\/wp\/v2\/pages"}],"about":[{"href":"https:\/\/www.fiemg.com.br\/sesi-cultura\/wp-json\/wp\/v2\/types\/page"}],"author":[{"embeddable":true,"href":"https:\/\/www.fiemg.com.br\/sesi-cultura\/wp-json\/wp\/v2\/users\/1"}],"replies":[{"embeddable":true,"href":"https:\/\/www.fiemg.com.br\/sesi-cultura\/wp-json\/wp\/v2\/comments?post=3023"}],"version-history":[{"count":0,"href":"https:\/\/www.fiemg.com.br\/sesi-cultura\/wp-json\/wp\/v2\/pages\/3023\/revisions"}],"wp:featuredmedia":[{"embeddable":true,"href":"https:\/\/www.fiemg.com.br\/sesi-cultura\/wp-json\/wp\/v2\/media\/3883"}],"wp:attachment":[{"href":"https:\/\/www.fiemg.com.br\/sesi-cultura\/wp-json\/wp\/v2\/media?parent=3023"}],"curies":[{"name":"wp","href":"https:\/\/api.w.org\/{rel}","templated":true}]}}